{"id":278,"date":"2016-06-21T12:29:59","date_gmt":"2016-06-21T12:29:59","guid":{"rendered":"http:\/\/demo.opus.ee\/projects\/veeohutus\/www\/?page_id=278"},"modified":"2019-09-04T08:53:49","modified_gmt":"2019-09-04T05:53:49","slug":"vettehupped-on-ohtlikud","status":"publish","type":"page","link":"https:\/\/veeohutus.ee\/suvi\/vettehupped-on-ohtlikud\/","title":{"rendered":"Vetteh\u00fcpped on ohtlikud"},"content":{"rendered":"<h2>Vetteh\u00fcpped tundmatus kohas on alati ohtlikud, sest me ei tea kunagi, mis tegelikult vee all on.<\/h2>\n<p>Vee all v\u00f5ib peituda rohkelt ohte, mida pole v\u00f5imalik ette n\u00e4ha, n\u00e4iteks:<\/p>\n<ul>\n<li>Vette v\u00f5ib olla loobitud kive ja ohtlikke esemeid;<\/li>\n<li>Ka tuttavas kohas v\u00f5ib pinnavorm olla aastatega muutunud;<\/li>\n<li>Vee tase v\u00f5ib olla kuumuse v\u00f5i m\u00f5ne muu p\u00f5hjuse tagaj\u00e4rjel langenud.<\/li>\n<\/ul>\n<p>&nbsp;<\/p>\n<p><strong>Tagaj\u00e4rjed v\u00f5ivad \u00f5nnetul vetteh\u00fcppel olla v\u00e4ga t\u00f5sised.<\/strong><\/p>\n<p><iframe loading=\"lazy\" src=\"https:\/\/www.youtube.com\/embed\/2CQJvRKB8MQ?list=PLXqfEWtALYhePDIWKcQxq-VDpEradxpSB\" width=\"560\" height=\"315\" frameborder=\"0\" allowfullscreen=\"allowfullscreen\"><\/iframe><\/p>\n<p><iframe loading=\"lazy\" src=\"https:\/\/www.youtube.com\/embed\/YoTAjBzygJw?list=PLXqfEWtALYhePDIWKcQxq-VDpEradxpSB\" width=\"560\" height=\"315\" frameborder=\"0\" allowfullscreen=\"allowfullscreen\"><\/iframe><\/p>\n","protected":false},"excerpt":{"rendered":"<p>Vetteh\u00fcpped tundmatus kohas on alati ohtlikud, sest me ei tea kunagi, mis tegelikult vee all on. Vee all v\u00f5ib peituda rohkelt ohte, mida pole v\u00f5imalik ette n\u00e4ha, n\u00e4iteks: Vette v\u00f5ib olla loobitud kive ja ohtlikke esemeid; Ka tuttavas kohas v\u00f5ib pinnavorm olla aastatega muutunud; Vee tase v\u00f5ib olla kuumuse v\u00f5i m\u00f5ne muu p\u00f5hjuse tagaj\u00e4rjel langenud&#8230;.  <a class=\"excerpt-read-more\" href=\"https:\/\/veeohutus.ee\/suvi\/vettehupped-on-ohtlikud\/\" title=\"Read Vetteh\u00fcpped on ohtlikud\">Read more<\/a><\/p>\n","protected":false},"author":2,"featured_media":734,"parent":0,"menu_order":11,"comment_status":"closed","ping_status":"closed","template":"","meta":{"_acf_changed":false,"footnotes":""},"class_list":["post-278","page","type-page","status-publish","has-post-thumbnail","hentry"],"acf":[],"yoast_head":"<!-- This site is optimized with the Yoast SEO plugin v26.7 - https:\/\/yoast.com\/wordpress\/plugins\/seo\/ -->\n<title>Vetteh\u00fcpped on ohtlikud - P\u00e4\u00e4steamet - Veeohutus<\/title>\n<meta name=\"description\" content=\"Vetteh\u00fcpped tundmatus kohas on alati ohtlikud, sest me ei tea kunagi, mis tegelikult vee all on. Tagaj\u00e4rjed v\u00f5ivad \u00f5nnetul vetteh\u00fcppel olla v\u00e4ga t\u00f5sised.\" \/>\n<meta name=\"robots\" content=\"index, follow, max-snippet:-1, max-image-preview:large, max-video-preview:-1\" \/>\n<link rel=\"canonical\" href=\"https:\/\/veeohutus.ee\/suvi\/vettehupped-on-ohtlikud\/\" \/>\n<meta property=\"og:locale\" content=\"et_EE\" \/>\n<meta property=\"og:type\" content=\"article\" \/>\n<meta property=\"og:title\" content=\"Vetteh\u00fcpped on ohtlikud - P\u00e4\u00e4steamet - Veeohutus\" \/>\n<meta property=\"og:description\" content=\"Vetteh\u00fcpped tundmatus kohas on alati ohtlikud, sest me ei tea kunagi, mis tegelikult vee all on. Tagaj\u00e4rjed v\u00f5ivad \u00f5nnetul vetteh\u00fcppel olla v\u00e4ga t\u00f5sised.\" \/>\n<meta property=\"og:url\" content=\"https:\/\/veeohutus.ee\/suvi\/vettehupped-on-ohtlikud\/\" \/>\n<meta property=\"og:site_name\" content=\"Veeohutus - Suvi - tule uuri, kuidas ennetada ja aidata - P\u00e4\u00e4steamet\" \/>\n<meta property=\"article:modified_time\" content=\"2019-09-04T05:53:49+00:00\" \/>\n<meta property=\"og:image\" content=\"https:\/\/veeohutus.ee\/suvi\/wp-content\/uploads\/2016\/06\/vetteh\u00fcpe-1.jpg\" \/>\n\t<meta property=\"og:image:width\" content=\"847\" \/>\n\t<meta property=\"og:image:height\" content=\"567\" \/>\n\t<meta property=\"og:image:type\" content=\"image\/jpeg\" \/>\n<meta name=\"twitter:card\" content=\"summary_large_image\" \/>\n<script type=\"application\/ld+json\" class=\"yoast-schema-graph\">{\"@context\":\"https:\/\/schema.org\",\"@graph\":[{\"@type\":\"WebPage\",\"@id\":\"https:\/\/veeohutus.ee\/suvi\/vettehupped-on-ohtlikud\/\",\"url\":\"https:\/\/veeohutus.ee\/suvi\/vettehupped-on-ohtlikud\/\",\"name\":\"Vetteh\u00fcpped on ohtlikud - P\u00e4\u00e4steamet - Veeohutus\",\"isPartOf\":{\"@id\":\"https:\/\/veeohutus.ee\/suvi\/#website\"},\"primaryImageOfPage\":{\"@id\":\"https:\/\/veeohutus.ee\/suvi\/vettehupped-on-ohtlikud\/#primaryimage\"},\"image\":{\"@id\":\"https:\/\/veeohutus.ee\/suvi\/vettehupped-on-ohtlikud\/#primaryimage\"},\"thumbnailUrl\":\"https:\/\/veeohutus.ee\/suvi\/wp-content\/uploads\/2016\/06\/vetteh\u00fcpe-1.jpg\",\"datePublished\":\"2016-06-21T12:29:59+00:00\",\"dateModified\":\"2019-09-04T05:53:49+00:00\",\"description\":\"Vetteh\u00fcpped tundmatus kohas on alati ohtlikud, sest me ei tea kunagi, mis tegelikult vee all on. Tagaj\u00e4rjed v\u00f5ivad \u00f5nnetul vetteh\u00fcppel olla v\u00e4ga t\u00f5sised.\",\"breadcrumb\":{\"@id\":\"https:\/\/veeohutus.ee\/suvi\/vettehupped-on-ohtlikud\/#breadcrumb\"},\"inLanguage\":\"et\",\"potentialAction\":[{\"@type\":\"ReadAction\",\"target\":[\"https:\/\/veeohutus.ee\/suvi\/vettehupped-on-ohtlikud\/\"]}]},{\"@type\":\"ImageObject\",\"inLanguage\":\"et\",\"@id\":\"https:\/\/veeohutus.ee\/suvi\/vettehupped-on-ohtlikud\/#primaryimage\",\"url\":\"https:\/\/veeohutus.ee\/suvi\/wp-content\/uploads\/2016\/06\/vetteh\u00fcpe-1.jpg\",\"contentUrl\":\"https:\/\/veeohutus.ee\/suvi\/wp-content\/uploads\/2016\/06\/vetteh\u00fcpe-1.jpg\",\"width\":847,\"height\":567},{\"@type\":\"BreadcrumbList\",\"@id\":\"https:\/\/veeohutus.ee\/suvi\/vettehupped-on-ohtlikud\/#breadcrumb\",\"itemListElement\":[{\"@type\":\"ListItem\",\"position\":1,\"name\":\"Home\",\"item\":\"https:\/\/veeohutus.ee\/suvi\/\"},{\"@type\":\"ListItem\",\"position\":2,\"name\":\"Vetteh\u00fcpped on ohtlikud\"}]},{\"@type\":\"WebSite\",\"@id\":\"https:\/\/veeohutus.ee\/suvi\/#website\",\"url\":\"https:\/\/veeohutus.ee\/suvi\/\",\"name\":\"Veeohutus - Suvi - tule uuri, kuidas ennetada ja aidata - P\u00e4\u00e4steamet\",\"description\":\"P\u00e4\u00e4steamet - Veeohutus\",\"potentialAction\":[{\"@type\":\"SearchAction\",\"target\":{\"@type\":\"EntryPoint\",\"urlTemplate\":\"https:\/\/veeohutus.ee\/suvi\/?s={search_term_string}\"},\"query-input\":{\"@type\":\"PropertyValueSpecification\",\"valueRequired\":true,\"valueName\":\"search_term_string\"}}],\"inLanguage\":\"et\"}]}<\/script>\n<!-- \/ Yoast SEO plugin. -->","yoast_head_json":{"title":"Vetteh\u00fcpped on ohtlikud - P\u00e4\u00e4steamet - Veeohutus","description":"Vetteh\u00fcpped tundmatus kohas on alati ohtlikud, sest me ei tea kunagi, mis tegelikult vee all on. Tagaj\u00e4rjed v\u00f5ivad \u00f5nnetul vetteh\u00fcppel olla v\u00e4ga t\u00f5sised.","robots":{"index":"index","follow":"follow","max-snippet":"max-snippet:-1","max-image-preview":"max-image-preview:large","max-video-preview":"max-video-preview:-1"},"canonical":"https:\/\/veeohutus.ee\/suvi\/vettehupped-on-ohtlikud\/","og_locale":"et_EE","og_type":"article","og_title":"Vetteh\u00fcpped on ohtlikud - P\u00e4\u00e4steamet - Veeohutus","og_description":"Vetteh\u00fcpped tundmatus kohas on alati ohtlikud, sest me ei tea kunagi, mis tegelikult vee all on. Tagaj\u00e4rjed v\u00f5ivad \u00f5nnetul vetteh\u00fcppel olla v\u00e4ga t\u00f5sised.","og_url":"https:\/\/veeohutus.ee\/suvi\/vettehupped-on-ohtlikud\/","og_site_name":"Veeohutus - Suvi - tule uuri, kuidas ennetada ja aidata - P\u00e4\u00e4steamet","article_modified_time":"2019-09-04T05:53:49+00:00","og_image":[{"width":847,"height":567,"url":"https:\/\/veeohutus.ee\/suvi\/wp-content\/uploads\/2016\/06\/vetteh\u00fcpe-1.jpg","type":"image\/jpeg"}],"twitter_card":"summary_large_image","schema":{"@context":"https:\/\/schema.org","@graph":[{"@type":"WebPage","@id":"https:\/\/veeohutus.ee\/suvi\/vettehupped-on-ohtlikud\/","url":"https:\/\/veeohutus.ee\/suvi\/vettehupped-on-ohtlikud\/","name":"Vetteh\u00fcpped on ohtlikud - P\u00e4\u00e4steamet - Veeohutus","isPartOf":{"@id":"https:\/\/veeohutus.ee\/suvi\/#website"},"primaryImageOfPage":{"@id":"https:\/\/veeohutus.ee\/suvi\/vettehupped-on-ohtlikud\/#primaryimage"},"image":{"@id":"https:\/\/veeohutus.ee\/suvi\/vettehupped-on-ohtlikud\/#primaryimage"},"thumbnailUrl":"https:\/\/veeohutus.ee\/suvi\/wp-content\/uploads\/2016\/06\/vetteh\u00fcpe-1.jpg","datePublished":"2016-06-21T12:29:59+00:00","dateModified":"2019-09-04T05:53:49+00:00","description":"Vetteh\u00fcpped tundmatus kohas on alati ohtlikud, sest me ei tea kunagi, mis tegelikult vee all on. Tagaj\u00e4rjed v\u00f5ivad \u00f5nnetul vetteh\u00fcppel olla v\u00e4ga t\u00f5sised.","breadcrumb":{"@id":"https:\/\/veeohutus.ee\/suvi\/vettehupped-on-ohtlikud\/#breadcrumb"},"inLanguage":"et","potentialAction":[{"@type":"ReadAction","target":["https:\/\/veeohutus.ee\/suvi\/vettehupped-on-ohtlikud\/"]}]},{"@type":"ImageObject","inLanguage":"et","@id":"https:\/\/veeohutus.ee\/suvi\/vettehupped-on-ohtlikud\/#primaryimage","url":"https:\/\/veeohutus.ee\/suvi\/wp-content\/uploads\/2016\/06\/vetteh\u00fcpe-1.jpg","contentUrl":"https:\/\/veeohutus.ee\/suvi\/wp-content\/uploads\/2016\/06\/vetteh\u00fcpe-1.jpg","width":847,"height":567},{"@type":"BreadcrumbList","@id":"https:\/\/veeohutus.ee\/suvi\/vettehupped-on-ohtlikud\/#breadcrumb","itemListElement":[{"@type":"ListItem","position":1,"name":"Home","item":"https:\/\/veeohutus.ee\/suvi\/"},{"@type":"ListItem","position":2,"name":"Vetteh\u00fcpped on ohtlikud"}]},{"@type":"WebSite","@id":"https:\/\/veeohutus.ee\/suvi\/#website","url":"https:\/\/veeohutus.ee\/suvi\/","name":"Veeohutus - Suvi - tule uuri, kuidas ennetada ja aidata - P\u00e4\u00e4steamet","description":"P\u00e4\u00e4steamet - Veeohutus","potentialAction":[{"@type":"SearchAction","target":{"@type":"EntryPoint","urlTemplate":"https:\/\/veeohutus.ee\/suvi\/?s={search_term_string}"},"query-input":{"@type":"PropertyValueSpecification","valueRequired":true,"valueName":"search_term_string"}}],"inLanguage":"et"}]}},"_links":{"self":[{"href":"https:\/\/veeohutus.ee\/suvi\/wp-json\/wp\/v2\/pages\/278","targetHints":{"allow":["GET"]}}],"collection":[{"href":"https:\/\/veeohutus.ee\/suvi\/wp-json\/wp\/v2\/pages"}],"about":[{"href":"https:\/\/veeohutus.ee\/suvi\/wp-json\/wp\/v2\/types\/page"}],"author":[{"embeddable":true,"href":"https:\/\/veeohutus.ee\/suvi\/wp-json\/wp\/v2\/users\/2"}],"replies":[{"embeddable":true,"href":"https:\/\/veeohutus.ee\/suvi\/wp-json\/wp\/v2\/comments?post=278"}],"version-history":[{"count":15,"href":"https:\/\/veeohutus.ee\/suvi\/wp-json\/wp\/v2\/pages\/278\/revisions"}],"predecessor-version":[{"id":2810,"href":"https:\/\/veeohutus.ee\/suvi\/wp-json\/wp\/v2\/pages\/278\/revisions\/2810"}],"wp:featuredmedia":[{"embeddable":true,"href":"https:\/\/veeohutus.ee\/suvi\/wp-json\/wp\/v2\/media\/734"}],"wp:attachment":[{"href":"https:\/\/veeohutus.ee\/suvi\/wp-json\/wp\/v2\/media?parent=278"}],"curies":[{"name":"wp","href":"https:\/\/api.w.org\/{rel}","templated":true}]}}