{"id":284,"date":"2016-06-22T09:46:39","date_gmt":"2016-06-22T09:46:39","guid":{"rendered":"http:\/\/demo.opus.ee\/projects\/veeohutus\/www\/?page_id=284"},"modified":"2018-08-22T09:52:21","modified_gmt":"2018-08-22T06:52:21","slug":"paastevahendite-kasutamine","status":"publish","type":"page","link":"https:\/\/veeohutus.ee\/suvi\/paastevahendite-kasutamine\/","title":{"rendered":"P\u00e4\u00e4stevahendite kasutamine"},"content":{"rendered":"<h2>Kui p\u00e4\u00e4stevahendid on l\u00e4heduses<\/h2>\n<p>&nbsp;<\/p>\n<p>Kui leiad, et h\u00e4dasolija abistamine on Sulle j\u00f5ukohane, siis esmalt vaata, kas l\u00e4heduses on olemas p\u00e4\u00e4stevahendid: p\u00e4\u00e4ster\u00f5ngas ja viskeliin &#8211; need on parimad abivahendid h\u00e4dasolija p\u00e4\u00e4stmiseks.<\/p>\n<h4>Kasuta neid nii:<\/h4>\n<p><iframe loading=\"lazy\" src=\"https:\/\/www.youtube.com\/embed\/JbpHawUbsOA?list=PLXqfEWtALYhePDIWKcQxq-VDpEradxpSB\" width=\"560\" height=\"315\" frameborder=\"0\" allowfullscreen=\"allowfullscreen\"><\/iframe><\/p>\n<ul>\n<li>Enne viset v\u00f5ta viskeliini olemasolul selle k\u00e4epide v\u00f5i k\u00f6ieots n\u00f5rgemasse k\u00e4tte ja \u00e4ra lase enam haardest lahti.<\/li>\n<li>Kui h\u00e4dasolija on kaugemal, jaksad kahe k\u00e4ega paremini visata, selleks astua jalaga k\u00f6ieotsale v\u00f5i viskeliini k\u00e4epidemele.<\/li>\n<li>V\u00f5ta hoogu ja viska p\u00e4\u00e4ster\u00f5ngas h\u00e4dasolija haarde ulatusse.<\/li>\n<li>P\u00fc\u00fca teda mitte tabada, et v\u00e4ltida lisavigastusi.<\/li>\n<li>T\u00f5mba h\u00e4dasolija kaldale, kuid \u00e4ra puuduta teda enne, kui ta on kindlalt kuival maal.<\/li>\n<\/ul>\n<h2>Kui p\u00e4\u00e4stevahendeid l\u00e4heduses ei ole<\/h2>\n<p style=\"text-align: justify;\">Kui spetsiaalseid p\u00e4\u00e4stevahendeid k\u00e4eulatuses ei ole, siis tuleb improviseerida. Kindlasti on v\u00f5imalik leida midagi, mida kannatanule ulatada. T\u00e4htis on, et h\u00e4dasolija ja abistaja vahele peab alati j\u00e4\u00e4ma m\u00f5ni ese.Uppuja j\u00f5ud on meeletu ja ta klammerdub p\u00e4\u00e4stma tulnud inimese k\u00fclge nii meeleheitlikult, et seab ka abistaja elu ohtu.<\/p>\n<h4>Vajadusel sobib p\u00e4\u00e4stevahendiks:<\/h4>\n<ul>\n<li>Puuoks<\/li>\n<li>Rannalina<\/li>\n<li>P\u00fcksid<\/li>\n<li>V\u00f6\u00f6<\/li>\n<li>Aer<\/li>\n<li>V\u00f5i \u00fcksk\u00f5ik milline muu vahend, mida saab kannatanule ulatada<\/li>\n<\/ul>\n","protected":false},"excerpt":{"rendered":"<p>Kui p\u00e4\u00e4stevahendid on l\u00e4heduses &nbsp; Kui leiad, et h\u00e4dasolija abistamine on Sulle j\u00f5ukohane, siis esmalt vaata, kas l\u00e4heduses on olemas p\u00e4\u00e4stevahendid: p\u00e4\u00e4ster\u00f5ngas ja viskeliin &#8211; need on parimad abivahendid h\u00e4dasolija p\u00e4\u00e4stmiseks. Kasuta neid nii: Enne viset v\u00f5ta viskeliini olemasolul selle k\u00e4epide v\u00f5i k\u00f6ieots n\u00f5rgemasse k\u00e4tte ja \u00e4ra lase enam haardest lahti. Kui h\u00e4dasolija on kaugemal,&#8230;  <a class=\"excerpt-read-more\" href=\"https:\/\/veeohutus.ee\/suvi\/paastevahendite-kasutamine\/\" title=\"Read P\u00e4\u00e4stevahendite kasutamine\">Read more<\/a><\/p>\n","protected":false},"author":2,"featured_media":751,"parent":0,"menu_order":14,"comment_status":"closed","ping_status":"closed","template":"","meta":{"_acf_changed":false,"footnotes":""},"class_list":["post-284","page","type-page","status-publish","has-post-thumbnail","hentry"],"acf":[],"yoast_head":"<!-- This site is optimized with the Yoast SEO plugin v26.7 - https:\/\/yoast.com\/wordpress\/plugins\/seo\/ -->\n<title>P\u00e4\u00e4stevahendite kasutamine - Veeohutus - Suvi - tule uuri, kuidas ennetada ja aidata - P\u00e4\u00e4steamet<\/title>\n<meta name=\"robots\" content=\"index, follow, max-snippet:-1, max-image-preview:large, max-video-preview:-1\" \/>\n<link rel=\"canonical\" href=\"https:\/\/veeohutus.ee\/suvi\/paastevahendite-kasutamine\/\" \/>\n<meta property=\"og:locale\" content=\"et_EE\" \/>\n<meta property=\"og:type\" content=\"article\" \/>\n<meta property=\"og:title\" content=\"P\u00e4\u00e4stevahendite kasutamine - Veeohutus - Suvi - tule uuri, kuidas ennetada ja aidata - P\u00e4\u00e4steamet\" \/>\n<meta property=\"og:description\" content=\"Kui p\u00e4\u00e4stevahendid on l\u00e4heduses &nbsp; Kui leiad, et h\u00e4dasolija abistamine on Sulle j\u00f5ukohane, siis esmalt vaata, kas l\u00e4heduses on olemas p\u00e4\u00e4stevahendid: p\u00e4\u00e4ster\u00f5ngas ja viskeliin &#8211; need on parimad abivahendid h\u00e4dasolija p\u00e4\u00e4stmiseks. Kasuta neid nii: Enne viset v\u00f5ta viskeliini olemasolul selle k\u00e4epide v\u00f5i k\u00f6ieots n\u00f5rgemasse k\u00e4tte ja \u00e4ra lase enam haardest lahti. Kui h\u00e4dasolija on kaugemal,... Read more\" \/>\n<meta property=\"og:url\" content=\"https:\/\/veeohutus.ee\/suvi\/paastevahendite-kasutamine\/\" \/>\n<meta property=\"og:site_name\" content=\"Veeohutus - Suvi - tule uuri, kuidas ennetada ja aidata - P\u00e4\u00e4steamet\" \/>\n<meta property=\"article:modified_time\" content=\"2018-08-22T06:52:21+00:00\" \/>\n<meta property=\"og:image\" content=\"https:\/\/veeohutus.ee\/suvi\/wp-content\/uploads\/2016\/06\/p\u00e4\u00e4ster\u00f5ngas.jpg\" \/>\n\t<meta property=\"og:image:width\" content=\"3000\" \/>\n\t<meta property=\"og:image:height\" content=\"2000\" \/>\n\t<meta property=\"og:image:type\" content=\"image\/jpeg\" \/>\n<meta name=\"twitter:card\" content=\"summary_large_image\" \/>\n<meta name=\"twitter:label1\" content=\"Est. reading time\" \/>\n\t<meta name=\"twitter:data1\" content=\"1 minut\" \/>\n<script type=\"application\/ld+json\" class=\"yoast-schema-graph\">{\"@context\":\"https:\/\/schema.org\",\"@graph\":[{\"@type\":\"WebPage\",\"@id\":\"https:\/\/veeohutus.ee\/suvi\/paastevahendite-kasutamine\/\",\"url\":\"https:\/\/veeohutus.ee\/suvi\/paastevahendite-kasutamine\/\",\"name\":\"P\u00e4\u00e4stevahendite kasutamine - Veeohutus - Suvi - tule uuri, kuidas ennetada ja aidata - P\u00e4\u00e4steamet\",\"isPartOf\":{\"@id\":\"https:\/\/veeohutus.ee\/suvi\/#website\"},\"primaryImageOfPage\":{\"@id\":\"https:\/\/veeohutus.ee\/suvi\/paastevahendite-kasutamine\/#primaryimage\"},\"image\":{\"@id\":\"https:\/\/veeohutus.ee\/suvi\/paastevahendite-kasutamine\/#primaryimage\"},\"thumbnailUrl\":\"https:\/\/veeohutus.ee\/suvi\/wp-content\/uploads\/2016\/06\/p\u00e4\u00e4ster\u00f5ngas.jpg\",\"datePublished\":\"2016-06-22T09:46:39+00:00\",\"dateModified\":\"2018-08-22T06:52:21+00:00\",\"breadcrumb\":{\"@id\":\"https:\/\/veeohutus.ee\/suvi\/paastevahendite-kasutamine\/#breadcrumb\"},\"inLanguage\":\"et\",\"potentialAction\":[{\"@type\":\"ReadAction\",\"target\":[\"https:\/\/veeohutus.ee\/suvi\/paastevahendite-kasutamine\/\"]}]},{\"@type\":\"ImageObject\",\"inLanguage\":\"et\",\"@id\":\"https:\/\/veeohutus.ee\/suvi\/paastevahendite-kasutamine\/#primaryimage\",\"url\":\"https:\/\/veeohutus.ee\/suvi\/wp-content\/uploads\/2016\/06\/p\u00e4\u00e4ster\u00f5ngas.jpg\",\"contentUrl\":\"https:\/\/veeohutus.ee\/suvi\/wp-content\/uploads\/2016\/06\/p\u00e4\u00e4ster\u00f5ngas.jpg\",\"width\":3000,\"height\":2000},{\"@type\":\"BreadcrumbList\",\"@id\":\"https:\/\/veeohutus.ee\/suvi\/paastevahendite-kasutamine\/#breadcrumb\",\"itemListElement\":[{\"@type\":\"ListItem\",\"position\":1,\"name\":\"Home\",\"item\":\"https:\/\/veeohutus.ee\/suvi\/\"},{\"@type\":\"ListItem\",\"position\":2,\"name\":\"P\u00e4\u00e4stevahendite kasutamine\"}]},{\"@type\":\"WebSite\",\"@id\":\"https:\/\/veeohutus.ee\/suvi\/#website\",\"url\":\"https:\/\/veeohutus.ee\/suvi\/\",\"name\":\"Veeohutus - Suvi - tule uuri, kuidas ennetada ja aidata - P\u00e4\u00e4steamet\",\"description\":\"P\u00e4\u00e4steamet - Veeohutus\",\"potentialAction\":[{\"@type\":\"SearchAction\",\"target\":{\"@type\":\"EntryPoint\",\"urlTemplate\":\"https:\/\/veeohutus.ee\/suvi\/?s={search_term_string}\"},\"query-input\":{\"@type\":\"PropertyValueSpecification\",\"valueRequired\":true,\"valueName\":\"search_term_string\"}}],\"inLanguage\":\"et\"}]}<\/script>\n<!-- \/ Yoast SEO plugin. -->","yoast_head_json":{"title":"P\u00e4\u00e4stevahendite kasutamine - Veeohutus - Suvi - tule uuri, kuidas ennetada ja aidata - P\u00e4\u00e4steamet","robots":{"index":"index","follow":"follow","max-snippet":"max-snippet:-1","max-image-preview":"max-image-preview:large","max-video-preview":"max-video-preview:-1"},"canonical":"https:\/\/veeohutus.ee\/suvi\/paastevahendite-kasutamine\/","og_locale":"et_EE","og_type":"article","og_title":"P\u00e4\u00e4stevahendite kasutamine - Veeohutus - Suvi - tule uuri, kuidas ennetada ja aidata - P\u00e4\u00e4steamet","og_description":"Kui p\u00e4\u00e4stevahendid on l\u00e4heduses &nbsp; Kui leiad, et h\u00e4dasolija abistamine on Sulle j\u00f5ukohane, siis esmalt vaata, kas l\u00e4heduses on olemas p\u00e4\u00e4stevahendid: p\u00e4\u00e4ster\u00f5ngas ja viskeliin &#8211; need on parimad abivahendid h\u00e4dasolija p\u00e4\u00e4stmiseks. Kasuta neid nii: Enne viset v\u00f5ta viskeliini olemasolul selle k\u00e4epide v\u00f5i k\u00f6ieots n\u00f5rgemasse k\u00e4tte ja \u00e4ra lase enam haardest lahti. Kui h\u00e4dasolija on kaugemal,... Read more","og_url":"https:\/\/veeohutus.ee\/suvi\/paastevahendite-kasutamine\/","og_site_name":"Veeohutus - Suvi - tule uuri, kuidas ennetada ja aidata - P\u00e4\u00e4steamet","article_modified_time":"2018-08-22T06:52:21+00:00","og_image":[{"width":3000,"height":2000,"url":"https:\/\/veeohutus.ee\/suvi\/wp-content\/uploads\/2016\/06\/p\u00e4\u00e4ster\u00f5ngas.jpg","type":"image\/jpeg"}],"twitter_card":"summary_large_image","twitter_misc":{"Est. reading time":"1 minut"},"schema":{"@context":"https:\/\/schema.org","@graph":[{"@type":"WebPage","@id":"https:\/\/veeohutus.ee\/suvi\/paastevahendite-kasutamine\/","url":"https:\/\/veeohutus.ee\/suvi\/paastevahendite-kasutamine\/","name":"P\u00e4\u00e4stevahendite kasutamine - Veeohutus - Suvi - tule uuri, kuidas ennetada ja aidata - P\u00e4\u00e4steamet","isPartOf":{"@id":"https:\/\/veeohutus.ee\/suvi\/#website"},"primaryImageOfPage":{"@id":"https:\/\/veeohutus.ee\/suvi\/paastevahendite-kasutamine\/#primaryimage"},"image":{"@id":"https:\/\/veeohutus.ee\/suvi\/paastevahendite-kasutamine\/#primaryimage"},"thumbnailUrl":"https:\/\/veeohutus.ee\/suvi\/wp-content\/uploads\/2016\/06\/p\u00e4\u00e4ster\u00f5ngas.jpg","datePublished":"2016-06-22T09:46:39+00:00","dateModified":"2018-08-22T06:52:21+00:00","breadcrumb":{"@id":"https:\/\/veeohutus.ee\/suvi\/paastevahendite-kasutamine\/#breadcrumb"},"inLanguage":"et","potentialAction":[{"@type":"ReadAction","target":["https:\/\/veeohutus.ee\/suvi\/paastevahendite-kasutamine\/"]}]},{"@type":"ImageObject","inLanguage":"et","@id":"https:\/\/veeohutus.ee\/suvi\/paastevahendite-kasutamine\/#primaryimage","url":"https:\/\/veeohutus.ee\/suvi\/wp-content\/uploads\/2016\/06\/p\u00e4\u00e4ster\u00f5ngas.jpg","contentUrl":"https:\/\/veeohutus.ee\/suvi\/wp-content\/uploads\/2016\/06\/p\u00e4\u00e4ster\u00f5ngas.jpg","width":3000,"height":2000},{"@type":"BreadcrumbList","@id":"https:\/\/veeohutus.ee\/suvi\/paastevahendite-kasutamine\/#breadcrumb","itemListElement":[{"@type":"ListItem","position":1,"name":"Home","item":"https:\/\/veeohutus.ee\/suvi\/"},{"@type":"ListItem","position":2,"name":"P\u00e4\u00e4stevahendite kasutamine"}]},{"@type":"WebSite","@id":"https:\/\/veeohutus.ee\/suvi\/#website","url":"https:\/\/veeohutus.ee\/suvi\/","name":"Veeohutus - Suvi - tule uuri, kuidas ennetada ja aidata - P\u00e4\u00e4steamet","description":"P\u00e4\u00e4steamet - Veeohutus","potentialAction":[{"@type":"SearchAction","target":{"@type":"EntryPoint","urlTemplate":"https:\/\/veeohutus.ee\/suvi\/?s={search_term_string}"},"query-input":{"@type":"PropertyValueSpecification","valueRequired":true,"valueName":"search_term_string"}}],"inLanguage":"et"}]}},"_links":{"self":[{"href":"https:\/\/veeohutus.ee\/suvi\/wp-json\/wp\/v2\/pages\/284","targetHints":{"allow":["GET"]}}],"collection":[{"href":"https:\/\/veeohutus.ee\/suvi\/wp-json\/wp\/v2\/pages"}],"about":[{"href":"https:\/\/veeohutus.ee\/suvi\/wp-json\/wp\/v2\/types\/page"}],"author":[{"embeddable":true,"href":"https:\/\/veeohutus.ee\/suvi\/wp-json\/wp\/v2\/users\/2"}],"replies":[{"embeddable":true,"href":"https:\/\/veeohutus.ee\/suvi\/wp-json\/wp\/v2\/comments?post=284"}],"version-history":[{"count":11,"href":"https:\/\/veeohutus.ee\/suvi\/wp-json\/wp\/v2\/pages\/284\/revisions"}],"predecessor-version":[{"id":2812,"href":"https:\/\/veeohutus.ee\/suvi\/wp-json\/wp\/v2\/pages\/284\/revisions\/2812"}],"wp:featuredmedia":[{"embeddable":true,"href":"https:\/\/veeohutus.ee\/suvi\/wp-json\/wp\/v2\/media\/751"}],"wp:attachment":[{"href":"https:\/\/veeohutus.ee\/suvi\/wp-json\/wp\/v2\/media?parent=284"}],"curies":[{"name":"wp","href":"https:\/\/api.w.org\/{rel}","templated":true}]}}