{"id":286,"date":"2016-06-22T08:01:21","date_gmt":"2016-06-22T08:01:21","guid":{"rendered":"http:\/\/demo.opus.ee\/projects\/veeohutus\/www\/?page_id=286"},"modified":"2023-09-05T16:27:23","modified_gmt":"2023-09-05T13:27:23","slug":"veeohutusstend","status":"publish","type":"page","link":"https:\/\/veeohutus.ee\/suvi\/veeohutusstend\/","title":{"rendered":"Veeohutusstend"},"content":{"rendered":"<h2 style=\"text-align: justify;\">Infotahvlid ja p\u00e4\u00e4stevahendid veekogude \u00e4\u00e4res<\/h2>\n<p style=\"text-align: justify;\">Alates 2012. aastast on P\u00e4\u00e4steamet paigaldanud valveta ujumiskohtade juurde veeohutuse infotahvleid koos p\u00e4\u00e4stevahenditega.<\/p>\n<p style=\"text-align: justify;\">Kui 2012. ja 2013. aastal valmistas ja paigaldas P\u00e4\u00e4steamet valdavalt infotahvlid ise, siis alates 2014. aastast on infotahvlite valmistamine ja paigaldamine toimunud koost\u00f6\u00f6s kohalike omavalitustega. Seda selleks, et suurem hulk veekogusid saaks infotahvli ja p\u00e4\u00e4stevahenditega varustatud. Koost\u00f6\u00f6 tulemusena oli 2015. aastal \u00fcle Eesti kokku 180 veeohutuse infotahvlit koos p\u00e4\u00e4stevahenditega.<\/p>\n<p style=\"text-align: justify;\">2016. aastal sai projekt aga veelgi suurema hoo sisse kui j\u00f5ud \u00fchendati Teeme \u00c4ra meeskonnaga. Veeohutusstendi p\u00fcstitamine veekogude \u00e4\u00e4rde sai \u00fcheks talgup\u00e4eva fookusteemaks ning osutus talguliste seas v\u00e4ga populaarseks. Kokku p\u00fcstitati talgute raames \u00fcle Eesti 496 veeohutusstend koos p\u00e4\u00e4stevahendite ja infotahvlitega.<\/p>\n<p style=\"text-align: justify;\">Kui soovid ka oma kodu kandis veeohutuse infostendi \u00fcles panna, siis valmistamiseks vajalikud joonised leiad siit: <strong><a href=\"http:\/\/veeohutus.ee\/www\/wp-content\/uploads\/2016\/06\/Veeohutuspystaku_joonised.pdf\">Veeohutusstendi joonised<\/a><\/strong><\/p>\n<p>Veeohutusstendi tahvli tr\u00fckifail on <span style=\"text-decoration: underline;\"><strong><a href=\"https:\/\/veeohutus.ee\/kevad\/wp-content\/uploads\/sites\/2\/2022\/01\/PA_Infotahvel_Trukifail.pdf\">siin<\/a><\/strong><\/span><\/p>\n<p><strong>\u00dclevaade veeohutusstendidest on <span style=\"text-decoration: underline;\"><a href=\"https:\/\/xgis.maaamet.ee\/xgis2\/page\/app\/paasteamet_ohtvesi\">siin<\/a><\/span><\/strong><\/p>\n<p>&nbsp;<\/p>\n<img loading=\"lazy\" decoding=\"async\" class=\"aligncenter size-full wp-image-3148\" src=\"https:\/\/veeohutus.ee\/suvi\/wp-content\/uploads\/2020\/08\/stend-1.jpg\" alt=\"\" width=\"2048\" height=\"1536\" \/>\n<p><strong>Lisaks joonistele, v\u00f5ib stendi valmistamisel leida abi ka allolevast klipist:<\/strong><\/p>\n<p><iframe loading=\"lazy\" src=\"https:\/\/www.youtube.com\/embed\/8LFkLSCOcSI\" width=\"560\" height=\"315\" frameborder=\"0\" allowfullscreen=\"allowfullscreen\"><\/iframe><\/p>\n","protected":false},"excerpt":{"rendered":"<p>Infotahvlid ja p\u00e4\u00e4stevahendid veekogude \u00e4\u00e4res Alates 2012. aastast on P\u00e4\u00e4steamet paigaldanud valveta ujumiskohtade juurde veeohutuse infotahvleid koos p\u00e4\u00e4stevahenditega. Kui 2012. ja 2013. aastal valmistas ja paigaldas P\u00e4\u00e4steamet valdavalt infotahvlid ise, siis alates 2014. aastast on infotahvlite valmistamine ja paigaldamine toimunud koost\u00f6\u00f6s kohalike omavalitustega. Seda selleks, et suurem hulk veekogusid saaks infotahvli ja p\u00e4\u00e4stevahenditega varustatud. Koost\u00f6\u00f6&#8230;  <a class=\"excerpt-read-more\" href=\"https:\/\/veeohutus.ee\/suvi\/veeohutusstend\/\" title=\"Read Veeohutusstend\">Read more<\/a><\/p>\n","protected":false},"author":2,"featured_media":3145,"parent":0,"menu_order":15,"comment_status":"closed","ping_status":"closed","template":"","meta":{"_acf_changed":false,"footnotes":""},"class_list":["post-286","page","type-page","status-publish","has-post-thumbnail","hentry"],"acf":[],"yoast_head":"<!-- This site is optimized with the Yoast SEO plugin v26.7 - https:\/\/yoast.com\/wordpress\/plugins\/seo\/ -->\n<title>Veeohutusstend - Veeohutus - Suvi - tule uuri, kuidas ennetada ja aidata - P\u00e4\u00e4steamet<\/title>\n<meta name=\"robots\" content=\"index, follow, max-snippet:-1, max-image-preview:large, max-video-preview:-1\" \/>\n<link rel=\"canonical\" href=\"https:\/\/veeohutus.ee\/suvi\/veeohutusstend\/\" \/>\n<meta property=\"og:locale\" content=\"et_EE\" \/>\n<meta property=\"og:type\" content=\"article\" \/>\n<meta property=\"og:title\" content=\"Veeohutusstend - Veeohutus - Suvi - tule uuri, kuidas ennetada ja aidata - P\u00e4\u00e4steamet\" \/>\n<meta property=\"og:description\" content=\"Infotahvlid ja p\u00e4\u00e4stevahendid veekogude \u00e4\u00e4res Alates 2012. aastast on P\u00e4\u00e4steamet paigaldanud valveta ujumiskohtade juurde veeohutuse infotahvleid koos p\u00e4\u00e4stevahenditega. Kui 2012. ja 2013. aastal valmistas ja paigaldas P\u00e4\u00e4steamet valdavalt infotahvlid ise, siis alates 2014. aastast on infotahvlite valmistamine ja paigaldamine toimunud koost\u00f6\u00f6s kohalike omavalitustega. Seda selleks, et suurem hulk veekogusid saaks infotahvli ja p\u00e4\u00e4stevahenditega varustatud. Koost\u00f6\u00f6... Read more\" \/>\n<meta property=\"og:url\" content=\"https:\/\/veeohutus.ee\/suvi\/veeohutusstend\/\" \/>\n<meta property=\"og:site_name\" content=\"Veeohutus - Suvi - tule uuri, kuidas ennetada ja aidata - P\u00e4\u00e4steamet\" \/>\n<meta property=\"article:modified_time\" content=\"2023-09-05T13:27:23+00:00\" \/>\n<meta property=\"og:image\" content=\"https:\/\/veeohutus.ee\/suvi\/wp-content\/uploads\/2020\/08\/stend-2-e1598438515701.jpg\" \/>\n\t<meta property=\"og:image:width\" content=\"1473\" \/>\n\t<meta property=\"og:image:height\" content=\"977\" \/>\n\t<meta property=\"og:image:type\" content=\"image\/jpeg\" \/>\n<meta name=\"twitter:card\" content=\"summary_large_image\" \/>\n<meta name=\"twitter:label1\" content=\"Est. reading time\" \/>\n\t<meta name=\"twitter:data1\" content=\"1 minut\" \/>\n<script type=\"application\/ld+json\" class=\"yoast-schema-graph\">{\"@context\":\"https:\/\/schema.org\",\"@graph\":[{\"@type\":\"WebPage\",\"@id\":\"https:\/\/veeohutus.ee\/suvi\/veeohutusstend\/\",\"url\":\"https:\/\/veeohutus.ee\/suvi\/veeohutusstend\/\",\"name\":\"Veeohutusstend - Veeohutus - Suvi - tule uuri, kuidas ennetada ja aidata - P\u00e4\u00e4steamet\",\"isPartOf\":{\"@id\":\"https:\/\/veeohutus.ee\/suvi\/#website\"},\"primaryImageOfPage\":{\"@id\":\"https:\/\/veeohutus.ee\/suvi\/veeohutusstend\/#primaryimage\"},\"image\":{\"@id\":\"https:\/\/veeohutus.ee\/suvi\/veeohutusstend\/#primaryimage\"},\"thumbnailUrl\":\"https:\/\/veeohutus.ee\/suvi\/wp-content\/uploads\/2020\/08\/stend-2-e1598438515701.jpg\",\"datePublished\":\"2016-06-22T08:01:21+00:00\",\"dateModified\":\"2023-09-05T13:27:23+00:00\",\"breadcrumb\":{\"@id\":\"https:\/\/veeohutus.ee\/suvi\/veeohutusstend\/#breadcrumb\"},\"inLanguage\":\"et\",\"potentialAction\":[{\"@type\":\"ReadAction\",\"target\":[\"https:\/\/veeohutus.ee\/suvi\/veeohutusstend\/\"]}]},{\"@type\":\"ImageObject\",\"inLanguage\":\"et\",\"@id\":\"https:\/\/veeohutus.ee\/suvi\/veeohutusstend\/#primaryimage\",\"url\":\"https:\/\/veeohutus.ee\/suvi\/wp-content\/uploads\/2020\/08\/stend-2-e1598438515701.jpg\",\"contentUrl\":\"https:\/\/veeohutus.ee\/suvi\/wp-content\/uploads\/2020\/08\/stend-2-e1598438515701.jpg\",\"width\":1473,\"height\":977},{\"@type\":\"BreadcrumbList\",\"@id\":\"https:\/\/veeohutus.ee\/suvi\/veeohutusstend\/#breadcrumb\",\"itemListElement\":[{\"@type\":\"ListItem\",\"position\":1,\"name\":\"Home\",\"item\":\"https:\/\/veeohutus.ee\/suvi\/\"},{\"@type\":\"ListItem\",\"position\":2,\"name\":\"Veeohutusstend\"}]},{\"@type\":\"WebSite\",\"@id\":\"https:\/\/veeohutus.ee\/suvi\/#website\",\"url\":\"https:\/\/veeohutus.ee\/suvi\/\",\"name\":\"Veeohutus - Suvi - tule uuri, kuidas ennetada ja aidata - P\u00e4\u00e4steamet\",\"description\":\"P\u00e4\u00e4steamet - Veeohutus\",\"potentialAction\":[{\"@type\":\"SearchAction\",\"target\":{\"@type\":\"EntryPoint\",\"urlTemplate\":\"https:\/\/veeohutus.ee\/suvi\/?s={search_term_string}\"},\"query-input\":{\"@type\":\"PropertyValueSpecification\",\"valueRequired\":true,\"valueName\":\"search_term_string\"}}],\"inLanguage\":\"et\"}]}<\/script>\n<!-- \/ Yoast SEO plugin. -->","yoast_head_json":{"title":"Veeohutusstend - Veeohutus - Suvi - tule uuri, kuidas ennetada ja aidata - P\u00e4\u00e4steamet","robots":{"index":"index","follow":"follow","max-snippet":"max-snippet:-1","max-image-preview":"max-image-preview:large","max-video-preview":"max-video-preview:-1"},"canonical":"https:\/\/veeohutus.ee\/suvi\/veeohutusstend\/","og_locale":"et_EE","og_type":"article","og_title":"Veeohutusstend - Veeohutus - Suvi - tule uuri, kuidas ennetada ja aidata - P\u00e4\u00e4steamet","og_description":"Infotahvlid ja p\u00e4\u00e4stevahendid veekogude \u00e4\u00e4res Alates 2012. aastast on P\u00e4\u00e4steamet paigaldanud valveta ujumiskohtade juurde veeohutuse infotahvleid koos p\u00e4\u00e4stevahenditega. Kui 2012. ja 2013. aastal valmistas ja paigaldas P\u00e4\u00e4steamet valdavalt infotahvlid ise, siis alates 2014. aastast on infotahvlite valmistamine ja paigaldamine toimunud koost\u00f6\u00f6s kohalike omavalitustega. Seda selleks, et suurem hulk veekogusid saaks infotahvli ja p\u00e4\u00e4stevahenditega varustatud. Koost\u00f6\u00f6... Read more","og_url":"https:\/\/veeohutus.ee\/suvi\/veeohutusstend\/","og_site_name":"Veeohutus - Suvi - tule uuri, kuidas ennetada ja aidata - P\u00e4\u00e4steamet","article_modified_time":"2023-09-05T13:27:23+00:00","og_image":[{"width":1473,"height":977,"url":"https:\/\/veeohutus.ee\/suvi\/wp-content\/uploads\/2020\/08\/stend-2-e1598438515701.jpg","type":"image\/jpeg"}],"twitter_card":"summary_large_image","twitter_misc":{"Est. reading time":"1 minut"},"schema":{"@context":"https:\/\/schema.org","@graph":[{"@type":"WebPage","@id":"https:\/\/veeohutus.ee\/suvi\/veeohutusstend\/","url":"https:\/\/veeohutus.ee\/suvi\/veeohutusstend\/","name":"Veeohutusstend - Veeohutus - Suvi - tule uuri, kuidas ennetada ja aidata - P\u00e4\u00e4steamet","isPartOf":{"@id":"https:\/\/veeohutus.ee\/suvi\/#website"},"primaryImageOfPage":{"@id":"https:\/\/veeohutus.ee\/suvi\/veeohutusstend\/#primaryimage"},"image":{"@id":"https:\/\/veeohutus.ee\/suvi\/veeohutusstend\/#primaryimage"},"thumbnailUrl":"https:\/\/veeohutus.ee\/suvi\/wp-content\/uploads\/2020\/08\/stend-2-e1598438515701.jpg","datePublished":"2016-06-22T08:01:21+00:00","dateModified":"2023-09-05T13:27:23+00:00","breadcrumb":{"@id":"https:\/\/veeohutus.ee\/suvi\/veeohutusstend\/#breadcrumb"},"inLanguage":"et","potentialAction":[{"@type":"ReadAction","target":["https:\/\/veeohutus.ee\/suvi\/veeohutusstend\/"]}]},{"@type":"ImageObject","inLanguage":"et","@id":"https:\/\/veeohutus.ee\/suvi\/veeohutusstend\/#primaryimage","url":"https:\/\/veeohutus.ee\/suvi\/wp-content\/uploads\/2020\/08\/stend-2-e1598438515701.jpg","contentUrl":"https:\/\/veeohutus.ee\/suvi\/wp-content\/uploads\/2020\/08\/stend-2-e1598438515701.jpg","width":1473,"height":977},{"@type":"BreadcrumbList","@id":"https:\/\/veeohutus.ee\/suvi\/veeohutusstend\/#breadcrumb","itemListElement":[{"@type":"ListItem","position":1,"name":"Home","item":"https:\/\/veeohutus.ee\/suvi\/"},{"@type":"ListItem","position":2,"name":"Veeohutusstend"}]},{"@type":"WebSite","@id":"https:\/\/veeohutus.ee\/suvi\/#website","url":"https:\/\/veeohutus.ee\/suvi\/","name":"Veeohutus - Suvi - tule uuri, kuidas ennetada ja aidata - P\u00e4\u00e4steamet","description":"P\u00e4\u00e4steamet - Veeohutus","potentialAction":[{"@type":"SearchAction","target":{"@type":"EntryPoint","urlTemplate":"https:\/\/veeohutus.ee\/suvi\/?s={search_term_string}"},"query-input":{"@type":"PropertyValueSpecification","valueRequired":true,"valueName":"search_term_string"}}],"inLanguage":"et"}]}},"_links":{"self":[{"href":"https:\/\/veeohutus.ee\/suvi\/wp-json\/wp\/v2\/pages\/286","targetHints":{"allow":["GET"]}}],"collection":[{"href":"https:\/\/veeohutus.ee\/suvi\/wp-json\/wp\/v2\/pages"}],"about":[{"href":"https:\/\/veeohutus.ee\/suvi\/wp-json\/wp\/v2\/types\/page"}],"author":[{"embeddable":true,"href":"https:\/\/veeohutus.ee\/suvi\/wp-json\/wp\/v2\/users\/2"}],"replies":[{"embeddable":true,"href":"https:\/\/veeohutus.ee\/suvi\/wp-json\/wp\/v2\/comments?post=286"}],"version-history":[{"count":23,"href":"https:\/\/veeohutus.ee\/suvi\/wp-json\/wp\/v2\/pages\/286\/revisions"}],"predecessor-version":[{"id":3325,"href":"https:\/\/veeohutus.ee\/suvi\/wp-json\/wp\/v2\/pages\/286\/revisions\/3325"}],"wp:featuredmedia":[{"embeddable":true,"href":"https:\/\/veeohutus.ee\/suvi\/wp-json\/wp\/v2\/media\/3145"}],"wp:attachment":[{"href":"https:\/\/veeohutus.ee\/suvi\/wp-json\/wp\/v2\/media?parent=286"}],"curies":[{"name":"wp","href":"https:\/\/api.w.org\/{rel}","templated":true}]}}