{"id":2872,"date":"2019-05-17T12:41:05","date_gmt":"2019-05-17T09:41:05","guid":{"rendered":"https:\/\/veeohutus.ee\/suvi\/?page_id=2872"},"modified":"2022-04-11T10:19:34","modified_gmt":"2022-04-11T07:19:34","slug":"ka-tsempionid-vasivad","status":"publish","type":"page","link":"https:\/\/veeohutus.ee\/suvi\/ka-tsempionid-vasivad\/","title":{"rendered":"R\u00e4\u00e4gi eaka l\u00e4hedasega veeohutudest"},"content":{"rendered":"<p><strong>TOP 6 \u2013 kodul\u00e4hedased veekogud, mis n\u00f5uavad enim inimelusid<\/strong><\/p>\n<p><strong>K\u00fcmne aasta jooksul on kodul\u00e4hedased veekogud n\u00f5udnud sadu inimelusid. \u00dchtviisi eluohtlikuks v\u00f5ivad asjaolude kokkulangemisel osutuda nii j\u00e4rved, tiigid kui ka kraavid.<\/strong><\/p>\n<p><strong>Vaata veeohutuse infolehte <a href=\"https:\/\/veeohutus.ee\/suvi\/wp-content\/uploads\/2022\/04\/pa_veeohutus_2022_Est.pdf\"><span style=\"text-decoration: underline;\">SIIT<\/span><\/a><\/strong><\/p>\n<p>Sageli on uppumissurmade p\u00f5hjus oma v\u00f5imete \u00fclehindamine ja tihti ei oska inimesed m\u00e4rgata v\u00e4iksemate veekogude ohtlikkust. Eriti hakkab see silma kevaditi, mil veekogude kaldad on pehmed ja libedad ning \u00f5nnetuseks piisab hooletusest v\u00f5i kergest libastumisest. Enam kui pooltel uppumisjuhtudel m\u00e4ngib oma osa paraku ka alkohol.<\/p>\n<p>&nbsp;<\/p>\n<img loading=\"lazy\" decoding=\"async\" class=\"aligncenter size-full wp-image-3056\" src=\"https:\/\/veeohutus.ee\/suvi\/wp-content\/uploads\/2020\/06\/ohtlik_kraav.jpg\" alt=\"\" width=\"500\" height=\"375\" \/>\n<p>K\u00f5ige enam uputakse <strong>j\u00f5gedesse<\/strong>. K\u00fcmne aasta jooksul on Eesti j\u00f5gedesse j\u00e4tnud elu 128 inimest, keskmiselt 13 inimest aastas. Enamik uppumistest leidis aset kevadel v\u00f5i suvel, uppuja keskmine vanus oli 51 aastat. 80% j\u00f5gedesse uppunutest olid mehed, enam kui pooled uppunutest olid alkoholijoobes.<\/p>\n<p>&nbsp;<\/p>\n<p><strong>J\u00e4rved<\/strong> on k\u00fcmne aasta jooksul n\u00f5udnud 115 inimese elu. Keskmiselt teeb see 12 uppumissurma aastas. \u00dcle poole juhtudest leidis aset suvel. J\u00e4rvevette uppunu\u00a0 keskmine vanus oli k\u00fcmne aasta l\u00f5ikes 49 eluaastat. 88% j\u00e4rvedesse uppunutest olid mehed, pooled uppunutest olid alkoholijoobes.<\/p>\n<p><strong>Merre<\/strong> uppus k\u00fcmne aasta jooksul 112 inimest, keskmiselt 11 inimest aastas. Ligi pooled uppumised juhtusid suvel. Merre uppunu keskmine vanus oli 52 aastat, uppunutest enamik ehk 86% olid mehed. Iga kolmas merelainetes uppunu oli eakas.<\/p>\n<p><strong>Tiikidesse<\/strong> on k\u00fcmne aasta jooksul j\u00e4tnud elu 72 inimest, keskmiselt seitse inimest aastas. Enamik tiiki uppumistest juhtus kevadel v\u00f5i suvel. Uppunu keskmine vanus oli 56 eluaastat. Iga kolmas tiiki uppunu oli kas eakas v\u00f5i laps. Veekogudest upub just tiikidesse k\u00f5ige rohkem lapsi.<\/p>\n<p><strong>Kraavidesse<\/strong> on k\u00fcmne aasta jooksul uppunud 25 inimest, keskmiselt kolm inimest aastas. \u00dcle poole juhtudest leiab aset kevadel. Keskmine kraavi uppunu on 59-aastane, uppunutest enamik ehk 80% olid mehed. Uppunutest veidi enam kui pooled olid alkoholijoobes. Peamine uppumise p\u00f5hjus on kukkumine v\u00f5i libastumine.<\/p>\n<p><strong>Kaevudesse<\/strong> on k\u00fcmnendi jooksul uppunud 17 inimest. Keskmiselt teeb see 2 uppumissurma aastas. Uppunu keskmine vanus on 60 eluaastat ning peaaegu pooled uppunutest olid eakad. Peamine uppumiste p\u00f5hjus oli kukkumine v\u00f5i libastumine.<\/p>\n<p>Suuremate veekogude puhul on \u00f5nnetusele eelnenud enamasti kalastamine v\u00f5i suplus, v\u00e4iksemate veekogude puhul on uppumisele eelnenud libastumine v\u00f5i kukkumine.<\/p>\n<p>P\u00e4\u00e4steamet kutsub k\u00f5iki \u00fcles j\u00e4lgima, et kodukoha veekogud oleksid ohutud. Vette kukkumise v\u00e4ltimiseks tuleks kodused veekogud v\u00f5imalusel piirata aiaga, avatud kaevud katta kinni ja j\u00e4rsud kaldad tasub teha pr\u00fcgist puhtaks. Samuti kutsume inimesi \u00fcles oma tegevusi l\u00e4bi m\u00f5tlema ja looma ohutumaid lahendusi. V\u00f5imalusel tasub veekogusse panna pump, et eakad ei peaks kastmisvett kaldalt kummardudes v\u00f5tma. Nii on v\u00f5imalik v\u00e4ltida libastumise ohtu.<\/p>\n<p>R\u00e4\u00e4gi eaka l\u00e4hedasega ja tuleta talle meelde et:<\/p>\n<ul>\n<li>Ta arvestaks oma v\u00f5imetega<\/li>\n<li>Ta arvestaks oma krooniliste haiguste jm terviseriskidega (vaata rohkem <span style=\"text-decoration: underline;\"><a href=\"https:\/\/veeohutus.ee\/suvi\/mis-voib-juhtuda\/\">siit<\/a><\/span>)<\/li>\n<li>Ta v\u00f5taks arvesse ravimite k\u00f5rvalm\u00f5jusid (vaata rohkem <span style=\"text-decoration: underline;\"><a href=\"https:\/\/veeohutus.ee\/suvi\/mis-voib-juhtuda\/\">siit<\/a><\/span>)<\/li>\n<\/ul>\n<p><span style=\"text-decoration: underline;\"><a href=\"https:\/\/veeohutus.ee\/suvi\/ohud-ujumisel\/\">Ohud ujumisel<\/a><\/span><br \/>\n<span style=\"text-decoration: underline;\"> <a href=\"https:\/\/veeohutus.ee\/suvi\/oht-vette-kukkuda\/\">Oht vette kukkuda<\/a><\/span><br \/>\n<span style=\"text-decoration: underline;\"> <a href=\"https:\/\/veeohutus.ee\/suvi\/ohud-kalastamisel\/\">Ohud kalastamisel<\/a><\/span><\/p>\n<p>&nbsp;<\/p>\n","protected":false},"excerpt":{"rendered":"<p>TOP 6 \u2013 kodul\u00e4hedased veekogud, mis n\u00f5uavad enim inimelusid K\u00fcmne aasta jooksul on kodul\u00e4hedased veekogud n\u00f5udnud sadu inimelusid. \u00dchtviisi eluohtlikuks v\u00f5ivad asjaolude kokkulangemisel osutuda nii j\u00e4rved, tiigid kui ka kraavid. Vaata veeohutuse infolehte SIIT Sageli on uppumissurmade p\u00f5hjus oma v\u00f5imete \u00fclehindamine ja tihti ei oska inimesed m\u00e4rgata v\u00e4iksemate veekogude ohtlikkust. Eriti hakkab see silma kevaditi,&#8230;  <a class=\"excerpt-read-more\" href=\"https:\/\/veeohutus.ee\/suvi\/ka-tsempionid-vasivad\/\" title=\"Read R\u00e4\u00e4gi eaka l\u00e4hedasega veeohutudest\">Read more<\/a><\/p>\n","protected":false},"author":2,"featured_media":3030,"parent":0,"menu_order":0,"comment_status":"closed","ping_status":"closed","template":"","meta":{"_acf_changed":false,"footnotes":""},"class_list":["post-2872","page","type-page","status-publish","has-post-thumbnail","hentry"],"acf":[],"yoast_head":"<!-- This site is optimized with the Yoast SEO plugin v26.7 - https:\/\/yoast.com\/wordpress\/plugins\/seo\/ -->\n<title>Ka t\u0161empionid v\u00e4sivad - P\u00e4\u00e4steamet kampaania 2019<\/title>\n<meta name=\"description\" content=\"Vanusega kaasnevad terviseriskid. 2018. aastal olid \u00fcle poole uppunutest eakad. Veekogude l\u00e4heduses on oluline olla ettevaatlik.\" \/>\n<meta name=\"robots\" content=\"index, follow, max-snippet:-1, max-image-preview:large, max-video-preview:-1\" \/>\n<link rel=\"canonical\" href=\"https:\/\/veeohutus.ee\/suvi\/ka-tsempionid-vasivad\/\" \/>\n<meta property=\"og:locale\" content=\"et_EE\" \/>\n<meta property=\"og:type\" content=\"article\" \/>\n<meta property=\"og:title\" content=\"Ka t\u0161empionid v\u00e4sivad - P\u00e4\u00e4steamet kampaania 2019\" \/>\n<meta property=\"og:description\" content=\"Vanusega kaasnevad terviseriskid. 2018. aastal olid \u00fcle poole uppunutest eakad. Veekogude l\u00e4heduses on oluline olla ettevaatlik.\" \/>\n<meta property=\"og:url\" content=\"https:\/\/veeohutus.ee\/suvi\/ka-tsempionid-vasivad\/\" \/>\n<meta property=\"og:site_name\" content=\"Veeohutus - Suvi - tule uuri, kuidas ennetada ja aidata - P\u00e4\u00e4steamet\" \/>\n<meta property=\"article:modified_time\" content=\"2022-04-11T07:19:34+00:00\" \/>\n<meta property=\"og:image\" content=\"https:\/\/veeohutus.ee\/suvi\/wp-content\/uploads\/2020\/06\/turovski_sisu.png\" \/>\n\t<meta property=\"og:image:width\" content=\"1320\" \/>\n\t<meta property=\"og:image:height\" content=\"320\" \/>\n\t<meta property=\"og:image:type\" content=\"image\/png\" \/>\n<meta name=\"twitter:card\" content=\"summary_large_image\" \/>\n<meta name=\"twitter:label1\" content=\"Est. reading time\" \/>\n\t<meta name=\"twitter:data1\" content=\"2 minutit\" \/>\n<script type=\"application\/ld+json\" class=\"yoast-schema-graph\">{\"@context\":\"https:\/\/schema.org\",\"@graph\":[{\"@type\":\"WebPage\",\"@id\":\"https:\/\/veeohutus.ee\/suvi\/ka-tsempionid-vasivad\/\",\"url\":\"https:\/\/veeohutus.ee\/suvi\/ka-tsempionid-vasivad\/\",\"name\":\"Ka t\u0161empionid v\u00e4sivad - P\u00e4\u00e4steamet kampaania 2019\",\"isPartOf\":{\"@id\":\"https:\/\/veeohutus.ee\/suvi\/#website\"},\"primaryImageOfPage\":{\"@id\":\"https:\/\/veeohutus.ee\/suvi\/ka-tsempionid-vasivad\/#primaryimage\"},\"image\":{\"@id\":\"https:\/\/veeohutus.ee\/suvi\/ka-tsempionid-vasivad\/#primaryimage\"},\"thumbnailUrl\":\"https:\/\/veeohutus.ee\/suvi\/wp-content\/uploads\/2020\/06\/turovski_sisu.png\",\"datePublished\":\"2019-05-17T09:41:05+00:00\",\"dateModified\":\"2022-04-11T07:19:34+00:00\",\"description\":\"Vanusega kaasnevad terviseriskid. 2018. aastal olid \u00fcle poole uppunutest eakad. Veekogude l\u00e4heduses on oluline olla ettevaatlik.\",\"breadcrumb\":{\"@id\":\"https:\/\/veeohutus.ee\/suvi\/ka-tsempionid-vasivad\/#breadcrumb\"},\"inLanguage\":\"et\",\"potentialAction\":[{\"@type\":\"ReadAction\",\"target\":[\"https:\/\/veeohutus.ee\/suvi\/ka-tsempionid-vasivad\/\"]}]},{\"@type\":\"ImageObject\",\"inLanguage\":\"et\",\"@id\":\"https:\/\/veeohutus.ee\/suvi\/ka-tsempionid-vasivad\/#primaryimage\",\"url\":\"https:\/\/veeohutus.ee\/suvi\/wp-content\/uploads\/2020\/06\/turovski_sisu.png\",\"contentUrl\":\"https:\/\/veeohutus.ee\/suvi\/wp-content\/uploads\/2020\/06\/turovski_sisu.png\",\"width\":1320,\"height\":320},{\"@type\":\"BreadcrumbList\",\"@id\":\"https:\/\/veeohutus.ee\/suvi\/ka-tsempionid-vasivad\/#breadcrumb\",\"itemListElement\":[{\"@type\":\"ListItem\",\"position\":1,\"name\":\"Home\",\"item\":\"https:\/\/veeohutus.ee\/suvi\/\"},{\"@type\":\"ListItem\",\"position\":2,\"name\":\"R\u00e4\u00e4gi eaka l\u00e4hedasega veeohutudest\"}]},{\"@type\":\"WebSite\",\"@id\":\"https:\/\/veeohutus.ee\/suvi\/#website\",\"url\":\"https:\/\/veeohutus.ee\/suvi\/\",\"name\":\"Veeohutus - Suvi - tule uuri, kuidas ennetada ja aidata - P\u00e4\u00e4steamet\",\"description\":\"P\u00e4\u00e4steamet - Veeohutus\",\"potentialAction\":[{\"@type\":\"SearchAction\",\"target\":{\"@type\":\"EntryPoint\",\"urlTemplate\":\"https:\/\/veeohutus.ee\/suvi\/?s={search_term_string}\"},\"query-input\":{\"@type\":\"PropertyValueSpecification\",\"valueRequired\":true,\"valueName\":\"search_term_string\"}}],\"inLanguage\":\"et\"}]}<\/script>\n<!-- \/ Yoast SEO plugin. -->","yoast_head_json":{"title":"Ka t\u0161empionid v\u00e4sivad - P\u00e4\u00e4steamet kampaania 2019","description":"Vanusega kaasnevad terviseriskid. 2018. aastal olid \u00fcle poole uppunutest eakad. Veekogude l\u00e4heduses on oluline olla ettevaatlik.","robots":{"index":"index","follow":"follow","max-snippet":"max-snippet:-1","max-image-preview":"max-image-preview:large","max-video-preview":"max-video-preview:-1"},"canonical":"https:\/\/veeohutus.ee\/suvi\/ka-tsempionid-vasivad\/","og_locale":"et_EE","og_type":"article","og_title":"Ka t\u0161empionid v\u00e4sivad - P\u00e4\u00e4steamet kampaania 2019","og_description":"Vanusega kaasnevad terviseriskid. 2018. aastal olid \u00fcle poole uppunutest eakad. Veekogude l\u00e4heduses on oluline olla ettevaatlik.","og_url":"https:\/\/veeohutus.ee\/suvi\/ka-tsempionid-vasivad\/","og_site_name":"Veeohutus - Suvi - tule uuri, kuidas ennetada ja aidata - P\u00e4\u00e4steamet","article_modified_time":"2022-04-11T07:19:34+00:00","og_image":[{"width":1320,"height":320,"url":"https:\/\/veeohutus.ee\/suvi\/wp-content\/uploads\/2020\/06\/turovski_sisu.png","type":"image\/png"}],"twitter_card":"summary_large_image","twitter_misc":{"Est. reading time":"2 minutit"},"schema":{"@context":"https:\/\/schema.org","@graph":[{"@type":"WebPage","@id":"https:\/\/veeohutus.ee\/suvi\/ka-tsempionid-vasivad\/","url":"https:\/\/veeohutus.ee\/suvi\/ka-tsempionid-vasivad\/","name":"Ka t\u0161empionid v\u00e4sivad - P\u00e4\u00e4steamet kampaania 2019","isPartOf":{"@id":"https:\/\/veeohutus.ee\/suvi\/#website"},"primaryImageOfPage":{"@id":"https:\/\/veeohutus.ee\/suvi\/ka-tsempionid-vasivad\/#primaryimage"},"image":{"@id":"https:\/\/veeohutus.ee\/suvi\/ka-tsempionid-vasivad\/#primaryimage"},"thumbnailUrl":"https:\/\/veeohutus.ee\/suvi\/wp-content\/uploads\/2020\/06\/turovski_sisu.png","datePublished":"2019-05-17T09:41:05+00:00","dateModified":"2022-04-11T07:19:34+00:00","description":"Vanusega kaasnevad terviseriskid. 2018. aastal olid \u00fcle poole uppunutest eakad. Veekogude l\u00e4heduses on oluline olla ettevaatlik.","breadcrumb":{"@id":"https:\/\/veeohutus.ee\/suvi\/ka-tsempionid-vasivad\/#breadcrumb"},"inLanguage":"et","potentialAction":[{"@type":"ReadAction","target":["https:\/\/veeohutus.ee\/suvi\/ka-tsempionid-vasivad\/"]}]},{"@type":"ImageObject","inLanguage":"et","@id":"https:\/\/veeohutus.ee\/suvi\/ka-tsempionid-vasivad\/#primaryimage","url":"https:\/\/veeohutus.ee\/suvi\/wp-content\/uploads\/2020\/06\/turovski_sisu.png","contentUrl":"https:\/\/veeohutus.ee\/suvi\/wp-content\/uploads\/2020\/06\/turovski_sisu.png","width":1320,"height":320},{"@type":"BreadcrumbList","@id":"https:\/\/veeohutus.ee\/suvi\/ka-tsempionid-vasivad\/#breadcrumb","itemListElement":[{"@type":"ListItem","position":1,"name":"Home","item":"https:\/\/veeohutus.ee\/suvi\/"},{"@type":"ListItem","position":2,"name":"R\u00e4\u00e4gi eaka l\u00e4hedasega veeohutudest"}]},{"@type":"WebSite","@id":"https:\/\/veeohutus.ee\/suvi\/#website","url":"https:\/\/veeohutus.ee\/suvi\/","name":"Veeohutus - Suvi - tule uuri, kuidas ennetada ja aidata - P\u00e4\u00e4steamet","description":"P\u00e4\u00e4steamet - Veeohutus","potentialAction":[{"@type":"SearchAction","target":{"@type":"EntryPoint","urlTemplate":"https:\/\/veeohutus.ee\/suvi\/?s={search_term_string}"},"query-input":{"@type":"PropertyValueSpecification","valueRequired":true,"valueName":"search_term_string"}}],"inLanguage":"et"}]}},"_links":{"self":[{"href":"https:\/\/veeohutus.ee\/suvi\/wp-json\/wp\/v2\/pages\/2872","targetHints":{"allow":["GET"]}}],"collection":[{"href":"https:\/\/veeohutus.ee\/suvi\/wp-json\/wp\/v2\/pages"}],"about":[{"href":"https:\/\/veeohutus.ee\/suvi\/wp-json\/wp\/v2\/types\/page"}],"author":[{"embeddable":true,"href":"https:\/\/veeohutus.ee\/suvi\/wp-json\/wp\/v2\/users\/2"}],"replies":[{"embeddable":true,"href":"https:\/\/veeohutus.ee\/suvi\/wp-json\/wp\/v2\/comments?post=2872"}],"version-history":[{"count":20,"href":"https:\/\/veeohutus.ee\/suvi\/wp-json\/wp\/v2\/pages\/2872\/revisions"}],"predecessor-version":[{"id":3282,"href":"https:\/\/veeohutus.ee\/suvi\/wp-json\/wp\/v2\/pages\/2872\/revisions\/3282"}],"wp:featuredmedia":[{"embeddable":true,"href":"https:\/\/veeohutus.ee\/suvi\/wp-json\/wp\/v2\/media\/3030"}],"wp:attachment":[{"href":"https:\/\/veeohutus.ee\/suvi\/wp-json\/wp\/v2\/media?parent=2872"}],"curies":[{"name":"wp","href":"https:\/\/api.w.org\/{rel}","templated":true}]}}