{"id":2884,"date":"2019-05-17T12:47:30","date_gmt":"2019-05-17T09:47:30","guid":{"rendered":"https:\/\/veeohutus.ee\/suvi\/?page_id=2884"},"modified":"2022-04-11T08:59:02","modified_gmt":"2022-04-11T05:59:02","slug":"oht-vette-kukkuda","status":"publish","type":"page","link":"https:\/\/veeohutus.ee\/suvi\/oht-vette-kukkuda\/","title":{"rendered":"Oht vette kukkuda"},"content":{"rendered":"<h3>Liikumine ja f\u00fc\u00fcsiline tegevus on kasulikud, kuid veekogu l\u00e4hedal tuleb olla \u00e4\u00e4rmiselt ettevaatlik. Ka t\u0161empionid v\u00e4sivad.<\/h3>\n<p><strong>R\u00e4\u00e4gi eaka l\u00e4hedasega ja soovita ta<\/strong>l:<\/p>\n<ul>\n<li>K\u00f5ndides\/joostes\/ tervisek\u00f5ndi tehes mitte liikuda kaldale liiga l\u00e4hedal<br \/>\nV\u00e4ltida purdeid ja kitsaid lagunenud v\u00f5i piireteta sildu<\/li>\n<li>Jalgrattaga silda \u00fcletades tulla rattalt maha<\/li>\n<li>Olla veekogust vett v\u00f5ttes v\u00e4ga ettevaatlik<\/li>\n<\/ul>\n<p><strong>PS. Loo eakale l\u00e4hedasele turvaline vee v\u00f5tmise lahendus. N\u00e4iteks:<\/strong><\/p>\n<ul>\n<li>Ehita v\u00f5i paranda kaev<\/li>\n<li>Too vesi pumba abil turvalisse kaugusse<\/li>\n<li>Loo aiavoolikuga kastmise lahendus<\/li>\n<\/ul>\n<p><strong>Ning \u00e4ra unusta, et alkohol v\u00f5imendab kukkumise ohtu.<\/strong><\/p>\n<p>&nbsp;<\/p>\n<p><iframe loading=\"lazy\" title=\"Ka t\u0161empionid v\u00e4sivad. Kukkumine.\" width=\"680\" height=\"383\" src=\"https:\/\/www.youtube.com\/embed\/WVspj79bmQs?feature=oembed\" frameborder=\"0\" allow=\"accelerometer; autoplay; clipboard-write; encrypted-media; gyroscope; picture-in-picture\" allowfullscreen><\/iframe><\/p>\n","protected":false},"excerpt":{"rendered":"<p>Liikumine ja f\u00fc\u00fcsiline tegevus on kasulikud, kuid veekogu l\u00e4hedal tuleb olla \u00e4\u00e4rmiselt ettevaatlik. Ka t\u0161empionid v\u00e4sivad. R\u00e4\u00e4gi eaka l\u00e4hedasega ja soovita tal: K\u00f5ndides\/joostes\/ tervisek\u00f5ndi tehes mitte liikuda kaldale liiga l\u00e4hedal V\u00e4ltida purdeid ja kitsaid lagunenud v\u00f5i piireteta sildu Jalgrattaga silda \u00fcletades tulla rattalt maha Olla veekogust vett v\u00f5ttes v\u00e4ga ettevaatlik PS. Loo eakale l\u00e4hedasele turvaline&#8230;  <a class=\"excerpt-read-more\" href=\"https:\/\/veeohutus.ee\/suvi\/oht-vette-kukkuda\/\" title=\"Read Oht vette kukkuda\">Read more<\/a><\/p>\n","protected":false},"author":2,"featured_media":2922,"parent":0,"menu_order":0,"comment_status":"closed","ping_status":"closed","template":"","meta":{"_acf_changed":false,"footnotes":""},"class_list":["post-2884","page","type-page","status-publish","has-post-thumbnail","hentry"],"acf":[],"yoast_head":"<!-- This site is optimized with the Yoast SEO plugin v26.7 - https:\/\/yoast.com\/wordpress\/plugins\/seo\/ -->\n<title>Oht vette kukkuda - P\u00e4\u00e4steamet - Kampaania 2019<\/title>\n<meta name=\"description\" content=\"Liikumine ja f\u00fc\u00fcsiline tegevus on kasulikud, kuid veekogu l\u00e4hedal tuleb olla \u00e4\u00e4rmiselt ettevaatlik. Ka t\u0161empionid v\u00e4sivad.\" \/>\n<meta name=\"robots\" content=\"index, follow, max-snippet:-1, max-image-preview:large, max-video-preview:-1\" \/>\n<link rel=\"canonical\" href=\"https:\/\/veeohutus.ee\/suvi\/oht-vette-kukkuda\/\" \/>\n<meta property=\"og:locale\" content=\"et_EE\" \/>\n<meta property=\"og:type\" content=\"article\" \/>\n<meta property=\"og:title\" content=\"Oht vette kukkuda - P\u00e4\u00e4steamet - Kampaania 2019\" \/>\n<meta property=\"og:description\" content=\"Liikumine ja f\u00fc\u00fcsiline tegevus on kasulikud, kuid veekogu l\u00e4hedal tuleb olla \u00e4\u00e4rmiselt ettevaatlik. Ka t\u0161empionid v\u00e4sivad.\" \/>\n<meta property=\"og:url\" content=\"https:\/\/veeohutus.ee\/suvi\/oht-vette-kukkuda\/\" \/>\n<meta property=\"og:site_name\" content=\"Veeohutus - Suvi - tule uuri, kuidas ennetada ja aidata - P\u00e4\u00e4steamet\" \/>\n<meta property=\"article:modified_time\" content=\"2022-04-11T05:59:02+00:00\" \/>\n<meta property=\"og:image\" content=\"https:\/\/veeohutus.ee\/suvi\/wp-content\/uploads\/2019\/05\/veeohutus_kastekann_1320x320_tekstivaba-1.png\" \/>\n\t<meta property=\"og:image:width\" content=\"1296\" \/>\n\t<meta property=\"og:image:height\" content=\"314\" \/>\n\t<meta property=\"og:image:type\" content=\"image\/png\" \/>\n<meta name=\"twitter:card\" content=\"summary_large_image\" \/>\n<meta name=\"twitter:label1\" content=\"Est. reading time\" \/>\n\t<meta name=\"twitter:data1\" content=\"1 minut\" \/>\n<script type=\"application\/ld+json\" class=\"yoast-schema-graph\">{\"@context\":\"https:\/\/schema.org\",\"@graph\":[{\"@type\":\"WebPage\",\"@id\":\"https:\/\/veeohutus.ee\/suvi\/oht-vette-kukkuda\/\",\"url\":\"https:\/\/veeohutus.ee\/suvi\/oht-vette-kukkuda\/\",\"name\":\"Oht vette kukkuda - P\u00e4\u00e4steamet - Kampaania 2019\",\"isPartOf\":{\"@id\":\"https:\/\/veeohutus.ee\/suvi\/#website\"},\"primaryImageOfPage\":{\"@id\":\"https:\/\/veeohutus.ee\/suvi\/oht-vette-kukkuda\/#primaryimage\"},\"image\":{\"@id\":\"https:\/\/veeohutus.ee\/suvi\/oht-vette-kukkuda\/#primaryimage\"},\"thumbnailUrl\":\"https:\/\/veeohutus.ee\/suvi\/wp-content\/uploads\/2019\/05\/veeohutus_kastekann_1320x320_tekstivaba-1.png\",\"datePublished\":\"2019-05-17T09:47:30+00:00\",\"dateModified\":\"2022-04-11T05:59:02+00:00\",\"description\":\"Liikumine ja f\u00fc\u00fcsiline tegevus on kasulikud, kuid veekogu l\u00e4hedal tuleb olla \u00e4\u00e4rmiselt ettevaatlik. Ka t\u0161empionid v\u00e4sivad.\",\"breadcrumb\":{\"@id\":\"https:\/\/veeohutus.ee\/suvi\/oht-vette-kukkuda\/#breadcrumb\"},\"inLanguage\":\"et\",\"potentialAction\":[{\"@type\":\"ReadAction\",\"target\":[\"https:\/\/veeohutus.ee\/suvi\/oht-vette-kukkuda\/\"]}]},{\"@type\":\"ImageObject\",\"inLanguage\":\"et\",\"@id\":\"https:\/\/veeohutus.ee\/suvi\/oht-vette-kukkuda\/#primaryimage\",\"url\":\"https:\/\/veeohutus.ee\/suvi\/wp-content\/uploads\/2019\/05\/veeohutus_kastekann_1320x320_tekstivaba-1.png\",\"contentUrl\":\"https:\/\/veeohutus.ee\/suvi\/wp-content\/uploads\/2019\/05\/veeohutus_kastekann_1320x320_tekstivaba-1.png\",\"width\":1296,\"height\":314},{\"@type\":\"BreadcrumbList\",\"@id\":\"https:\/\/veeohutus.ee\/suvi\/oht-vette-kukkuda\/#breadcrumb\",\"itemListElement\":[{\"@type\":\"ListItem\",\"position\":1,\"name\":\"Home\",\"item\":\"https:\/\/veeohutus.ee\/suvi\/\"},{\"@type\":\"ListItem\",\"position\":2,\"name\":\"Oht vette kukkuda\"}]},{\"@type\":\"WebSite\",\"@id\":\"https:\/\/veeohutus.ee\/suvi\/#website\",\"url\":\"https:\/\/veeohutus.ee\/suvi\/\",\"name\":\"Veeohutus - Suvi - tule uuri, kuidas ennetada ja aidata - P\u00e4\u00e4steamet\",\"description\":\"P\u00e4\u00e4steamet - Veeohutus\",\"potentialAction\":[{\"@type\":\"SearchAction\",\"target\":{\"@type\":\"EntryPoint\",\"urlTemplate\":\"https:\/\/veeohutus.ee\/suvi\/?s={search_term_string}\"},\"query-input\":{\"@type\":\"PropertyValueSpecification\",\"valueRequired\":true,\"valueName\":\"search_term_string\"}}],\"inLanguage\":\"et\"}]}<\/script>\n<!-- \/ Yoast SEO plugin. -->","yoast_head_json":{"title":"Oht vette kukkuda - P\u00e4\u00e4steamet - Kampaania 2019","description":"Liikumine ja f\u00fc\u00fcsiline tegevus on kasulikud, kuid veekogu l\u00e4hedal tuleb olla \u00e4\u00e4rmiselt ettevaatlik. Ka t\u0161empionid v\u00e4sivad.","robots":{"index":"index","follow":"follow","max-snippet":"max-snippet:-1","max-image-preview":"max-image-preview:large","max-video-preview":"max-video-preview:-1"},"canonical":"https:\/\/veeohutus.ee\/suvi\/oht-vette-kukkuda\/","og_locale":"et_EE","og_type":"article","og_title":"Oht vette kukkuda - P\u00e4\u00e4steamet - Kampaania 2019","og_description":"Liikumine ja f\u00fc\u00fcsiline tegevus on kasulikud, kuid veekogu l\u00e4hedal tuleb olla \u00e4\u00e4rmiselt ettevaatlik. Ka t\u0161empionid v\u00e4sivad.","og_url":"https:\/\/veeohutus.ee\/suvi\/oht-vette-kukkuda\/","og_site_name":"Veeohutus - Suvi - tule uuri, kuidas ennetada ja aidata - P\u00e4\u00e4steamet","article_modified_time":"2022-04-11T05:59:02+00:00","og_image":[{"width":1296,"height":314,"url":"https:\/\/veeohutus.ee\/suvi\/wp-content\/uploads\/2019\/05\/veeohutus_kastekann_1320x320_tekstivaba-1.png","type":"image\/png"}],"twitter_card":"summary_large_image","twitter_misc":{"Est. reading time":"1 minut"},"schema":{"@context":"https:\/\/schema.org","@graph":[{"@type":"WebPage","@id":"https:\/\/veeohutus.ee\/suvi\/oht-vette-kukkuda\/","url":"https:\/\/veeohutus.ee\/suvi\/oht-vette-kukkuda\/","name":"Oht vette kukkuda - P\u00e4\u00e4steamet - Kampaania 2019","isPartOf":{"@id":"https:\/\/veeohutus.ee\/suvi\/#website"},"primaryImageOfPage":{"@id":"https:\/\/veeohutus.ee\/suvi\/oht-vette-kukkuda\/#primaryimage"},"image":{"@id":"https:\/\/veeohutus.ee\/suvi\/oht-vette-kukkuda\/#primaryimage"},"thumbnailUrl":"https:\/\/veeohutus.ee\/suvi\/wp-content\/uploads\/2019\/05\/veeohutus_kastekann_1320x320_tekstivaba-1.png","datePublished":"2019-05-17T09:47:30+00:00","dateModified":"2022-04-11T05:59:02+00:00","description":"Liikumine ja f\u00fc\u00fcsiline tegevus on kasulikud, kuid veekogu l\u00e4hedal tuleb olla \u00e4\u00e4rmiselt ettevaatlik. Ka t\u0161empionid v\u00e4sivad.","breadcrumb":{"@id":"https:\/\/veeohutus.ee\/suvi\/oht-vette-kukkuda\/#breadcrumb"},"inLanguage":"et","potentialAction":[{"@type":"ReadAction","target":["https:\/\/veeohutus.ee\/suvi\/oht-vette-kukkuda\/"]}]},{"@type":"ImageObject","inLanguage":"et","@id":"https:\/\/veeohutus.ee\/suvi\/oht-vette-kukkuda\/#primaryimage","url":"https:\/\/veeohutus.ee\/suvi\/wp-content\/uploads\/2019\/05\/veeohutus_kastekann_1320x320_tekstivaba-1.png","contentUrl":"https:\/\/veeohutus.ee\/suvi\/wp-content\/uploads\/2019\/05\/veeohutus_kastekann_1320x320_tekstivaba-1.png","width":1296,"height":314},{"@type":"BreadcrumbList","@id":"https:\/\/veeohutus.ee\/suvi\/oht-vette-kukkuda\/#breadcrumb","itemListElement":[{"@type":"ListItem","position":1,"name":"Home","item":"https:\/\/veeohutus.ee\/suvi\/"},{"@type":"ListItem","position":2,"name":"Oht vette kukkuda"}]},{"@type":"WebSite","@id":"https:\/\/veeohutus.ee\/suvi\/#website","url":"https:\/\/veeohutus.ee\/suvi\/","name":"Veeohutus - Suvi - tule uuri, kuidas ennetada ja aidata - P\u00e4\u00e4steamet","description":"P\u00e4\u00e4steamet - Veeohutus","potentialAction":[{"@type":"SearchAction","target":{"@type":"EntryPoint","urlTemplate":"https:\/\/veeohutus.ee\/suvi\/?s={search_term_string}"},"query-input":{"@type":"PropertyValueSpecification","valueRequired":true,"valueName":"search_term_string"}}],"inLanguage":"et"}]}},"_links":{"self":[{"href":"https:\/\/veeohutus.ee\/suvi\/wp-json\/wp\/v2\/pages\/2884","targetHints":{"allow":["GET"]}}],"collection":[{"href":"https:\/\/veeohutus.ee\/suvi\/wp-json\/wp\/v2\/pages"}],"about":[{"href":"https:\/\/veeohutus.ee\/suvi\/wp-json\/wp\/v2\/types\/page"}],"author":[{"embeddable":true,"href":"https:\/\/veeohutus.ee\/suvi\/wp-json\/wp\/v2\/users\/2"}],"replies":[{"embeddable":true,"href":"https:\/\/veeohutus.ee\/suvi\/wp-json\/wp\/v2\/comments?post=2884"}],"version-history":[{"count":7,"href":"https:\/\/veeohutus.ee\/suvi\/wp-json\/wp\/v2\/pages\/2884\/revisions"}],"predecessor-version":[{"id":3271,"href":"https:\/\/veeohutus.ee\/suvi\/wp-json\/wp\/v2\/pages\/2884\/revisions\/3271"}],"wp:featuredmedia":[{"embeddable":true,"href":"https:\/\/veeohutus.ee\/suvi\/wp-json\/wp\/v2\/media\/2922"}],"wp:attachment":[{"href":"https:\/\/veeohutus.ee\/suvi\/wp-json\/wp\/v2\/media?parent=2884"}],"curies":[{"name":"wp","href":"https:\/\/api.w.org\/{rel}","templated":true}]}}