{"id":2889,"date":"2019-05-17T12:50:12","date_gmt":"2019-05-17T09:50:12","guid":{"rendered":"https:\/\/veeohutus.ee\/suvi\/?page_id=2889"},"modified":"2022-04-11T08:59:23","modified_gmt":"2022-04-11T05:59:23","slug":"ohud-kalastamisel","status":"publish","type":"page","link":"https:\/\/veeohutus.ee\/suvi\/ohud-kalastamisel\/","title":{"rendered":"Ohud kalastamisel"},"content":{"rendered":"<h3>Kalalk\u00e4ik annab hea enesetunde ja soosib v\u00e4rskes \u00f5hus liikumist, kuid kalastades tuleb olla \u00e4\u00e4rmiselt ettevaatlik. Ka t\u0161empionid v\u00e4sivad!<\/h3>\n<p><strong>R\u00e4\u00e4gi eaka l\u00e4hedasega ja soovita tal:<\/strong><\/p>\n<ul>\n<li>Mitte minna kaldast liiga kaugele<\/li>\n<li>Arvestada laine ja ilmaoludega<\/li>\n<li>V\u00f5tta kalale minnes s\u00f5ber kaasa<\/li>\n<li>V\u00f5tta kalale minnes kaasa laetud mobiiltelefon<\/li>\n<li>Alati \u00f6elda kuhu ta l\u00e4heb ja millal tagasi tuleb<\/li>\n<li>Kanda p\u00e4\u00e4stevesti ka kaldalt kala p\u00fc\u00fcdes<\/li>\n<\/ul>\n<p><iframe loading=\"lazy\" title=\"Ka t\u0161empionid v\u00e4sivad. Kalastamine.\" width=\"680\" height=\"383\" src=\"https:\/\/www.youtube.com\/embed\/ppNSLwdsCUc?feature=oembed\" frameborder=\"0\" allow=\"accelerometer; autoplay; clipboard-write; encrypted-media; gyroscope; picture-in-picture\" allowfullscreen><\/iframe><\/p>\n","protected":false},"excerpt":{"rendered":"<p>Kalalk\u00e4ik annab hea enesetunde ja soosib v\u00e4rskes \u00f5hus liikumist, kuid kalastades tuleb olla \u00e4\u00e4rmiselt ettevaatlik. Ka t\u0161empionid v\u00e4sivad! R\u00e4\u00e4gi eaka l\u00e4hedasega ja soovita tal: Mitte minna kaldast liiga kaugele Arvestada laine ja ilmaoludega V\u00f5tta kalale minnes s\u00f5ber kaasa V\u00f5tta kalale minnes kaasa laetud mobiiltelefon Alati \u00f6elda kuhu ta l\u00e4heb ja millal tagasi tuleb Kanda p\u00e4\u00e4stevesti&#8230;  <a class=\"excerpt-read-more\" href=\"https:\/\/veeohutus.ee\/suvi\/ohud-kalastamisel\/\" title=\"Read Ohud kalastamisel\">Read more<\/a><\/p>\n","protected":false},"author":2,"featured_media":2977,"parent":0,"menu_order":0,"comment_status":"closed","ping_status":"closed","template":"","meta":{"_acf_changed":false,"footnotes":""},"class_list":["post-2889","page","type-page","status-publish","has-post-thumbnail","hentry"],"acf":[],"yoast_head":"<!-- This site is optimized with the Yoast SEO plugin v26.7 - https:\/\/yoast.com\/wordpress\/plugins\/seo\/ -->\n<title>Ohud kalap\u00fc\u00fcgil - P\u00e4\u00e4steamet kampaania 2019<\/title>\n<meta name=\"description\" content=\"Kalastades tuleb olla \u00e4\u00e4rmiselt ettevaatlik. Ka t\u0161empionid v\u00e4sivad! 2018. aastal uppus kalastades 6 eakat. R\u00e4\u00e4gi eaka l\u00e4hedasega.\" \/>\n<meta name=\"robots\" content=\"index, follow, max-snippet:-1, max-image-preview:large, max-video-preview:-1\" \/>\n<link rel=\"canonical\" href=\"https:\/\/veeohutus.ee\/suvi\/ohud-kalastamisel\/\" \/>\n<meta property=\"og:locale\" content=\"et_EE\" \/>\n<meta property=\"og:type\" content=\"article\" \/>\n<meta property=\"og:title\" content=\"Ohud kalap\u00fc\u00fcgil - P\u00e4\u00e4steamet kampaania 2019\" \/>\n<meta property=\"og:description\" content=\"Kalastades tuleb olla \u00e4\u00e4rmiselt ettevaatlik. Ka t\u0161empionid v\u00e4sivad! 2018. aastal uppus kalastades 6 eakat. R\u00e4\u00e4gi eaka l\u00e4hedasega.\" \/>\n<meta property=\"og:url\" content=\"https:\/\/veeohutus.ee\/suvi\/ohud-kalastamisel\/\" \/>\n<meta property=\"og:site_name\" content=\"Veeohutus - Suvi - tule uuri, kuidas ennetada ja aidata - P\u00e4\u00e4steamet\" \/>\n<meta property=\"article:modified_time\" content=\"2022-04-11T05:59:23+00:00\" \/>\n<meta property=\"og:image\" content=\"https:\/\/veeohutus.ee\/suvi\/wp-content\/uploads\/2019\/05\/veeohutus_kalamees_1320x320_tekstivaba.png\" \/>\n\t<meta property=\"og:image:width\" content=\"1320\" \/>\n\t<meta property=\"og:image:height\" content=\"320\" \/>\n\t<meta property=\"og:image:type\" content=\"image\/png\" \/>\n<meta name=\"twitter:card\" content=\"summary_large_image\" \/>\n<meta name=\"twitter:label1\" content=\"Est. reading time\" \/>\n\t<meta name=\"twitter:data1\" content=\"1 minut\" \/>\n<script type=\"application\/ld+json\" class=\"yoast-schema-graph\">{\"@context\":\"https:\/\/schema.org\",\"@graph\":[{\"@type\":\"WebPage\",\"@id\":\"https:\/\/veeohutus.ee\/suvi\/ohud-kalastamisel\/\",\"url\":\"https:\/\/veeohutus.ee\/suvi\/ohud-kalastamisel\/\",\"name\":\"Ohud kalap\u00fc\u00fcgil - P\u00e4\u00e4steamet kampaania 2019\",\"isPartOf\":{\"@id\":\"https:\/\/veeohutus.ee\/suvi\/#website\"},\"primaryImageOfPage\":{\"@id\":\"https:\/\/veeohutus.ee\/suvi\/ohud-kalastamisel\/#primaryimage\"},\"image\":{\"@id\":\"https:\/\/veeohutus.ee\/suvi\/ohud-kalastamisel\/#primaryimage\"},\"thumbnailUrl\":\"https:\/\/veeohutus.ee\/suvi\/wp-content\/uploads\/2019\/05\/veeohutus_kalamees_1320x320_tekstivaba.png\",\"datePublished\":\"2019-05-17T09:50:12+00:00\",\"dateModified\":\"2022-04-11T05:59:23+00:00\",\"description\":\"Kalastades tuleb olla \u00e4\u00e4rmiselt ettevaatlik. Ka t\u0161empionid v\u00e4sivad! 2018. aastal uppus kalastades 6 eakat. R\u00e4\u00e4gi eaka l\u00e4hedasega.\",\"breadcrumb\":{\"@id\":\"https:\/\/veeohutus.ee\/suvi\/ohud-kalastamisel\/#breadcrumb\"},\"inLanguage\":\"et\",\"potentialAction\":[{\"@type\":\"ReadAction\",\"target\":[\"https:\/\/veeohutus.ee\/suvi\/ohud-kalastamisel\/\"]}]},{\"@type\":\"ImageObject\",\"inLanguage\":\"et\",\"@id\":\"https:\/\/veeohutus.ee\/suvi\/ohud-kalastamisel\/#primaryimage\",\"url\":\"https:\/\/veeohutus.ee\/suvi\/wp-content\/uploads\/2019\/05\/veeohutus_kalamees_1320x320_tekstivaba.png\",\"contentUrl\":\"https:\/\/veeohutus.ee\/suvi\/wp-content\/uploads\/2019\/05\/veeohutus_kalamees_1320x320_tekstivaba.png\",\"width\":1320,\"height\":320},{\"@type\":\"BreadcrumbList\",\"@id\":\"https:\/\/veeohutus.ee\/suvi\/ohud-kalastamisel\/#breadcrumb\",\"itemListElement\":[{\"@type\":\"ListItem\",\"position\":1,\"name\":\"Home\",\"item\":\"https:\/\/veeohutus.ee\/suvi\/\"},{\"@type\":\"ListItem\",\"position\":2,\"name\":\"Ohud kalastamisel\"}]},{\"@type\":\"WebSite\",\"@id\":\"https:\/\/veeohutus.ee\/suvi\/#website\",\"url\":\"https:\/\/veeohutus.ee\/suvi\/\",\"name\":\"Veeohutus - Suvi - tule uuri, kuidas ennetada ja aidata - P\u00e4\u00e4steamet\",\"description\":\"P\u00e4\u00e4steamet - Veeohutus\",\"potentialAction\":[{\"@type\":\"SearchAction\",\"target\":{\"@type\":\"EntryPoint\",\"urlTemplate\":\"https:\/\/veeohutus.ee\/suvi\/?s={search_term_string}\"},\"query-input\":{\"@type\":\"PropertyValueSpecification\",\"valueRequired\":true,\"valueName\":\"search_term_string\"}}],\"inLanguage\":\"et\"}]}<\/script>\n<!-- \/ Yoast SEO plugin. -->","yoast_head_json":{"title":"Ohud kalap\u00fc\u00fcgil - P\u00e4\u00e4steamet kampaania 2019","description":"Kalastades tuleb olla \u00e4\u00e4rmiselt ettevaatlik. Ka t\u0161empionid v\u00e4sivad! 2018. aastal uppus kalastades 6 eakat. R\u00e4\u00e4gi eaka l\u00e4hedasega.","robots":{"index":"index","follow":"follow","max-snippet":"max-snippet:-1","max-image-preview":"max-image-preview:large","max-video-preview":"max-video-preview:-1"},"canonical":"https:\/\/veeohutus.ee\/suvi\/ohud-kalastamisel\/","og_locale":"et_EE","og_type":"article","og_title":"Ohud kalap\u00fc\u00fcgil - P\u00e4\u00e4steamet kampaania 2019","og_description":"Kalastades tuleb olla \u00e4\u00e4rmiselt ettevaatlik. Ka t\u0161empionid v\u00e4sivad! 2018. aastal uppus kalastades 6 eakat. R\u00e4\u00e4gi eaka l\u00e4hedasega.","og_url":"https:\/\/veeohutus.ee\/suvi\/ohud-kalastamisel\/","og_site_name":"Veeohutus - Suvi - tule uuri, kuidas ennetada ja aidata - P\u00e4\u00e4steamet","article_modified_time":"2022-04-11T05:59:23+00:00","og_image":[{"width":1320,"height":320,"url":"https:\/\/veeohutus.ee\/suvi\/wp-content\/uploads\/2019\/05\/veeohutus_kalamees_1320x320_tekstivaba.png","type":"image\/png"}],"twitter_card":"summary_large_image","twitter_misc":{"Est. reading time":"1 minut"},"schema":{"@context":"https:\/\/schema.org","@graph":[{"@type":"WebPage","@id":"https:\/\/veeohutus.ee\/suvi\/ohud-kalastamisel\/","url":"https:\/\/veeohutus.ee\/suvi\/ohud-kalastamisel\/","name":"Ohud kalap\u00fc\u00fcgil - P\u00e4\u00e4steamet kampaania 2019","isPartOf":{"@id":"https:\/\/veeohutus.ee\/suvi\/#website"},"primaryImageOfPage":{"@id":"https:\/\/veeohutus.ee\/suvi\/ohud-kalastamisel\/#primaryimage"},"image":{"@id":"https:\/\/veeohutus.ee\/suvi\/ohud-kalastamisel\/#primaryimage"},"thumbnailUrl":"https:\/\/veeohutus.ee\/suvi\/wp-content\/uploads\/2019\/05\/veeohutus_kalamees_1320x320_tekstivaba.png","datePublished":"2019-05-17T09:50:12+00:00","dateModified":"2022-04-11T05:59:23+00:00","description":"Kalastades tuleb olla \u00e4\u00e4rmiselt ettevaatlik. Ka t\u0161empionid v\u00e4sivad! 2018. aastal uppus kalastades 6 eakat. R\u00e4\u00e4gi eaka l\u00e4hedasega.","breadcrumb":{"@id":"https:\/\/veeohutus.ee\/suvi\/ohud-kalastamisel\/#breadcrumb"},"inLanguage":"et","potentialAction":[{"@type":"ReadAction","target":["https:\/\/veeohutus.ee\/suvi\/ohud-kalastamisel\/"]}]},{"@type":"ImageObject","inLanguage":"et","@id":"https:\/\/veeohutus.ee\/suvi\/ohud-kalastamisel\/#primaryimage","url":"https:\/\/veeohutus.ee\/suvi\/wp-content\/uploads\/2019\/05\/veeohutus_kalamees_1320x320_tekstivaba.png","contentUrl":"https:\/\/veeohutus.ee\/suvi\/wp-content\/uploads\/2019\/05\/veeohutus_kalamees_1320x320_tekstivaba.png","width":1320,"height":320},{"@type":"BreadcrumbList","@id":"https:\/\/veeohutus.ee\/suvi\/ohud-kalastamisel\/#breadcrumb","itemListElement":[{"@type":"ListItem","position":1,"name":"Home","item":"https:\/\/veeohutus.ee\/suvi\/"},{"@type":"ListItem","position":2,"name":"Ohud kalastamisel"}]},{"@type":"WebSite","@id":"https:\/\/veeohutus.ee\/suvi\/#website","url":"https:\/\/veeohutus.ee\/suvi\/","name":"Veeohutus - Suvi - tule uuri, kuidas ennetada ja aidata - P\u00e4\u00e4steamet","description":"P\u00e4\u00e4steamet - Veeohutus","potentialAction":[{"@type":"SearchAction","target":{"@type":"EntryPoint","urlTemplate":"https:\/\/veeohutus.ee\/suvi\/?s={search_term_string}"},"query-input":{"@type":"PropertyValueSpecification","valueRequired":true,"valueName":"search_term_string"}}],"inLanguage":"et"}]}},"_links":{"self":[{"href":"https:\/\/veeohutus.ee\/suvi\/wp-json\/wp\/v2\/pages\/2889","targetHints":{"allow":["GET"]}}],"collection":[{"href":"https:\/\/veeohutus.ee\/suvi\/wp-json\/wp\/v2\/pages"}],"about":[{"href":"https:\/\/veeohutus.ee\/suvi\/wp-json\/wp\/v2\/types\/page"}],"author":[{"embeddable":true,"href":"https:\/\/veeohutus.ee\/suvi\/wp-json\/wp\/v2\/users\/2"}],"replies":[{"embeddable":true,"href":"https:\/\/veeohutus.ee\/suvi\/wp-json\/wp\/v2\/comments?post=2889"}],"version-history":[{"count":6,"href":"https:\/\/veeohutus.ee\/suvi\/wp-json\/wp\/v2\/pages\/2889\/revisions"}],"predecessor-version":[{"id":3272,"href":"https:\/\/veeohutus.ee\/suvi\/wp-json\/wp\/v2\/pages\/2889\/revisions\/3272"}],"wp:featuredmedia":[{"embeddable":true,"href":"https:\/\/veeohutus.ee\/suvi\/wp-json\/wp\/v2\/media\/2977"}],"wp:attachment":[{"href":"https:\/\/veeohutus.ee\/suvi\/wp-json\/wp\/v2\/media?parent=2889"}],"curies":[{"name":"wp","href":"https:\/\/api.w.org\/{rel}","templated":true}]}}