{"id":290,"date":"2016-06-22T15:45:27","date_gmt":"2016-06-22T12:45:27","guid":{"rendered":"http:\/\/demo.opus.ee\/projects\/veeohutus\/www\/?page_id=290"},"modified":"2017-05-09T16:03:51","modified_gmt":"2017-05-09T13:03:51","slug":"rannavalve-ja-renditeenuste-juhendid","status":"publish","type":"page","link":"https:\/\/veeohutus.ee\/suvi\/rannavalve-ja-renditeenuste-juhendid\/","title":{"rendered":"Rannavalve ja renditeenuste juhendid"},"content":{"rendered":"<p style=\"text-align: justify;\">Siseministeerium koos mitmete koost\u00f6\u00f6partneritega on uuendanud ja koostanud rannavalveteenuse ning erinevate vees\u00f5idukite renditeenuse hea tava juhendid.<br \/>\nTeenuste head tavad on suunatud nii kohalikele omavalitsustele, turvaettev\u00f5tetele, vetelp\u00e4\u00e4stjatele kui ka veega seotud teenuste pakkujatele. Nimetatud juhendid ei ole kohustuslikud (nad ei oma seaduslikku j\u00f5udu), pigem on tegu soovituslike punktidega, mille t\u00e4itmine suurendab veeohutuse taset Eestis.<\/p>\n<p style=\"text-align: justify;\">Rannavalve teenuse hea tava juhendiga on v\u00f5imalik tutvuda siin:<strong> <a href=\"http:\/\/veeohutus.ee\/www\/wp-content\/uploads\/2016\/06\/Rannavalve-teenuse-juhend.pdf\">Rannavalve teenuse juhend<\/a><\/strong><\/p>\n<p style=\"text-align: justify;\">Vees\u00f5idukite rentimisel ja veeparkide haldamisel osutatava teenuse hea tavaga on v\u00f5imalik tutvuda siin: <strong><a href=\"http:\/\/veeohutus.ee\/www\/wp-content\/uploads\/2016\/06\/Renditeenuse-hea-tava.pdf\">Renditeenuse hea tava<\/a> <\/strong><\/p>\n","protected":false},"excerpt":{"rendered":"<p>Siseministeerium koos mitmete koost\u00f6\u00f6partneritega on uuendanud ja koostanud rannavalveteenuse ning erinevate vees\u00f5idukite renditeenuse hea tava juhendid. Teenuste head tavad on suunatud nii kohalikele omavalitsustele, turvaettev\u00f5tetele, vetelp\u00e4\u00e4stjatele kui ka veega seotud teenuste pakkujatele. Nimetatud juhendid ei ole kohustuslikud (nad ei oma seaduslikku j\u00f5udu), pigem on tegu soovituslike punktidega, mille t\u00e4itmine suurendab veeohutuse taset Eestis. Rannavalve teenuse&#8230;  <a class=\"excerpt-read-more\" href=\"https:\/\/veeohutus.ee\/suvi\/rannavalve-ja-renditeenuste-juhendid\/\" title=\"Read Rannavalve ja renditeenuste juhendid\">Read more<\/a><\/p>\n","protected":false},"author":2,"featured_media":513,"parent":0,"menu_order":17,"comment_status":"closed","ping_status":"closed","template":"","meta":{"_acf_changed":false,"footnotes":""},"class_list":["post-290","page","type-page","status-publish","has-post-thumbnail","hentry"],"acf":[],"yoast_head":"<!-- This site is optimized with the Yoast SEO plugin v26.7 - https:\/\/yoast.com\/wordpress\/plugins\/seo\/ -->\n<title>Rannavalve ja renditeenuste juhendid - Veeohutus - Suvi - tule uuri, kuidas ennetada ja aidata - P\u00e4\u00e4steamet<\/title>\n<meta name=\"robots\" content=\"index, follow, max-snippet:-1, max-image-preview:large, max-video-preview:-1\" \/>\n<link rel=\"canonical\" href=\"https:\/\/veeohutus.ee\/suvi\/rannavalve-ja-renditeenuste-juhendid\/\" \/>\n<meta property=\"og:locale\" content=\"et_EE\" \/>\n<meta property=\"og:type\" content=\"article\" \/>\n<meta property=\"og:title\" content=\"Rannavalve ja renditeenuste juhendid - Veeohutus - Suvi - tule uuri, kuidas ennetada ja aidata - P\u00e4\u00e4steamet\" \/>\n<meta property=\"og:description\" content=\"Siseministeerium koos mitmete koost\u00f6\u00f6partneritega on uuendanud ja koostanud rannavalveteenuse ning erinevate vees\u00f5idukite renditeenuse hea tava juhendid. Teenuste head tavad on suunatud nii kohalikele omavalitsustele, turvaettev\u00f5tetele, vetelp\u00e4\u00e4stjatele kui ka veega seotud teenuste pakkujatele. Nimetatud juhendid ei ole kohustuslikud (nad ei oma seaduslikku j\u00f5udu), pigem on tegu soovituslike punktidega, mille t\u00e4itmine suurendab veeohutuse taset Eestis. Rannavalve teenuse... Read more\" \/>\n<meta property=\"og:url\" content=\"https:\/\/veeohutus.ee\/suvi\/rannavalve-ja-renditeenuste-juhendid\/\" \/>\n<meta property=\"og:site_name\" content=\"Veeohutus - Suvi - tule uuri, kuidas ennetada ja aidata - P\u00e4\u00e4steamet\" \/>\n<meta property=\"article:modified_time\" content=\"2017-05-09T13:03:51+00:00\" \/>\n<meta property=\"og:image\" content=\"https:\/\/veeohutus.ee\/suvi\/wp-content\/uploads\/2016\/06\/iStock_000012207670Large-e1466424707343.jpg\" \/>\n\t<meta property=\"og:image:width\" content=\"2563\" \/>\n\t<meta property=\"og:image:height\" content=\"948\" \/>\n\t<meta property=\"og:image:type\" content=\"image\/jpeg\" \/>\n<meta name=\"twitter:card\" content=\"summary_large_image\" \/>\n<script type=\"application\/ld+json\" class=\"yoast-schema-graph\">{\"@context\":\"https:\/\/schema.org\",\"@graph\":[{\"@type\":\"WebPage\",\"@id\":\"https:\/\/veeohutus.ee\/suvi\/rannavalve-ja-renditeenuste-juhendid\/\",\"url\":\"https:\/\/veeohutus.ee\/suvi\/rannavalve-ja-renditeenuste-juhendid\/\",\"name\":\"Rannavalve ja renditeenuste juhendid - Veeohutus - Suvi - tule uuri, kuidas ennetada ja aidata - P\u00e4\u00e4steamet\",\"isPartOf\":{\"@id\":\"https:\/\/veeohutus.ee\/suvi\/#website\"},\"primaryImageOfPage\":{\"@id\":\"https:\/\/veeohutus.ee\/suvi\/rannavalve-ja-renditeenuste-juhendid\/#primaryimage\"},\"image\":{\"@id\":\"https:\/\/veeohutus.ee\/suvi\/rannavalve-ja-renditeenuste-juhendid\/#primaryimage\"},\"thumbnailUrl\":\"https:\/\/veeohutus.ee\/suvi\/wp-content\/uploads\/2016\/06\/iStock_000012207670Large-e1466424707343.jpg\",\"datePublished\":\"2016-06-22T12:45:27+00:00\",\"dateModified\":\"2017-05-09T13:03:51+00:00\",\"breadcrumb\":{\"@id\":\"https:\/\/veeohutus.ee\/suvi\/rannavalve-ja-renditeenuste-juhendid\/#breadcrumb\"},\"inLanguage\":\"et\",\"potentialAction\":[{\"@type\":\"ReadAction\",\"target\":[\"https:\/\/veeohutus.ee\/suvi\/rannavalve-ja-renditeenuste-juhendid\/\"]}]},{\"@type\":\"ImageObject\",\"inLanguage\":\"et\",\"@id\":\"https:\/\/veeohutus.ee\/suvi\/rannavalve-ja-renditeenuste-juhendid\/#primaryimage\",\"url\":\"https:\/\/veeohutus.ee\/suvi\/wp-content\/uploads\/2016\/06\/iStock_000012207670Large-e1466424707343.jpg\",\"contentUrl\":\"https:\/\/veeohutus.ee\/suvi\/wp-content\/uploads\/2016\/06\/iStock_000012207670Large-e1466424707343.jpg\",\"width\":2563,\"height\":948},{\"@type\":\"BreadcrumbList\",\"@id\":\"https:\/\/veeohutus.ee\/suvi\/rannavalve-ja-renditeenuste-juhendid\/#breadcrumb\",\"itemListElement\":[{\"@type\":\"ListItem\",\"position\":1,\"name\":\"Home\",\"item\":\"https:\/\/veeohutus.ee\/suvi\/\"},{\"@type\":\"ListItem\",\"position\":2,\"name\":\"Rannavalve ja renditeenuste juhendid\"}]},{\"@type\":\"WebSite\",\"@id\":\"https:\/\/veeohutus.ee\/suvi\/#website\",\"url\":\"https:\/\/veeohutus.ee\/suvi\/\",\"name\":\"Veeohutus - Suvi - tule uuri, kuidas ennetada ja aidata - P\u00e4\u00e4steamet\",\"description\":\"P\u00e4\u00e4steamet - Veeohutus\",\"potentialAction\":[{\"@type\":\"SearchAction\",\"target\":{\"@type\":\"EntryPoint\",\"urlTemplate\":\"https:\/\/veeohutus.ee\/suvi\/?s={search_term_string}\"},\"query-input\":{\"@type\":\"PropertyValueSpecification\",\"valueRequired\":true,\"valueName\":\"search_term_string\"}}],\"inLanguage\":\"et\"}]}<\/script>\n<!-- \/ Yoast SEO plugin. -->","yoast_head_json":{"title":"Rannavalve ja renditeenuste juhendid - Veeohutus - Suvi - tule uuri, kuidas ennetada ja aidata - P\u00e4\u00e4steamet","robots":{"index":"index","follow":"follow","max-snippet":"max-snippet:-1","max-image-preview":"max-image-preview:large","max-video-preview":"max-video-preview:-1"},"canonical":"https:\/\/veeohutus.ee\/suvi\/rannavalve-ja-renditeenuste-juhendid\/","og_locale":"et_EE","og_type":"article","og_title":"Rannavalve ja renditeenuste juhendid - Veeohutus - Suvi - tule uuri, kuidas ennetada ja aidata - P\u00e4\u00e4steamet","og_description":"Siseministeerium koos mitmete koost\u00f6\u00f6partneritega on uuendanud ja koostanud rannavalveteenuse ning erinevate vees\u00f5idukite renditeenuse hea tava juhendid. Teenuste head tavad on suunatud nii kohalikele omavalitsustele, turvaettev\u00f5tetele, vetelp\u00e4\u00e4stjatele kui ka veega seotud teenuste pakkujatele. Nimetatud juhendid ei ole kohustuslikud (nad ei oma seaduslikku j\u00f5udu), pigem on tegu soovituslike punktidega, mille t\u00e4itmine suurendab veeohutuse taset Eestis. Rannavalve teenuse... Read more","og_url":"https:\/\/veeohutus.ee\/suvi\/rannavalve-ja-renditeenuste-juhendid\/","og_site_name":"Veeohutus - Suvi - tule uuri, kuidas ennetada ja aidata - P\u00e4\u00e4steamet","article_modified_time":"2017-05-09T13:03:51+00:00","og_image":[{"width":2563,"height":948,"url":"https:\/\/veeohutus.ee\/suvi\/wp-content\/uploads\/2016\/06\/iStock_000012207670Large-e1466424707343.jpg","type":"image\/jpeg"}],"twitter_card":"summary_large_image","schema":{"@context":"https:\/\/schema.org","@graph":[{"@type":"WebPage","@id":"https:\/\/veeohutus.ee\/suvi\/rannavalve-ja-renditeenuste-juhendid\/","url":"https:\/\/veeohutus.ee\/suvi\/rannavalve-ja-renditeenuste-juhendid\/","name":"Rannavalve ja renditeenuste juhendid - Veeohutus - Suvi - tule uuri, kuidas ennetada ja aidata - P\u00e4\u00e4steamet","isPartOf":{"@id":"https:\/\/veeohutus.ee\/suvi\/#website"},"primaryImageOfPage":{"@id":"https:\/\/veeohutus.ee\/suvi\/rannavalve-ja-renditeenuste-juhendid\/#primaryimage"},"image":{"@id":"https:\/\/veeohutus.ee\/suvi\/rannavalve-ja-renditeenuste-juhendid\/#primaryimage"},"thumbnailUrl":"https:\/\/veeohutus.ee\/suvi\/wp-content\/uploads\/2016\/06\/iStock_000012207670Large-e1466424707343.jpg","datePublished":"2016-06-22T12:45:27+00:00","dateModified":"2017-05-09T13:03:51+00:00","breadcrumb":{"@id":"https:\/\/veeohutus.ee\/suvi\/rannavalve-ja-renditeenuste-juhendid\/#breadcrumb"},"inLanguage":"et","potentialAction":[{"@type":"ReadAction","target":["https:\/\/veeohutus.ee\/suvi\/rannavalve-ja-renditeenuste-juhendid\/"]}]},{"@type":"ImageObject","inLanguage":"et","@id":"https:\/\/veeohutus.ee\/suvi\/rannavalve-ja-renditeenuste-juhendid\/#primaryimage","url":"https:\/\/veeohutus.ee\/suvi\/wp-content\/uploads\/2016\/06\/iStock_000012207670Large-e1466424707343.jpg","contentUrl":"https:\/\/veeohutus.ee\/suvi\/wp-content\/uploads\/2016\/06\/iStock_000012207670Large-e1466424707343.jpg","width":2563,"height":948},{"@type":"BreadcrumbList","@id":"https:\/\/veeohutus.ee\/suvi\/rannavalve-ja-renditeenuste-juhendid\/#breadcrumb","itemListElement":[{"@type":"ListItem","position":1,"name":"Home","item":"https:\/\/veeohutus.ee\/suvi\/"},{"@type":"ListItem","position":2,"name":"Rannavalve ja renditeenuste juhendid"}]},{"@type":"WebSite","@id":"https:\/\/veeohutus.ee\/suvi\/#website","url":"https:\/\/veeohutus.ee\/suvi\/","name":"Veeohutus - Suvi - tule uuri, kuidas ennetada ja aidata - P\u00e4\u00e4steamet","description":"P\u00e4\u00e4steamet - Veeohutus","potentialAction":[{"@type":"SearchAction","target":{"@type":"EntryPoint","urlTemplate":"https:\/\/veeohutus.ee\/suvi\/?s={search_term_string}"},"query-input":{"@type":"PropertyValueSpecification","valueRequired":true,"valueName":"search_term_string"}}],"inLanguage":"et"}]}},"_links":{"self":[{"href":"https:\/\/veeohutus.ee\/suvi\/wp-json\/wp\/v2\/pages\/290","targetHints":{"allow":["GET"]}}],"collection":[{"href":"https:\/\/veeohutus.ee\/suvi\/wp-json\/wp\/v2\/pages"}],"about":[{"href":"https:\/\/veeohutus.ee\/suvi\/wp-json\/wp\/v2\/types\/page"}],"author":[{"embeddable":true,"href":"https:\/\/veeohutus.ee\/suvi\/wp-json\/wp\/v2\/users\/2"}],"replies":[{"embeddable":true,"href":"https:\/\/veeohutus.ee\/suvi\/wp-json\/wp\/v2\/comments?post=290"}],"version-history":[{"count":9,"href":"https:\/\/veeohutus.ee\/suvi\/wp-json\/wp\/v2\/pages\/290\/revisions"}],"predecessor-version":[{"id":962,"href":"https:\/\/veeohutus.ee\/suvi\/wp-json\/wp\/v2\/pages\/290\/revisions\/962"}],"wp:featuredmedia":[{"embeddable":true,"href":"https:\/\/veeohutus.ee\/suvi\/wp-json\/wp\/v2\/media\/513"}],"wp:attachment":[{"href":"https:\/\/veeohutus.ee\/suvi\/wp-json\/wp\/v2\/media?parent=290"}],"curies":[{"name":"wp","href":"https:\/\/api.w.org\/{rel}","templated":true}]}}