{"id":3063,"date":"2020-06-18T15:00:12","date_gmt":"2020-06-18T12:00:12","guid":{"rendered":"https:\/\/veeohutus.ee\/suvi\/?page_id=3063"},"modified":"2020-08-26T14:01:33","modified_gmt":"2020-08-26T11:01:33","slug":"markaveeohtu","status":"publish","type":"page","link":"https:\/\/veeohutus.ee\/suvi\/markaveeohtu\/","title":{"rendered":"Fotojaht &#8220;M\u00e4rka veeohtu&#8221;"},"content":{"rendered":"<h3><strong>P\u00e4\u00e4steamet korraldab veeohutuse teemalise<br \/>\nFOTOJAHI \u201eM\u00c4RKA VEEOHTU!\u201c.<\/strong><\/h3>\n<p>Fotojaht \u201cM\u00e4rka veeohtu\u201d on selleks korraks l\u00e4bi! T\u00e4name k\u00f5iki osalejaid, kes saatsid ohtlike veesilmade pilte ja kirjeldusi &#8211; t\u00e4nu teile on mitmed ohud k\u00f5rvaldatud ja mitmetega tegeletakse edasi.<\/p>\n<p><strong>Fotojahi v\u00f5itjad on Maret Kommer, Urmas Lekk, Diana L\u00f5hmus, Karl-Krister Smitt, Pamela Raestu, Mait Penjam, Katrin Ulst ja Erki Vinni. Palju \u00f5nne, v\u00f5tame teiega \u00fchendust!<\/strong><\/p>\n<p>&nbsp;<\/p>\n<img loading=\"lazy\" decoding=\"async\" class=\"aligncenter wp-image-3083 size-large\" src=\"https:\/\/veeohutus.ee\/suvi\/wp-content\/uploads\/2020\/06\/kaev_vaike-676x1024.jpg\" alt=\"\" width=\"676\" height=\"1024\" srcset=\"https:\/\/veeohutus.ee\/suvi\/wp-content\/uploads\/2020\/06\/kaev_vaike-676x1024.jpg 676w, https:\/\/veeohutus.ee\/suvi\/wp-content\/uploads\/2020\/06\/kaev_vaike-198x300.jpg 198w, https:\/\/veeohutus.ee\/suvi\/wp-content\/uploads\/2020\/06\/kaev_vaike-768x1163.jpg 768w, https:\/\/veeohutus.ee\/suvi\/wp-content\/uploads\/2020\/06\/kaev_vaike.jpg 792w\" sizes=\"auto, (max-width: 676px) 100vw, 676px\" \/>\n","protected":false},"excerpt":{"rendered":"<p>P\u00e4\u00e4steamet korraldab veeohutuse teemalise FOTOJAHI \u201eM\u00c4RKA VEEOHTU!\u201c. Fotojaht \u201cM\u00e4rka veeohtu\u201d on selleks korraks l\u00e4bi! T\u00e4name k\u00f5iki osalejaid, kes saatsid ohtlike veesilmade pilte ja kirjeldusi &#8211; t\u00e4nu teile on mitmed ohud k\u00f5rvaldatud ja mitmetega tegeletakse edasi. Fotojahi v\u00f5itjad on Maret Kommer, Urmas Lekk, Diana L\u00f5hmus, Karl-Krister Smitt, Pamela Raestu, Mait Penjam, Katrin Ulst ja Erki Vinni&#8230;.  <a class=\"excerpt-read-more\" href=\"https:\/\/veeohutus.ee\/suvi\/markaveeohtu\/\" title=\"Read Fotojaht &#8220;M\u00e4rka veeohtu&#8221;\">Read more<\/a><\/p>\n","protected":false},"author":2,"featured_media":3117,"parent":0,"menu_order":0,"comment_status":"closed","ping_status":"closed","template":"","meta":{"_acf_changed":false,"footnotes":""},"class_list":["post-3063","page","type-page","status-publish","has-post-thumbnail","hentry"],"acf":[],"yoast_head":"<!-- This site is optimized with the Yoast SEO plugin v26.7 - https:\/\/yoast.com\/wordpress\/plugins\/seo\/ -->\n<title>Fotojaht &quot;M\u00e4rka veeohtu&quot; - Veeohutus - Suvi - tule uuri, kuidas ennetada ja aidata - P\u00e4\u00e4steamet<\/title>\n<meta name=\"robots\" content=\"index, follow, max-snippet:-1, max-image-preview:large, max-video-preview:-1\" \/>\n<link rel=\"canonical\" href=\"https:\/\/veeohutus.ee\/suvi\/markaveeohtu\/\" \/>\n<meta property=\"og:locale\" content=\"et_EE\" \/>\n<meta property=\"og:type\" content=\"article\" \/>\n<meta property=\"og:title\" content=\"Fotojaht &quot;M\u00e4rka veeohtu&quot; - Veeohutus - Suvi - tule uuri, kuidas ennetada ja aidata - P\u00e4\u00e4steamet\" \/>\n<meta property=\"og:description\" content=\"P\u00e4\u00e4steamet korraldab veeohutuse teemalise FOTOJAHI \u201eM\u00c4RKA VEEOHTU!\u201c. Fotojaht \u201cM\u00e4rka veeohtu\u201d on selleks korraks l\u00e4bi! T\u00e4name k\u00f5iki osalejaid, kes saatsid ohtlike veesilmade pilte ja kirjeldusi &#8211; t\u00e4nu teile on mitmed ohud k\u00f5rvaldatud ja mitmetega tegeletakse edasi. Fotojahi v\u00f5itjad on Maret Kommer, Urmas Lekk, Diana L\u00f5hmus, Karl-Krister Smitt, Pamela Raestu, Mait Penjam, Katrin Ulst ja Erki Vinni.... Read more\" \/>\n<meta property=\"og:url\" content=\"https:\/\/veeohutus.ee\/suvi\/markaveeohtu\/\" \/>\n<meta property=\"og:site_name\" content=\"Veeohutus - Suvi - tule uuri, kuidas ennetada ja aidata - P\u00e4\u00e4steamet\" \/>\n<meta property=\"article:modified_time\" content=\"2020-08-26T11:01:33+00:00\" \/>\n<meta property=\"og:image\" content=\"https:\/\/veeohutus.ee\/suvi\/wp-content\/uploads\/2020\/06\/fotojahtsuur.png\" \/>\n\t<meta property=\"og:image:width\" content=\"1320\" \/>\n\t<meta property=\"og:image:height\" content=\"320\" \/>\n\t<meta property=\"og:image:type\" content=\"image\/png\" \/>\n<meta name=\"twitter:card\" content=\"summary_large_image\" \/>\n<script type=\"application\/ld+json\" class=\"yoast-schema-graph\">{\"@context\":\"https:\/\/schema.org\",\"@graph\":[{\"@type\":\"WebPage\",\"@id\":\"https:\/\/veeohutus.ee\/suvi\/markaveeohtu\/\",\"url\":\"https:\/\/veeohutus.ee\/suvi\/markaveeohtu\/\",\"name\":\"Fotojaht \\\"M\u00e4rka veeohtu\\\" - Veeohutus - Suvi - tule uuri, kuidas ennetada ja aidata - P\u00e4\u00e4steamet\",\"isPartOf\":{\"@id\":\"https:\/\/veeohutus.ee\/suvi\/#website\"},\"primaryImageOfPage\":{\"@id\":\"https:\/\/veeohutus.ee\/suvi\/markaveeohtu\/#primaryimage\"},\"image\":{\"@id\":\"https:\/\/veeohutus.ee\/suvi\/markaveeohtu\/#primaryimage\"},\"thumbnailUrl\":\"https:\/\/veeohutus.ee\/suvi\/wp-content\/uploads\/2020\/06\/fotojahtsuur.png\",\"datePublished\":\"2020-06-18T12:00:12+00:00\",\"dateModified\":\"2020-08-26T11:01:33+00:00\",\"breadcrumb\":{\"@id\":\"https:\/\/veeohutus.ee\/suvi\/markaveeohtu\/#breadcrumb\"},\"inLanguage\":\"et\",\"potentialAction\":[{\"@type\":\"ReadAction\",\"target\":[\"https:\/\/veeohutus.ee\/suvi\/markaveeohtu\/\"]}]},{\"@type\":\"ImageObject\",\"inLanguage\":\"et\",\"@id\":\"https:\/\/veeohutus.ee\/suvi\/markaveeohtu\/#primaryimage\",\"url\":\"https:\/\/veeohutus.ee\/suvi\/wp-content\/uploads\/2020\/06\/fotojahtsuur.png\",\"contentUrl\":\"https:\/\/veeohutus.ee\/suvi\/wp-content\/uploads\/2020\/06\/fotojahtsuur.png\",\"width\":1320,\"height\":320},{\"@type\":\"BreadcrumbList\",\"@id\":\"https:\/\/veeohutus.ee\/suvi\/markaveeohtu\/#breadcrumb\",\"itemListElement\":[{\"@type\":\"ListItem\",\"position\":1,\"name\":\"Home\",\"item\":\"https:\/\/veeohutus.ee\/suvi\/\"},{\"@type\":\"ListItem\",\"position\":2,\"name\":\"Fotojaht &#8220;M\u00e4rka veeohtu&#8221;\"}]},{\"@type\":\"WebSite\",\"@id\":\"https:\/\/veeohutus.ee\/suvi\/#website\",\"url\":\"https:\/\/veeohutus.ee\/suvi\/\",\"name\":\"Veeohutus - Suvi - tule uuri, kuidas ennetada ja aidata - P\u00e4\u00e4steamet\",\"description\":\"P\u00e4\u00e4steamet - Veeohutus\",\"potentialAction\":[{\"@type\":\"SearchAction\",\"target\":{\"@type\":\"EntryPoint\",\"urlTemplate\":\"https:\/\/veeohutus.ee\/suvi\/?s={search_term_string}\"},\"query-input\":{\"@type\":\"PropertyValueSpecification\",\"valueRequired\":true,\"valueName\":\"search_term_string\"}}],\"inLanguage\":\"et\"}]}<\/script>\n<!-- \/ Yoast SEO plugin. -->","yoast_head_json":{"title":"Fotojaht \"M\u00e4rka veeohtu\" - Veeohutus - Suvi - tule uuri, kuidas ennetada ja aidata - P\u00e4\u00e4steamet","robots":{"index":"index","follow":"follow","max-snippet":"max-snippet:-1","max-image-preview":"max-image-preview:large","max-video-preview":"max-video-preview:-1"},"canonical":"https:\/\/veeohutus.ee\/suvi\/markaveeohtu\/","og_locale":"et_EE","og_type":"article","og_title":"Fotojaht \"M\u00e4rka veeohtu\" - Veeohutus - Suvi - tule uuri, kuidas ennetada ja aidata - P\u00e4\u00e4steamet","og_description":"P\u00e4\u00e4steamet korraldab veeohutuse teemalise FOTOJAHI \u201eM\u00c4RKA VEEOHTU!\u201c. Fotojaht \u201cM\u00e4rka veeohtu\u201d on selleks korraks l\u00e4bi! T\u00e4name k\u00f5iki osalejaid, kes saatsid ohtlike veesilmade pilte ja kirjeldusi &#8211; t\u00e4nu teile on mitmed ohud k\u00f5rvaldatud ja mitmetega tegeletakse edasi. Fotojahi v\u00f5itjad on Maret Kommer, Urmas Lekk, Diana L\u00f5hmus, Karl-Krister Smitt, Pamela Raestu, Mait Penjam, Katrin Ulst ja Erki Vinni.... Read more","og_url":"https:\/\/veeohutus.ee\/suvi\/markaveeohtu\/","og_site_name":"Veeohutus - Suvi - tule uuri, kuidas ennetada ja aidata - P\u00e4\u00e4steamet","article_modified_time":"2020-08-26T11:01:33+00:00","og_image":[{"width":1320,"height":320,"url":"https:\/\/veeohutus.ee\/suvi\/wp-content\/uploads\/2020\/06\/fotojahtsuur.png","type":"image\/png"}],"twitter_card":"summary_large_image","schema":{"@context":"https:\/\/schema.org","@graph":[{"@type":"WebPage","@id":"https:\/\/veeohutus.ee\/suvi\/markaveeohtu\/","url":"https:\/\/veeohutus.ee\/suvi\/markaveeohtu\/","name":"Fotojaht \"M\u00e4rka veeohtu\" - Veeohutus - Suvi - tule uuri, kuidas ennetada ja aidata - P\u00e4\u00e4steamet","isPartOf":{"@id":"https:\/\/veeohutus.ee\/suvi\/#website"},"primaryImageOfPage":{"@id":"https:\/\/veeohutus.ee\/suvi\/markaveeohtu\/#primaryimage"},"image":{"@id":"https:\/\/veeohutus.ee\/suvi\/markaveeohtu\/#primaryimage"},"thumbnailUrl":"https:\/\/veeohutus.ee\/suvi\/wp-content\/uploads\/2020\/06\/fotojahtsuur.png","datePublished":"2020-06-18T12:00:12+00:00","dateModified":"2020-08-26T11:01:33+00:00","breadcrumb":{"@id":"https:\/\/veeohutus.ee\/suvi\/markaveeohtu\/#breadcrumb"},"inLanguage":"et","potentialAction":[{"@type":"ReadAction","target":["https:\/\/veeohutus.ee\/suvi\/markaveeohtu\/"]}]},{"@type":"ImageObject","inLanguage":"et","@id":"https:\/\/veeohutus.ee\/suvi\/markaveeohtu\/#primaryimage","url":"https:\/\/veeohutus.ee\/suvi\/wp-content\/uploads\/2020\/06\/fotojahtsuur.png","contentUrl":"https:\/\/veeohutus.ee\/suvi\/wp-content\/uploads\/2020\/06\/fotojahtsuur.png","width":1320,"height":320},{"@type":"BreadcrumbList","@id":"https:\/\/veeohutus.ee\/suvi\/markaveeohtu\/#breadcrumb","itemListElement":[{"@type":"ListItem","position":1,"name":"Home","item":"https:\/\/veeohutus.ee\/suvi\/"},{"@type":"ListItem","position":2,"name":"Fotojaht &#8220;M\u00e4rka veeohtu&#8221;"}]},{"@type":"WebSite","@id":"https:\/\/veeohutus.ee\/suvi\/#website","url":"https:\/\/veeohutus.ee\/suvi\/","name":"Veeohutus - Suvi - tule uuri, kuidas ennetada ja aidata - P\u00e4\u00e4steamet","description":"P\u00e4\u00e4steamet - Veeohutus","potentialAction":[{"@type":"SearchAction","target":{"@type":"EntryPoint","urlTemplate":"https:\/\/veeohutus.ee\/suvi\/?s={search_term_string}"},"query-input":{"@type":"PropertyValueSpecification","valueRequired":true,"valueName":"search_term_string"}}],"inLanguage":"et"}]}},"_links":{"self":[{"href":"https:\/\/veeohutus.ee\/suvi\/wp-json\/wp\/v2\/pages\/3063","targetHints":{"allow":["GET"]}}],"collection":[{"href":"https:\/\/veeohutus.ee\/suvi\/wp-json\/wp\/v2\/pages"}],"about":[{"href":"https:\/\/veeohutus.ee\/suvi\/wp-json\/wp\/v2\/types\/page"}],"author":[{"embeddable":true,"href":"https:\/\/veeohutus.ee\/suvi\/wp-json\/wp\/v2\/users\/2"}],"replies":[{"embeddable":true,"href":"https:\/\/veeohutus.ee\/suvi\/wp-json\/wp\/v2\/comments?post=3063"}],"version-history":[{"count":17,"href":"https:\/\/veeohutus.ee\/suvi\/wp-json\/wp\/v2\/pages\/3063\/revisions"}],"predecessor-version":[{"id":3153,"href":"https:\/\/veeohutus.ee\/suvi\/wp-json\/wp\/v2\/pages\/3063\/revisions\/3153"}],"wp:featuredmedia":[{"embeddable":true,"href":"https:\/\/veeohutus.ee\/suvi\/wp-json\/wp\/v2\/media\/3117"}],"wp:attachment":[{"href":"https:\/\/veeohutus.ee\/suvi\/wp-json\/wp\/v2\/media?parent=3063"}],"curies":[{"name":"wp","href":"https:\/\/api.w.org\/{rel}","templated":true}]}}