{"id":3300,"date":"2022-06-29T13:35:10","date_gmt":"2022-06-29T10:35:10","guid":{"rendered":"https:\/\/veeohutus.ee\/suvi\/?page_id=3300"},"modified":"2022-06-29T16:11:16","modified_gmt":"2022-06-29T13:11:16","slug":"telli-endale-selgroo-kujundusega-riided","status":"publish","type":"page","link":"https:\/\/veeohutus.ee\/suvi\/telli-endale-selgroo-kujundusega-riided\/","title":{"rendered":"Telli endale selgroo kujundusega riided"},"content":{"rendered":"<p>Kui soovid endale \u201eMul on selgroogu\u201c kirjaga s\u00e4rki v\u00f5i pusa aga loosi\u00f5nnele lootma ei taha j\u00e4\u00e4da, siis lae siit alla kujundusfailid ja <strong>saad sobiva eseme ise tellida<\/strong>.<\/p>\n<p>Kiri \u201eMul on selgroogu\u201c on m\u00f5eldud valge v\u00e4rviga tr\u00fckituna seljale. Et valge tr\u00fckk v\u00e4lja paistaks, peaks ese olema must v\u00f5i v\u00e4hemalt tumedat tooni.<\/p>\n<p>Soovitame kasutada .cdr v\u00f5i .ai faile ja saata failid e-posti teel, mitte kasutada nn veebi tellimisvorme. Nii tuleb tr\u00fckk kindlasti kvaliteetne ja ilus.<\/p>\n<p><strong>Failid saad alla laadida <a href=\"https:\/\/www.dropbox.com\/scl\/fo\/v3emahwdgxekhyzgn4slb\/h?dl=0&amp;rlkey=pzjxlzpm6oi7aatv78m2tbpn9\" target=\"_blank\" rel=\"noopener\">SIIT<\/a> (dropboxi link)<\/strong><\/p>\n<img loading=\"lazy\" decoding=\"async\" class=\"aligncenter wp-image-3304 size-large\" src=\"https:\/\/veeohutus.ee\/suvi\/wp-content\/uploads\/2022\/06\/Asetus-seljal-page-001-724x1024.jpg\" alt=\"\" width=\"724\" height=\"1024\" srcset=\"https:\/\/veeohutus.ee\/suvi\/wp-content\/uploads\/2022\/06\/Asetus-seljal-page-001-724x1024.jpg 724w, https:\/\/veeohutus.ee\/suvi\/wp-content\/uploads\/2022\/06\/Asetus-seljal-page-001-212x300.jpg 212w, https:\/\/veeohutus.ee\/suvi\/wp-content\/uploads\/2022\/06\/Asetus-seljal-page-001-768x1086.jpg 768w, https:\/\/veeohutus.ee\/suvi\/wp-content\/uploads\/2022\/06\/Asetus-seljal-page-001-1086x1536.jpg 1086w, https:\/\/veeohutus.ee\/suvi\/wp-content\/uploads\/2022\/06\/Asetus-seljal-page-001-1448x2048.jpg 1448w, https:\/\/veeohutus.ee\/suvi\/wp-content\/uploads\/2022\/06\/Asetus-seljal-page-001-scaled.jpg 1811w\" sizes=\"auto, (max-width: 724px) 100vw, 724px\" \/>\n<p>&nbsp;<\/p>\n","protected":false},"excerpt":{"rendered":"<p>Kui soovid endale \u201eMul on selgroogu\u201c kirjaga s\u00e4rki v\u00f5i pusa aga loosi\u00f5nnele lootma ei taha j\u00e4\u00e4da, siis lae siit alla kujundusfailid ja saad sobiva eseme ise tellida. Kiri \u201eMul on selgroogu\u201c on m\u00f5eldud valge v\u00e4rviga tr\u00fckituna seljale. Et valge tr\u00fckk v\u00e4lja paistaks, peaks ese olema must v\u00f5i v\u00e4hemalt tumedat tooni. Soovitame kasutada .cdr v\u00f5i .ai&#8230;  <a class=\"excerpt-read-more\" href=\"https:\/\/veeohutus.ee\/suvi\/telli-endale-selgroo-kujundusega-riided\/\" title=\"Read Telli endale selgroo kujundusega riided\">Read more<\/a><\/p>\n","protected":false},"author":2,"featured_media":3301,"parent":0,"menu_order":0,"comment_status":"closed","ping_status":"closed","template":"","meta":{"_acf_changed":false,"footnotes":""},"class_list":["post-3300","page","type-page","status-publish","has-post-thumbnail","hentry"],"acf":[],"yoast_head":"<!-- This site is optimized with the Yoast SEO plugin v26.7 - https:\/\/yoast.com\/wordpress\/plugins\/seo\/ -->\n<title>Telli endale selgroo kujundusega riided - Veeohutus - Suvi - tule uuri, kuidas ennetada ja aidata - P\u00e4\u00e4steamet<\/title>\n<meta name=\"robots\" content=\"index, follow, max-snippet:-1, max-image-preview:large, max-video-preview:-1\" \/>\n<link rel=\"canonical\" href=\"https:\/\/veeohutus.ee\/suvi\/telli-endale-selgroo-kujundusega-riided\/\" \/>\n<meta property=\"og:locale\" content=\"et_EE\" \/>\n<meta property=\"og:type\" content=\"article\" \/>\n<meta property=\"og:title\" content=\"Telli endale selgroo kujundusega riided - Veeohutus - Suvi - tule uuri, kuidas ennetada ja aidata - P\u00e4\u00e4steamet\" \/>\n<meta property=\"og:description\" content=\"Kui soovid endale \u201eMul on selgroogu\u201c kirjaga s\u00e4rki v\u00f5i pusa aga loosi\u00f5nnele lootma ei taha j\u00e4\u00e4da, siis lae siit alla kujundusfailid ja saad sobiva eseme ise tellida. Kiri \u201eMul on selgroogu\u201c on m\u00f5eldud valge v\u00e4rviga tr\u00fckituna seljale. Et valge tr\u00fckk v\u00e4lja paistaks, peaks ese olema must v\u00f5i v\u00e4hemalt tumedat tooni. Soovitame kasutada .cdr v\u00f5i .ai... Read more\" \/>\n<meta property=\"og:url\" content=\"https:\/\/veeohutus.ee\/suvi\/telli-endale-selgroo-kujundusega-riided\/\" \/>\n<meta property=\"og:site_name\" content=\"Veeohutus - Suvi - tule uuri, kuidas ennetada ja aidata - P\u00e4\u00e4steamet\" \/>\n<meta property=\"article:modified_time\" content=\"2022-06-29T13:11:16+00:00\" \/>\n<meta property=\"og:image\" content=\"https:\/\/veeohutus.ee\/suvi\/wp-content\/uploads\/2022\/06\/genka-4.jpg\" \/>\n\t<meta property=\"og:image:width\" content=\"2549\" \/>\n\t<meta property=\"og:image:height\" content=\"1005\" \/>\n\t<meta property=\"og:image:type\" content=\"image\/jpeg\" \/>\n<meta name=\"twitter:card\" content=\"summary_large_image\" \/>\n<meta name=\"twitter:label1\" content=\"Est. reading time\" \/>\n\t<meta name=\"twitter:data1\" content=\"1 minut\" \/>\n<script type=\"application\/ld+json\" class=\"yoast-schema-graph\">{\"@context\":\"https:\/\/schema.org\",\"@graph\":[{\"@type\":\"WebPage\",\"@id\":\"https:\/\/veeohutus.ee\/suvi\/telli-endale-selgroo-kujundusega-riided\/\",\"url\":\"https:\/\/veeohutus.ee\/suvi\/telli-endale-selgroo-kujundusega-riided\/\",\"name\":\"Telli endale selgroo kujundusega riided - Veeohutus - Suvi - tule uuri, kuidas ennetada ja aidata - P\u00e4\u00e4steamet\",\"isPartOf\":{\"@id\":\"https:\/\/veeohutus.ee\/suvi\/#website\"},\"primaryImageOfPage\":{\"@id\":\"https:\/\/veeohutus.ee\/suvi\/telli-endale-selgroo-kujundusega-riided\/#primaryimage\"},\"image\":{\"@id\":\"https:\/\/veeohutus.ee\/suvi\/telli-endale-selgroo-kujundusega-riided\/#primaryimage\"},\"thumbnailUrl\":\"https:\/\/veeohutus.ee\/suvi\/wp-content\/uploads\/2022\/06\/genka-4.jpg\",\"datePublished\":\"2022-06-29T10:35:10+00:00\",\"dateModified\":\"2022-06-29T13:11:16+00:00\",\"breadcrumb\":{\"@id\":\"https:\/\/veeohutus.ee\/suvi\/telli-endale-selgroo-kujundusega-riided\/#breadcrumb\"},\"inLanguage\":\"et\",\"potentialAction\":[{\"@type\":\"ReadAction\",\"target\":[\"https:\/\/veeohutus.ee\/suvi\/telli-endale-selgroo-kujundusega-riided\/\"]}]},{\"@type\":\"ImageObject\",\"inLanguage\":\"et\",\"@id\":\"https:\/\/veeohutus.ee\/suvi\/telli-endale-selgroo-kujundusega-riided\/#primaryimage\",\"url\":\"https:\/\/veeohutus.ee\/suvi\/wp-content\/uploads\/2022\/06\/genka-4.jpg\",\"contentUrl\":\"https:\/\/veeohutus.ee\/suvi\/wp-content\/uploads\/2022\/06\/genka-4.jpg\",\"width\":2549,\"height\":1005},{\"@type\":\"BreadcrumbList\",\"@id\":\"https:\/\/veeohutus.ee\/suvi\/telli-endale-selgroo-kujundusega-riided\/#breadcrumb\",\"itemListElement\":[{\"@type\":\"ListItem\",\"position\":1,\"name\":\"Home\",\"item\":\"https:\/\/veeohutus.ee\/suvi\/\"},{\"@type\":\"ListItem\",\"position\":2,\"name\":\"Telli endale selgroo kujundusega riided\"}]},{\"@type\":\"WebSite\",\"@id\":\"https:\/\/veeohutus.ee\/suvi\/#website\",\"url\":\"https:\/\/veeohutus.ee\/suvi\/\",\"name\":\"Veeohutus - Suvi - tule uuri, kuidas ennetada ja aidata - P\u00e4\u00e4steamet\",\"description\":\"P\u00e4\u00e4steamet - Veeohutus\",\"potentialAction\":[{\"@type\":\"SearchAction\",\"target\":{\"@type\":\"EntryPoint\",\"urlTemplate\":\"https:\/\/veeohutus.ee\/suvi\/?s={search_term_string}\"},\"query-input\":{\"@type\":\"PropertyValueSpecification\",\"valueRequired\":true,\"valueName\":\"search_term_string\"}}],\"inLanguage\":\"et\"}]}<\/script>\n<!-- \/ Yoast SEO plugin. -->","yoast_head_json":{"title":"Telli endale selgroo kujundusega riided - Veeohutus - Suvi - tule uuri, kuidas ennetada ja aidata - P\u00e4\u00e4steamet","robots":{"index":"index","follow":"follow","max-snippet":"max-snippet:-1","max-image-preview":"max-image-preview:large","max-video-preview":"max-video-preview:-1"},"canonical":"https:\/\/veeohutus.ee\/suvi\/telli-endale-selgroo-kujundusega-riided\/","og_locale":"et_EE","og_type":"article","og_title":"Telli endale selgroo kujundusega riided - Veeohutus - Suvi - tule uuri, kuidas ennetada ja aidata - P\u00e4\u00e4steamet","og_description":"Kui soovid endale \u201eMul on selgroogu\u201c kirjaga s\u00e4rki v\u00f5i pusa aga loosi\u00f5nnele lootma ei taha j\u00e4\u00e4da, siis lae siit alla kujundusfailid ja saad sobiva eseme ise tellida. Kiri \u201eMul on selgroogu\u201c on m\u00f5eldud valge v\u00e4rviga tr\u00fckituna seljale. Et valge tr\u00fckk v\u00e4lja paistaks, peaks ese olema must v\u00f5i v\u00e4hemalt tumedat tooni. Soovitame kasutada .cdr v\u00f5i .ai... Read more","og_url":"https:\/\/veeohutus.ee\/suvi\/telli-endale-selgroo-kujundusega-riided\/","og_site_name":"Veeohutus - Suvi - tule uuri, kuidas ennetada ja aidata - P\u00e4\u00e4steamet","article_modified_time":"2022-06-29T13:11:16+00:00","og_image":[{"width":2549,"height":1005,"url":"https:\/\/veeohutus.ee\/suvi\/wp-content\/uploads\/2022\/06\/genka-4.jpg","type":"image\/jpeg"}],"twitter_card":"summary_large_image","twitter_misc":{"Est. reading time":"1 minut"},"schema":{"@context":"https:\/\/schema.org","@graph":[{"@type":"WebPage","@id":"https:\/\/veeohutus.ee\/suvi\/telli-endale-selgroo-kujundusega-riided\/","url":"https:\/\/veeohutus.ee\/suvi\/telli-endale-selgroo-kujundusega-riided\/","name":"Telli endale selgroo kujundusega riided - Veeohutus - Suvi - tule uuri, kuidas ennetada ja aidata - P\u00e4\u00e4steamet","isPartOf":{"@id":"https:\/\/veeohutus.ee\/suvi\/#website"},"primaryImageOfPage":{"@id":"https:\/\/veeohutus.ee\/suvi\/telli-endale-selgroo-kujundusega-riided\/#primaryimage"},"image":{"@id":"https:\/\/veeohutus.ee\/suvi\/telli-endale-selgroo-kujundusega-riided\/#primaryimage"},"thumbnailUrl":"https:\/\/veeohutus.ee\/suvi\/wp-content\/uploads\/2022\/06\/genka-4.jpg","datePublished":"2022-06-29T10:35:10+00:00","dateModified":"2022-06-29T13:11:16+00:00","breadcrumb":{"@id":"https:\/\/veeohutus.ee\/suvi\/telli-endale-selgroo-kujundusega-riided\/#breadcrumb"},"inLanguage":"et","potentialAction":[{"@type":"ReadAction","target":["https:\/\/veeohutus.ee\/suvi\/telli-endale-selgroo-kujundusega-riided\/"]}]},{"@type":"ImageObject","inLanguage":"et","@id":"https:\/\/veeohutus.ee\/suvi\/telli-endale-selgroo-kujundusega-riided\/#primaryimage","url":"https:\/\/veeohutus.ee\/suvi\/wp-content\/uploads\/2022\/06\/genka-4.jpg","contentUrl":"https:\/\/veeohutus.ee\/suvi\/wp-content\/uploads\/2022\/06\/genka-4.jpg","width":2549,"height":1005},{"@type":"BreadcrumbList","@id":"https:\/\/veeohutus.ee\/suvi\/telli-endale-selgroo-kujundusega-riided\/#breadcrumb","itemListElement":[{"@type":"ListItem","position":1,"name":"Home","item":"https:\/\/veeohutus.ee\/suvi\/"},{"@type":"ListItem","position":2,"name":"Telli endale selgroo kujundusega riided"}]},{"@type":"WebSite","@id":"https:\/\/veeohutus.ee\/suvi\/#website","url":"https:\/\/veeohutus.ee\/suvi\/","name":"Veeohutus - Suvi - tule uuri, kuidas ennetada ja aidata - P\u00e4\u00e4steamet","description":"P\u00e4\u00e4steamet - Veeohutus","potentialAction":[{"@type":"SearchAction","target":{"@type":"EntryPoint","urlTemplate":"https:\/\/veeohutus.ee\/suvi\/?s={search_term_string}"},"query-input":{"@type":"PropertyValueSpecification","valueRequired":true,"valueName":"search_term_string"}}],"inLanguage":"et"}]}},"_links":{"self":[{"href":"https:\/\/veeohutus.ee\/suvi\/wp-json\/wp\/v2\/pages\/3300","targetHints":{"allow":["GET"]}}],"collection":[{"href":"https:\/\/veeohutus.ee\/suvi\/wp-json\/wp\/v2\/pages"}],"about":[{"href":"https:\/\/veeohutus.ee\/suvi\/wp-json\/wp\/v2\/types\/page"}],"author":[{"embeddable":true,"href":"https:\/\/veeohutus.ee\/suvi\/wp-json\/wp\/v2\/users\/2"}],"replies":[{"embeddable":true,"href":"https:\/\/veeohutus.ee\/suvi\/wp-json\/wp\/v2\/comments?post=3300"}],"version-history":[{"count":7,"href":"https:\/\/veeohutus.ee\/suvi\/wp-json\/wp\/v2\/pages\/3300\/revisions"}],"predecessor-version":[{"id":3320,"href":"https:\/\/veeohutus.ee\/suvi\/wp-json\/wp\/v2\/pages\/3300\/revisions\/3320"}],"wp:featuredmedia":[{"embeddable":true,"href":"https:\/\/veeohutus.ee\/suvi\/wp-json\/wp\/v2\/media\/3301"}],"wp:attachment":[{"href":"https:\/\/veeohutus.ee\/suvi\/wp-json\/wp\/v2\/media?parent=3300"}],"curies":[{"name":"wp","href":"https:\/\/api.w.org\/{rel}","templated":true}]}}