{"id":527,"date":"2016-06-20T16:08:44","date_gmt":"2016-06-20T16:08:44","guid":{"rendered":"http:\/\/demo.opus.ee\/projects\/veeohutus\/www\/?page_id=527"},"modified":"2017-06-02T12:07:57","modified_gmt":"2017-06-02T09:07:57","slug":"kuidas-ennetada","status":"publish","type":"page","link":"https:\/\/veeohutus.ee\/suvi\/kuidas-ennetada\/","title":{"rendered":"Kuidas ennetada"},"content":{"rendered":"<h2>Veekogule minnes kanna alati p\u00e4\u00e4stevesti<\/h2>\n<p style=\"text-align: justify;\">P\u00e4\u00e4steveste on palju erinevaid, kuid t\u00e4htis on \u00fcksk\u00f5ik, milline neist veekogule minnes selga panna. Oluline on ka meeles pidada, et p\u00e4\u00e4stevest peab olema kandja jaoks \u00f5iges suuruses ning k\u00f5ik kinnitused peavad olema hoolikalt suletud ja pingutatud. Isegi kui tegemist on v\u00e4ga hea ujujaga, siis v\u00f5ivad ootamatused (k\u00fclm vesi, ootamatult tugev laine v\u00f5i vool, kauge kallas, vigastus vms) elluj\u00e4\u00e4mislootust tugevalt v\u00e4hendada. Ning kui \u00f5nnetus on juba juhtunud, siis vette sattudes on p\u00e4\u00e4stevesti v\u00e4ga raske v\u00f5i lausa v\u00f5imatu selga panna. Tasub meeles pidada, et peaaegu k\u00f5ik vees\u00f5iduki \u00f5nnetuste ohvrid oleks elus, kui neil olnuks seljas p\u00e4\u00e4stevest.<\/p>\n<p><iframe loading=\"lazy\" src=\"https:\/\/www.youtube.com\/embed\/BEvDKbGPBZ4?list=PLXqfEWtALYhdrF55QUpfifWiXsht5152x\" width=\"560\" height=\"315\" frameborder=\"0\" allowfullscreen=\"allowfullscreen\"><\/iframe><\/p>\n<h2 style=\"text-align: justify;\">\u00c4ra lase purjus s\u00f5pra vette<\/h2>\n<p style=\"text-align: justify;\">Alkohol m\u00f5jutab olenevalt kogusest keha motoorikat &#8211;\u00a0 maismaal v\u00f5ib selle tulemusel tekkida n\u00e4iteks tuikumine, mis v\u00f5ib l\u00f5ppeda muhuga. Vees v\u00f5ib aga hetkeline tasakaalukaotus t\u00e4hendada vee ootamatud hingamisteedesse t\u00f5mbamist ja l\u00f5ppeda palju kurvemalt.<\/p>\n<p style=\"text-align: justify;\"><iframe loading=\"lazy\" src=\"https:\/\/www.youtube.com\/embed\/yWSC_29M60w\" width=\"560\" height=\"315\" frameborder=\"0\" allowfullscreen=\"allowfullscreen\"><\/iframe><\/p>\n<h2 style=\"text-align: justify;\">Vali avalik valvega rand<\/h2>\n<p style=\"text-align: justify;\">Avalik valvega rand on parim variant perega puhkamiseks, sest v\u00f5id kindel olla, et need rannad on kontrollitud ja hooldatud ning vetelp\u00e4\u00e4stjad hoiavad silma peal, et \u00f5nnetusi ei juhtuks.<br \/>\n<iframe loading=\"lazy\" src=\"https:\/\/www.youtube.com\/embed\/A9YCQ84cSNo\" width=\"560\" height=\"315\" frameborder=\"0\" allowfullscreen=\"allowfullscreen\"><\/iframe><\/p>\n<h2 style=\"text-align: justify;\">Vetteh\u00fcpped on ohtlikud<\/h2>\n<p>Vetteh\u00fcpped tundmatus kohas on alati ohtlikud, sest kunagi ei ole v\u00f5imalik teada, mis vee all tegelikult on.<br \/>\n<iframe loading=\"lazy\" src=\"https:\/\/www.youtube.com\/embed\/7grzVooMQr0\" width=\"560\" height=\"315\" frameborder=\"0\" allowfullscreen=\"allowfullscreen\"><\/iframe><\/p>\n","protected":false},"excerpt":{"rendered":"<p>Veekogule minnes kanna alati p\u00e4\u00e4stevesti P\u00e4\u00e4steveste on palju erinevaid, kuid t\u00e4htis on \u00fcksk\u00f5ik, milline neist veekogule minnes selga panna. Oluline on ka meeles pidada, et p\u00e4\u00e4stevest peab olema kandja jaoks \u00f5iges suuruses ning k\u00f5ik kinnitused peavad olema hoolikalt suletud ja pingutatud. Isegi kui tegemist on v\u00e4ga hea ujujaga, siis v\u00f5ivad ootamatused (k\u00fclm vesi, ootamatult tugev&#8230;  <a class=\"excerpt-read-more\" href=\"https:\/\/veeohutus.ee\/suvi\/kuidas-ennetada\/\" title=\"Read Kuidas ennetada\">Read more<\/a><\/p>\n","protected":false},"author":1,"featured_media":0,"parent":0,"menu_order":2,"comment_status":"closed","ping_status":"closed","template":"","meta":{"_acf_changed":false,"footnotes":""},"class_list":["post-527","page","type-page","status-publish","hentry"],"acf":[],"yoast_head":"<!-- This site is optimized with the Yoast SEO plugin v26.7 - https:\/\/yoast.com\/wordpress\/plugins\/seo\/ -->\n<title>Kuidas ennetada - Veeohutus - Suvi - tule uuri, kuidas ennetada ja aidata - P\u00e4\u00e4steamet<\/title>\n<meta name=\"robots\" content=\"index, follow, max-snippet:-1, max-image-preview:large, max-video-preview:-1\" \/>\n<link rel=\"canonical\" href=\"https:\/\/veeohutus.ee\/suvi\/kuidas-ennetada\/\" \/>\n<meta property=\"og:locale\" content=\"et_EE\" \/>\n<meta property=\"og:type\" content=\"article\" \/>\n<meta property=\"og:title\" content=\"Kuidas ennetada - Veeohutus - Suvi - tule uuri, kuidas ennetada ja aidata - P\u00e4\u00e4steamet\" \/>\n<meta property=\"og:description\" content=\"Veekogule minnes kanna alati p\u00e4\u00e4stevesti P\u00e4\u00e4steveste on palju erinevaid, kuid t\u00e4htis on \u00fcksk\u00f5ik, milline neist veekogule minnes selga panna. Oluline on ka meeles pidada, et p\u00e4\u00e4stevest peab olema kandja jaoks \u00f5iges suuruses ning k\u00f5ik kinnitused peavad olema hoolikalt suletud ja pingutatud. Isegi kui tegemist on v\u00e4ga hea ujujaga, siis v\u00f5ivad ootamatused (k\u00fclm vesi, ootamatult tugev... Read more\" \/>\n<meta property=\"og:url\" content=\"https:\/\/veeohutus.ee\/suvi\/kuidas-ennetada\/\" \/>\n<meta property=\"og:site_name\" content=\"Veeohutus - Suvi - tule uuri, kuidas ennetada ja aidata - P\u00e4\u00e4steamet\" \/>\n<meta property=\"article:modified_time\" content=\"2017-06-02T09:07:57+00:00\" \/>\n<meta name=\"twitter:card\" content=\"summary_large_image\" \/>\n<meta name=\"twitter:label1\" content=\"Est. reading time\" \/>\n\t<meta name=\"twitter:data1\" content=\"1 minut\" \/>\n<script type=\"application\/ld+json\" class=\"yoast-schema-graph\">{\"@context\":\"https:\/\/schema.org\",\"@graph\":[{\"@type\":\"WebPage\",\"@id\":\"https:\/\/veeohutus.ee\/suvi\/kuidas-ennetada\/\",\"url\":\"https:\/\/veeohutus.ee\/suvi\/kuidas-ennetada\/\",\"name\":\"Kuidas ennetada - Veeohutus - Suvi - tule uuri, kuidas ennetada ja aidata - P\u00e4\u00e4steamet\",\"isPartOf\":{\"@id\":\"https:\/\/veeohutus.ee\/suvi\/#website\"},\"datePublished\":\"2016-06-20T16:08:44+00:00\",\"dateModified\":\"2017-06-02T09:07:57+00:00\",\"breadcrumb\":{\"@id\":\"https:\/\/veeohutus.ee\/suvi\/kuidas-ennetada\/#breadcrumb\"},\"inLanguage\":\"et\",\"potentialAction\":[{\"@type\":\"ReadAction\",\"target\":[\"https:\/\/veeohutus.ee\/suvi\/kuidas-ennetada\/\"]}]},{\"@type\":\"BreadcrumbList\",\"@id\":\"https:\/\/veeohutus.ee\/suvi\/kuidas-ennetada\/#breadcrumb\",\"itemListElement\":[{\"@type\":\"ListItem\",\"position\":1,\"name\":\"Home\",\"item\":\"https:\/\/veeohutus.ee\/suvi\/\"},{\"@type\":\"ListItem\",\"position\":2,\"name\":\"Kuidas ennetada\"}]},{\"@type\":\"WebSite\",\"@id\":\"https:\/\/veeohutus.ee\/suvi\/#website\",\"url\":\"https:\/\/veeohutus.ee\/suvi\/\",\"name\":\"Veeohutus - Suvi - tule uuri, kuidas ennetada ja aidata - P\u00e4\u00e4steamet\",\"description\":\"P\u00e4\u00e4steamet - Veeohutus\",\"potentialAction\":[{\"@type\":\"SearchAction\",\"target\":{\"@type\":\"EntryPoint\",\"urlTemplate\":\"https:\/\/veeohutus.ee\/suvi\/?s={search_term_string}\"},\"query-input\":{\"@type\":\"PropertyValueSpecification\",\"valueRequired\":true,\"valueName\":\"search_term_string\"}}],\"inLanguage\":\"et\"}]}<\/script>\n<!-- \/ Yoast SEO plugin. -->","yoast_head_json":{"title":"Kuidas ennetada - Veeohutus - Suvi - tule uuri, kuidas ennetada ja aidata - P\u00e4\u00e4steamet","robots":{"index":"index","follow":"follow","max-snippet":"max-snippet:-1","max-image-preview":"max-image-preview:large","max-video-preview":"max-video-preview:-1"},"canonical":"https:\/\/veeohutus.ee\/suvi\/kuidas-ennetada\/","og_locale":"et_EE","og_type":"article","og_title":"Kuidas ennetada - Veeohutus - Suvi - tule uuri, kuidas ennetada ja aidata - P\u00e4\u00e4steamet","og_description":"Veekogule minnes kanna alati p\u00e4\u00e4stevesti P\u00e4\u00e4steveste on palju erinevaid, kuid t\u00e4htis on \u00fcksk\u00f5ik, milline neist veekogule minnes selga panna. Oluline on ka meeles pidada, et p\u00e4\u00e4stevest peab olema kandja jaoks \u00f5iges suuruses ning k\u00f5ik kinnitused peavad olema hoolikalt suletud ja pingutatud. Isegi kui tegemist on v\u00e4ga hea ujujaga, siis v\u00f5ivad ootamatused (k\u00fclm vesi, ootamatult tugev... Read more","og_url":"https:\/\/veeohutus.ee\/suvi\/kuidas-ennetada\/","og_site_name":"Veeohutus - Suvi - tule uuri, kuidas ennetada ja aidata - P\u00e4\u00e4steamet","article_modified_time":"2017-06-02T09:07:57+00:00","twitter_card":"summary_large_image","twitter_misc":{"Est. reading time":"1 minut"},"schema":{"@context":"https:\/\/schema.org","@graph":[{"@type":"WebPage","@id":"https:\/\/veeohutus.ee\/suvi\/kuidas-ennetada\/","url":"https:\/\/veeohutus.ee\/suvi\/kuidas-ennetada\/","name":"Kuidas ennetada - Veeohutus - Suvi - tule uuri, kuidas ennetada ja aidata - P\u00e4\u00e4steamet","isPartOf":{"@id":"https:\/\/veeohutus.ee\/suvi\/#website"},"datePublished":"2016-06-20T16:08:44+00:00","dateModified":"2017-06-02T09:07:57+00:00","breadcrumb":{"@id":"https:\/\/veeohutus.ee\/suvi\/kuidas-ennetada\/#breadcrumb"},"inLanguage":"et","potentialAction":[{"@type":"ReadAction","target":["https:\/\/veeohutus.ee\/suvi\/kuidas-ennetada\/"]}]},{"@type":"BreadcrumbList","@id":"https:\/\/veeohutus.ee\/suvi\/kuidas-ennetada\/#breadcrumb","itemListElement":[{"@type":"ListItem","position":1,"name":"Home","item":"https:\/\/veeohutus.ee\/suvi\/"},{"@type":"ListItem","position":2,"name":"Kuidas ennetada"}]},{"@type":"WebSite","@id":"https:\/\/veeohutus.ee\/suvi\/#website","url":"https:\/\/veeohutus.ee\/suvi\/","name":"Veeohutus - Suvi - tule uuri, kuidas ennetada ja aidata - P\u00e4\u00e4steamet","description":"P\u00e4\u00e4steamet - Veeohutus","potentialAction":[{"@type":"SearchAction","target":{"@type":"EntryPoint","urlTemplate":"https:\/\/veeohutus.ee\/suvi\/?s={search_term_string}"},"query-input":{"@type":"PropertyValueSpecification","valueRequired":true,"valueName":"search_term_string"}}],"inLanguage":"et"}]}},"_links":{"self":[{"href":"https:\/\/veeohutus.ee\/suvi\/wp-json\/wp\/v2\/pages\/527","targetHints":{"allow":["GET"]}}],"collection":[{"href":"https:\/\/veeohutus.ee\/suvi\/wp-json\/wp\/v2\/pages"}],"about":[{"href":"https:\/\/veeohutus.ee\/suvi\/wp-json\/wp\/v2\/types\/page"}],"author":[{"embeddable":true,"href":"https:\/\/veeohutus.ee\/suvi\/wp-json\/wp\/v2\/users\/1"}],"replies":[{"embeddable":true,"href":"https:\/\/veeohutus.ee\/suvi\/wp-json\/wp\/v2\/comments?post=527"}],"version-history":[{"count":3,"href":"https:\/\/veeohutus.ee\/suvi\/wp-json\/wp\/v2\/pages\/527\/revisions"}],"predecessor-version":[{"id":569,"href":"https:\/\/veeohutus.ee\/suvi\/wp-json\/wp\/v2\/pages\/527\/revisions\/569"}],"wp:attachment":[{"href":"https:\/\/veeohutus.ee\/suvi\/wp-json\/wp\/v2\/media?parent=527"}],"curies":[{"name":"wp","href":"https:\/\/api.w.org\/{rel}","templated":true}]}}