{"id":113,"date":"2018-10-19T06:02:59","date_gmt":"2018-10-19T06:02:59","guid":{"rendered":"https:\/\/veeohutus.ee\/talv\/?page_id=113"},"modified":"2019-11-25T09:06:59","modified_gmt":"2019-11-25T09:06:59","slug":"ara-mine-norgale-jaale","status":"publish","type":"page","link":"https:\/\/veeohutus.ee\/talv\/ara-mine-norgale-jaale\/","title":{"rendered":"\u00c4ra mine n\u00f5rgale j\u00e4\u00e4le!"},"content":{"rendered":"<h3>J\u00e4\u00e4 on s\u00fcgisel ja kevadel n\u00f5rk<\/h3>\n<p>Eestis hakkavad veekogud j\u00e4\u00e4tuma hiliss\u00fcgisel, novembris. K\u00fclma talve korral p\u00fcsib j\u00e4\u00e4 kuni varakevadeni, m\u00e4rtsini. Sel perioodil liiguvad inimesed j\u00e4\u00e4l \u2013 uisutatakse, p\u00fc\u00fctakse kala ja tugeva j\u00e4\u00e4 korral \u00fcletatakse j\u00e4\u00e4d isegi autodega. Sellesse perioodi j\u00e4\u00e4vad ka kahjuks \u00f5nnetused, mis toimuvad veekogudel.<\/p>\n<p>Statistika j\u00e4rgi toimuvad j\u00e4\u00e4tunud veekogudel \u00f5nnetused just s\u00fcgiseti ja kevadeti ehk perioodil, mil j\u00e4\u00e4 on n\u00f5rk. Paljud samalaadsed \u00f5nnetused j\u00e4\u00e4ksid toimumata, kui inimestel oleks baasteadmised j\u00e4\u00e4 tekkimisest ja olemusest.<\/p>\n<p><iframe loading=\"lazy\" width=\"680\" height=\"383\" src=\"https:\/\/www.youtube.com\/embed\/MCmtP4_Fj6M?start=29&#038;feature=oembed\" frameborder=\"0\" allow=\"autoplay; encrypted-media\" allowfullscreen><\/iframe><\/p>\n","protected":false},"excerpt":{"rendered":"<p>J\u00e4\u00e4 on s\u00fcgisel ja kevadel n\u00f5rk Eestis hakkavad veekogud j\u00e4\u00e4tuma hiliss\u00fcgisel, novembris. K\u00fclma talve korral p\u00fcsib j\u00e4\u00e4 kuni varakevadeni, m\u00e4rtsini. Sel perioodil liiguvad inimesed j\u00e4\u00e4l \u2013 uisutatakse, p\u00fc\u00fctakse kala ja tugeva j\u00e4\u00e4 korral \u00fcletatakse j\u00e4\u00e4d isegi autodega. Sellesse perioodi j\u00e4\u00e4vad ka kahjuks \u00f5nnetused, mis toimuvad veekogudel. Statistika j\u00e4rgi toimuvad j\u00e4\u00e4tunud veekogudel \u00f5nnetused just s\u00fcgiseti ja&#8230;  <a class=\"excerpt-read-more\" href=\"https:\/\/veeohutus.ee\/talv\/ara-mine-norgale-jaale\/\" title=\"Read \u00c4ra mine n\u00f5rgale j\u00e4\u00e4le!\">Read more<\/a><\/p>\n","protected":false},"author":2,"featured_media":94,"parent":0,"menu_order":0,"comment_status":"closed","ping_status":"closed","template":"","meta":{"_acf_changed":false,"footnotes":""},"class_list":["post-113","page","type-page","status-publish","has-post-thumbnail","hentry"],"acf":[],"yoast_head":"<!-- This site is optimized with the Yoast SEO plugin v26.7 - https:\/\/yoast.com\/wordpress\/plugins\/seo\/ -->\n<title>\u00c4ra mine n\u00f5rgale j\u00e4\u00e4le! - Veeohutus - Talv<\/title>\n<meta name=\"description\" content=\"Enim \u00f5nnetusi veekogudel juhtub s\u00fcgisel ja kevadel, ahk ajal mil j\u00e4\u00e4 on n\u00f5rk. Oluline on omada baasteadmisi j\u00e4\u00e4 tekkimisest. \u00c4ra mine n\u00f5rgale j\u00e4\u00e4le.\" \/>\n<meta name=\"robots\" content=\"index, follow, max-snippet:-1, max-image-preview:large, max-video-preview:-1\" \/>\n<link rel=\"canonical\" href=\"https:\/\/veeohutus.ee\/talv\/ara-mine-norgale-jaale\/\" \/>\n<meta property=\"og:locale\" content=\"et_EE\" \/>\n<meta property=\"og:type\" content=\"article\" \/>\n<meta property=\"og:title\" content=\"\u00c4ra mine n\u00f5rgale j\u00e4\u00e4le! - Veeohutus - Talv\" \/>\n<meta property=\"og:description\" content=\"Enim \u00f5nnetusi veekogudel juhtub s\u00fcgisel ja kevadel, ahk ajal mil j\u00e4\u00e4 on n\u00f5rk. Oluline on omada baasteadmisi j\u00e4\u00e4 tekkimisest. \u00c4ra mine n\u00f5rgale j\u00e4\u00e4le.\" \/>\n<meta property=\"og:url\" content=\"https:\/\/veeohutus.ee\/talv\/ara-mine-norgale-jaale\/\" \/>\n<meta property=\"og:site_name\" content=\"Veeohutus - Talv\" \/>\n<meta property=\"article:modified_time\" content=\"2019-11-25T09:06:59+00:00\" \/>\n<meta property=\"og:image\" content=\"https:\/\/veeohutus.ee\/talv\/wp-content\/uploads\/sites\/3\/2018\/10\/spring-769764_960_720.jpg\" \/>\n\t<meta property=\"og:image:width\" content=\"960\" \/>\n\t<meta property=\"og:image:height\" content=\"638\" \/>\n\t<meta property=\"og:image:type\" content=\"image\/jpeg\" \/>\n<meta name=\"twitter:card\" content=\"summary_large_image\" \/>\n<meta name=\"twitter:label1\" content=\"Est. reading time\" \/>\n\t<meta name=\"twitter:data1\" content=\"1 minut\" \/>\n<script type=\"application\/ld+json\" class=\"yoast-schema-graph\">{\"@context\":\"https:\/\/schema.org\",\"@graph\":[{\"@type\":\"WebPage\",\"@id\":\"https:\/\/veeohutus.ee\/talv\/ara-mine-norgale-jaale\/\",\"url\":\"https:\/\/veeohutus.ee\/talv\/ara-mine-norgale-jaale\/\",\"name\":\"\u00c4ra mine n\u00f5rgale j\u00e4\u00e4le! - Veeohutus - Talv\",\"isPartOf\":{\"@id\":\"https:\/\/veeohutus.ee\/talv\/#website\"},\"primaryImageOfPage\":{\"@id\":\"https:\/\/veeohutus.ee\/talv\/ara-mine-norgale-jaale\/#primaryimage\"},\"image\":{\"@id\":\"https:\/\/veeohutus.ee\/talv\/ara-mine-norgale-jaale\/#primaryimage\"},\"thumbnailUrl\":\"https:\/\/veeohutus.ee\/talv\/wp-content\/uploads\/sites\/3\/2018\/10\/spring-769764_960_720.jpg\",\"datePublished\":\"2018-10-19T06:02:59+00:00\",\"dateModified\":\"2019-11-25T09:06:59+00:00\",\"description\":\"Enim \u00f5nnetusi veekogudel juhtub s\u00fcgisel ja kevadel, ahk ajal mil j\u00e4\u00e4 on n\u00f5rk. Oluline on omada baasteadmisi j\u00e4\u00e4 tekkimisest. \u00c4ra mine n\u00f5rgale j\u00e4\u00e4le.\",\"breadcrumb\":{\"@id\":\"https:\/\/veeohutus.ee\/talv\/ara-mine-norgale-jaale\/#breadcrumb\"},\"inLanguage\":\"et\",\"potentialAction\":[{\"@type\":\"ReadAction\",\"target\":[\"https:\/\/veeohutus.ee\/talv\/ara-mine-norgale-jaale\/\"]}]},{\"@type\":\"ImageObject\",\"inLanguage\":\"et\",\"@id\":\"https:\/\/veeohutus.ee\/talv\/ara-mine-norgale-jaale\/#primaryimage\",\"url\":\"https:\/\/veeohutus.ee\/talv\/wp-content\/uploads\/sites\/3\/2018\/10\/spring-769764_960_720.jpg\",\"contentUrl\":\"https:\/\/veeohutus.ee\/talv\/wp-content\/uploads\/sites\/3\/2018\/10\/spring-769764_960_720.jpg\",\"width\":960,\"height\":638},{\"@type\":\"BreadcrumbList\",\"@id\":\"https:\/\/veeohutus.ee\/talv\/ara-mine-norgale-jaale\/#breadcrumb\",\"itemListElement\":[{\"@type\":\"ListItem\",\"position\":1,\"name\":\"Home\",\"item\":\"https:\/\/veeohutus.ee\/talv\/\"},{\"@type\":\"ListItem\",\"position\":2,\"name\":\"\u00c4ra mine n\u00f5rgale j\u00e4\u00e4le!\"}]},{\"@type\":\"WebSite\",\"@id\":\"https:\/\/veeohutus.ee\/talv\/#website\",\"url\":\"https:\/\/veeohutus.ee\/talv\/\",\"name\":\"Veeohutus - Talv\",\"description\":\"Just another P\u00e4\u00e4steamet - Veeohutus site\",\"potentialAction\":[{\"@type\":\"SearchAction\",\"target\":{\"@type\":\"EntryPoint\",\"urlTemplate\":\"https:\/\/veeohutus.ee\/talv\/?s={search_term_string}\"},\"query-input\":{\"@type\":\"PropertyValueSpecification\",\"valueRequired\":true,\"valueName\":\"search_term_string\"}}],\"inLanguage\":\"et\"}]}<\/script>\n<!-- \/ Yoast SEO plugin. -->","yoast_head_json":{"title":"\u00c4ra mine n\u00f5rgale j\u00e4\u00e4le! - Veeohutus - Talv","description":"Enim \u00f5nnetusi veekogudel juhtub s\u00fcgisel ja kevadel, ahk ajal mil j\u00e4\u00e4 on n\u00f5rk. Oluline on omada baasteadmisi j\u00e4\u00e4 tekkimisest. \u00c4ra mine n\u00f5rgale j\u00e4\u00e4le.","robots":{"index":"index","follow":"follow","max-snippet":"max-snippet:-1","max-image-preview":"max-image-preview:large","max-video-preview":"max-video-preview:-1"},"canonical":"https:\/\/veeohutus.ee\/talv\/ara-mine-norgale-jaale\/","og_locale":"et_EE","og_type":"article","og_title":"\u00c4ra mine n\u00f5rgale j\u00e4\u00e4le! - Veeohutus - Talv","og_description":"Enim \u00f5nnetusi veekogudel juhtub s\u00fcgisel ja kevadel, ahk ajal mil j\u00e4\u00e4 on n\u00f5rk. Oluline on omada baasteadmisi j\u00e4\u00e4 tekkimisest. \u00c4ra mine n\u00f5rgale j\u00e4\u00e4le.","og_url":"https:\/\/veeohutus.ee\/talv\/ara-mine-norgale-jaale\/","og_site_name":"Veeohutus - Talv","article_modified_time":"2019-11-25T09:06:59+00:00","og_image":[{"width":960,"height":638,"url":"https:\/\/veeohutus.ee\/talv\/wp-content\/uploads\/sites\/3\/2018\/10\/spring-769764_960_720.jpg","type":"image\/jpeg"}],"twitter_card":"summary_large_image","twitter_misc":{"Est. reading time":"1 minut"},"schema":{"@context":"https:\/\/schema.org","@graph":[{"@type":"WebPage","@id":"https:\/\/veeohutus.ee\/talv\/ara-mine-norgale-jaale\/","url":"https:\/\/veeohutus.ee\/talv\/ara-mine-norgale-jaale\/","name":"\u00c4ra mine n\u00f5rgale j\u00e4\u00e4le! - Veeohutus - Talv","isPartOf":{"@id":"https:\/\/veeohutus.ee\/talv\/#website"},"primaryImageOfPage":{"@id":"https:\/\/veeohutus.ee\/talv\/ara-mine-norgale-jaale\/#primaryimage"},"image":{"@id":"https:\/\/veeohutus.ee\/talv\/ara-mine-norgale-jaale\/#primaryimage"},"thumbnailUrl":"https:\/\/veeohutus.ee\/talv\/wp-content\/uploads\/sites\/3\/2018\/10\/spring-769764_960_720.jpg","datePublished":"2018-10-19T06:02:59+00:00","dateModified":"2019-11-25T09:06:59+00:00","description":"Enim \u00f5nnetusi veekogudel juhtub s\u00fcgisel ja kevadel, ahk ajal mil j\u00e4\u00e4 on n\u00f5rk. Oluline on omada baasteadmisi j\u00e4\u00e4 tekkimisest. \u00c4ra mine n\u00f5rgale j\u00e4\u00e4le.","breadcrumb":{"@id":"https:\/\/veeohutus.ee\/talv\/ara-mine-norgale-jaale\/#breadcrumb"},"inLanguage":"et","potentialAction":[{"@type":"ReadAction","target":["https:\/\/veeohutus.ee\/talv\/ara-mine-norgale-jaale\/"]}]},{"@type":"ImageObject","inLanguage":"et","@id":"https:\/\/veeohutus.ee\/talv\/ara-mine-norgale-jaale\/#primaryimage","url":"https:\/\/veeohutus.ee\/talv\/wp-content\/uploads\/sites\/3\/2018\/10\/spring-769764_960_720.jpg","contentUrl":"https:\/\/veeohutus.ee\/talv\/wp-content\/uploads\/sites\/3\/2018\/10\/spring-769764_960_720.jpg","width":960,"height":638},{"@type":"BreadcrumbList","@id":"https:\/\/veeohutus.ee\/talv\/ara-mine-norgale-jaale\/#breadcrumb","itemListElement":[{"@type":"ListItem","position":1,"name":"Home","item":"https:\/\/veeohutus.ee\/talv\/"},{"@type":"ListItem","position":2,"name":"\u00c4ra mine n\u00f5rgale j\u00e4\u00e4le!"}]},{"@type":"WebSite","@id":"https:\/\/veeohutus.ee\/talv\/#website","url":"https:\/\/veeohutus.ee\/talv\/","name":"Veeohutus - Talv","description":"Just another P\u00e4\u00e4steamet - Veeohutus site","potentialAction":[{"@type":"SearchAction","target":{"@type":"EntryPoint","urlTemplate":"https:\/\/veeohutus.ee\/talv\/?s={search_term_string}"},"query-input":{"@type":"PropertyValueSpecification","valueRequired":true,"valueName":"search_term_string"}}],"inLanguage":"et"}]}},"_links":{"self":[{"href":"https:\/\/veeohutus.ee\/talv\/wp-json\/wp\/v2\/pages\/113","targetHints":{"allow":["GET"]}}],"collection":[{"href":"https:\/\/veeohutus.ee\/talv\/wp-json\/wp\/v2\/pages"}],"about":[{"href":"https:\/\/veeohutus.ee\/talv\/wp-json\/wp\/v2\/types\/page"}],"author":[{"embeddable":true,"href":"https:\/\/veeohutus.ee\/talv\/wp-json\/wp\/v2\/users\/2"}],"replies":[{"embeddable":true,"href":"https:\/\/veeohutus.ee\/talv\/wp-json\/wp\/v2\/comments?post=113"}],"version-history":[{"count":3,"href":"https:\/\/veeohutus.ee\/talv\/wp-json\/wp\/v2\/pages\/113\/revisions"}],"predecessor-version":[{"id":116,"href":"https:\/\/veeohutus.ee\/talv\/wp-json\/wp\/v2\/pages\/113\/revisions\/116"}],"wp:featuredmedia":[{"embeddable":true,"href":"https:\/\/veeohutus.ee\/talv\/wp-json\/wp\/v2\/media\/94"}],"wp:attachment":[{"href":"https:\/\/veeohutus.ee\/talv\/wp-json\/wp\/v2\/media?parent=113"}],"curies":[{"name":"wp","href":"https:\/\/api.w.org\/{rel}","templated":true}]}}