{"id":156,"date":"2018-10-19T06:16:48","date_gmt":"2018-10-19T06:16:48","guid":{"rendered":"https:\/\/veeohutus.ee\/talv\/?page_id=156"},"modified":"2019-11-25T09:18:51","modified_gmt":"2019-11-25T09:18:51","slug":"enne-jaale-minekut","status":"publish","type":"page","link":"https:\/\/veeohutus.ee\/talv\/enne-jaale-minekut\/","title":{"rendered":"Enne j\u00e4\u00e4le minekut"},"content":{"rendered":"<h1>Talvised vee\u00f5nnetused juhtuvad ettevaatamatusest<\/h1>\n<p style=\"text-align: justify;\">Veekogu kattev j\u00e4\u00e4 ei r\u00fcnda inimest. J\u00e4\u00e4\u00f5nnetuses on s\u00fc\u00fcdi valesti k\u00e4itunud inimene, kes pole osanud ohtu hinnata ja on olnud liiga enesekindel.<\/p>\n<p style=\"text-align: justify;\">Inimest kannab \u201eterve\u201c j\u00e4\u00e4. Selles puuduvad l\u00f5hed v\u00f5i praod, v\u00e4ljan\u00e4gemine on \u00fchtlane ja sile. Pikipragu v\u00e4hendab j\u00e4\u00e4 tugevust ligi 25%, ristipragu ligi 40%.<\/p>\n<p style=\"text-align: justify;\">J\u00e4\u00e4 paksus peab olema v\u00e4hemalt 10 cm. Kevadel ja s\u00fcgisel ei pruugi isegi see j\u00e4\u00e4 olla turvaline.<\/p>\n<p style=\"text-align: justify;\"><span style=\"text-decoration: underline;\"><strong>Vaata j\u00e4\u00e4ohutuse infolehte <span style=\"color: #ff0000; text-decoration: underline;\"><a style=\"color: #ff0000; text-decoration: underline;\" href=\"https:\/\/veeohutus.ee\/talv\/wp-content\/uploads\/sites\/3\/2018\/10\/j22ohutus_infoleht_EST.pdf\" target=\"_blank\" rel=\"noopener noreferrer\">SIIT<\/a>.<\/span><\/strong><\/span><\/p>\n<p><strong>Pea meeles:<\/strong><\/p>\n<ul>\n<li>Ole kindel, et k\u00fclm ilm on p\u00fcsinud n\u00e4dalap\u00e4evad;<\/li>\n<li>Veendu, et j\u00e4\u00e4 on piisavalt tugev sinu kandmiseks;<\/li>\n<li>Piiriveekogude kohta on v\u00f5imalik infot leida Politsei- ja Piirivalveameti <a href=\"https:\/\/www2.politsei.ee\/et\/nouanded\/jaaolud\/\">kodulehelt<\/a>. J\u00e4\u00e4teede kohta saab infot Maanteeameti <a href=\"https:\/\/www.mnt.ee\/et\/tee\/teehoole\/talvine-teehoole\">kodulehelt <\/a>www.mnt.ee.<\/li>\n<li><\/li>\n<li>Riietu vastavalt ilmastikuoludele;<\/li>\n<li>V\u00f5ta endaga kaasa j\u00e4\u00e4naasklid. J\u00e4\u00e4naasklid tuleb panna kaela, k\u00f5ige pealmise riietuse peale, et neid vajadusel takistuseta k\u00e4tte saaks. J\u00e4\u00e4naasklid on m\u00f5eldud abivahendina j\u00e4\u00e4august v\u00e4lja ronimiseks;<\/li>\n<li>Teavita oma l\u00e4hedasi enne, kui l\u00e4hed j\u00e4\u00e4le;<\/li>\n<li>Tea veekogu nime, millele kavatsed minna, see on vajalik juhuks, kui pead sooritama h\u00e4dak\u00f5ne ja selgitama H\u00e4irekeskusele oma asukohta.<\/li>\n<\/ul>\n<p>&nbsp;<\/p>\n<p><iframe loading=\"lazy\" width=\"680\" height=\"383\" src=\"https:\/\/www.youtube.com\/embed\/MCmtP4_Fj6M?feature=oembed\" frameborder=\"0\" allow=\"accelerometer; autoplay; encrypted-media; gyroscope; picture-in-picture\" allowfullscreen><\/iframe><\/p>\n","protected":false},"excerpt":{"rendered":"<p>Talvised vee\u00f5nnetused juhtuvad ettevaatamatusest Veekogu kattev j\u00e4\u00e4 ei r\u00fcnda inimest. J\u00e4\u00e4\u00f5nnetuses on s\u00fc\u00fcdi valesti k\u00e4itunud inimene, kes pole osanud ohtu hinnata ja on olnud liiga enesekindel. Inimest kannab \u201eterve\u201c j\u00e4\u00e4. Selles puuduvad l\u00f5hed v\u00f5i praod, v\u00e4ljan\u00e4gemine on \u00fchtlane ja sile. Pikipragu v\u00e4hendab j\u00e4\u00e4 tugevust ligi 25%, ristipragu ligi 40%. J\u00e4\u00e4 paksus peab olema v\u00e4hemalt 10&#8230;  <a class=\"excerpt-read-more\" href=\"https:\/\/veeohutus.ee\/talv\/enne-jaale-minekut\/\" title=\"Read Enne j\u00e4\u00e4le minekut\">Read more<\/a><\/p>\n","protected":false},"author":2,"featured_media":46,"parent":0,"menu_order":0,"comment_status":"closed","ping_status":"closed","template":"","meta":{"_acf_changed":false,"footnotes":""},"class_list":["post-156","page","type-page","status-publish","has-post-thumbnail","hentry"],"acf":[],"yoast_head":"<!-- This site is optimized with the Yoast SEO plugin v26.7 - https:\/\/yoast.com\/wordpress\/plugins\/seo\/ -->\n<title>Enne j\u00e4\u00e4le minekut - Veeohutus - Talv<\/title>\n<meta name=\"description\" content=\"J\u00e4\u00e4 paksus peab olema v\u00e4hemalt 10cm. Inimest kannab terve j\u00e4\u00e4, millel puuduvad l\u00f5hed ja praod ning mille v\u00e4ljan\u00e4gemine on \u00fchtlane ja sile.\" \/>\n<meta name=\"robots\" content=\"index, follow, max-snippet:-1, max-image-preview:large, max-video-preview:-1\" \/>\n<link rel=\"canonical\" href=\"https:\/\/veeohutus.ee\/talv\/enne-jaale-minekut\/\" \/>\n<meta property=\"og:locale\" content=\"et_EE\" \/>\n<meta property=\"og:type\" content=\"article\" \/>\n<meta property=\"og:title\" content=\"Enne j\u00e4\u00e4le minekut - Veeohutus - Talv\" \/>\n<meta property=\"og:description\" content=\"J\u00e4\u00e4 paksus peab olema v\u00e4hemalt 10cm. Inimest kannab terve j\u00e4\u00e4, millel puuduvad l\u00f5hed ja praod ning mille v\u00e4ljan\u00e4gemine on \u00fchtlane ja sile.\" \/>\n<meta property=\"og:url\" content=\"https:\/\/veeohutus.ee\/talv\/enne-jaale-minekut\/\" \/>\n<meta property=\"og:site_name\" content=\"Veeohutus - Talv\" \/>\n<meta property=\"article:modified_time\" content=\"2019-11-25T09:18:51+00:00\" \/>\n<meta property=\"og:image\" content=\"https:\/\/veeohutus.ee\/talv\/wp-content\/uploads\/sites\/3\/2018\/10\/jaa-Medium.jpg\" \/>\n\t<meta property=\"og:image:width\" content=\"800\" \/>\n\t<meta property=\"og:image:height\" content=\"600\" \/>\n\t<meta property=\"og:image:type\" content=\"image\/jpeg\" \/>\n<meta name=\"twitter:card\" content=\"summary_large_image\" \/>\n<meta name=\"twitter:label1\" content=\"Est. reading time\" \/>\n\t<meta name=\"twitter:data1\" content=\"1 minut\" \/>\n<script type=\"application\/ld+json\" class=\"yoast-schema-graph\">{\"@context\":\"https:\/\/schema.org\",\"@graph\":[{\"@type\":\"WebPage\",\"@id\":\"https:\/\/veeohutus.ee\/talv\/enne-jaale-minekut\/\",\"url\":\"https:\/\/veeohutus.ee\/talv\/enne-jaale-minekut\/\",\"name\":\"Enne j\u00e4\u00e4le minekut - Veeohutus - Talv\",\"isPartOf\":{\"@id\":\"https:\/\/veeohutus.ee\/talv\/#website\"},\"primaryImageOfPage\":{\"@id\":\"https:\/\/veeohutus.ee\/talv\/enne-jaale-minekut\/#primaryimage\"},\"image\":{\"@id\":\"https:\/\/veeohutus.ee\/talv\/enne-jaale-minekut\/#primaryimage\"},\"thumbnailUrl\":\"https:\/\/veeohutus.ee\/talv\/wp-content\/uploads\/sites\/3\/2018\/10\/jaa-Medium.jpg\",\"datePublished\":\"2018-10-19T06:16:48+00:00\",\"dateModified\":\"2019-11-25T09:18:51+00:00\",\"description\":\"J\u00e4\u00e4 paksus peab olema v\u00e4hemalt 10cm. Inimest kannab terve j\u00e4\u00e4, millel puuduvad l\u00f5hed ja praod ning mille v\u00e4ljan\u00e4gemine on \u00fchtlane ja sile.\",\"breadcrumb\":{\"@id\":\"https:\/\/veeohutus.ee\/talv\/enne-jaale-minekut\/#breadcrumb\"},\"inLanguage\":\"et\",\"potentialAction\":[{\"@type\":\"ReadAction\",\"target\":[\"https:\/\/veeohutus.ee\/talv\/enne-jaale-minekut\/\"]}]},{\"@type\":\"ImageObject\",\"inLanguage\":\"et\",\"@id\":\"https:\/\/veeohutus.ee\/talv\/enne-jaale-minekut\/#primaryimage\",\"url\":\"https:\/\/veeohutus.ee\/talv\/wp-content\/uploads\/sites\/3\/2018\/10\/jaa-Medium.jpg\",\"contentUrl\":\"https:\/\/veeohutus.ee\/talv\/wp-content\/uploads\/sites\/3\/2018\/10\/jaa-Medium.jpg\",\"width\":800,\"height\":600},{\"@type\":\"BreadcrumbList\",\"@id\":\"https:\/\/veeohutus.ee\/talv\/enne-jaale-minekut\/#breadcrumb\",\"itemListElement\":[{\"@type\":\"ListItem\",\"position\":1,\"name\":\"Home\",\"item\":\"https:\/\/veeohutus.ee\/talv\/\"},{\"@type\":\"ListItem\",\"position\":2,\"name\":\"Enne j\u00e4\u00e4le minekut\"}]},{\"@type\":\"WebSite\",\"@id\":\"https:\/\/veeohutus.ee\/talv\/#website\",\"url\":\"https:\/\/veeohutus.ee\/talv\/\",\"name\":\"Veeohutus - Talv\",\"description\":\"Just another P\u00e4\u00e4steamet - Veeohutus site\",\"potentialAction\":[{\"@type\":\"SearchAction\",\"target\":{\"@type\":\"EntryPoint\",\"urlTemplate\":\"https:\/\/veeohutus.ee\/talv\/?s={search_term_string}\"},\"query-input\":{\"@type\":\"PropertyValueSpecification\",\"valueRequired\":true,\"valueName\":\"search_term_string\"}}],\"inLanguage\":\"et\"}]}<\/script>\n<!-- \/ Yoast SEO plugin. -->","yoast_head_json":{"title":"Enne j\u00e4\u00e4le minekut - Veeohutus - Talv","description":"J\u00e4\u00e4 paksus peab olema v\u00e4hemalt 10cm. Inimest kannab terve j\u00e4\u00e4, millel puuduvad l\u00f5hed ja praod ning mille v\u00e4ljan\u00e4gemine on \u00fchtlane ja sile.","robots":{"index":"index","follow":"follow","max-snippet":"max-snippet:-1","max-image-preview":"max-image-preview:large","max-video-preview":"max-video-preview:-1"},"canonical":"https:\/\/veeohutus.ee\/talv\/enne-jaale-minekut\/","og_locale":"et_EE","og_type":"article","og_title":"Enne j\u00e4\u00e4le minekut - Veeohutus - Talv","og_description":"J\u00e4\u00e4 paksus peab olema v\u00e4hemalt 10cm. Inimest kannab terve j\u00e4\u00e4, millel puuduvad l\u00f5hed ja praod ning mille v\u00e4ljan\u00e4gemine on \u00fchtlane ja sile.","og_url":"https:\/\/veeohutus.ee\/talv\/enne-jaale-minekut\/","og_site_name":"Veeohutus - Talv","article_modified_time":"2019-11-25T09:18:51+00:00","og_image":[{"width":800,"height":600,"url":"https:\/\/veeohutus.ee\/talv\/wp-content\/uploads\/sites\/3\/2018\/10\/jaa-Medium.jpg","type":"image\/jpeg"}],"twitter_card":"summary_large_image","twitter_misc":{"Est. reading time":"1 minut"},"schema":{"@context":"https:\/\/schema.org","@graph":[{"@type":"WebPage","@id":"https:\/\/veeohutus.ee\/talv\/enne-jaale-minekut\/","url":"https:\/\/veeohutus.ee\/talv\/enne-jaale-minekut\/","name":"Enne j\u00e4\u00e4le minekut - Veeohutus - Talv","isPartOf":{"@id":"https:\/\/veeohutus.ee\/talv\/#website"},"primaryImageOfPage":{"@id":"https:\/\/veeohutus.ee\/talv\/enne-jaale-minekut\/#primaryimage"},"image":{"@id":"https:\/\/veeohutus.ee\/talv\/enne-jaale-minekut\/#primaryimage"},"thumbnailUrl":"https:\/\/veeohutus.ee\/talv\/wp-content\/uploads\/sites\/3\/2018\/10\/jaa-Medium.jpg","datePublished":"2018-10-19T06:16:48+00:00","dateModified":"2019-11-25T09:18:51+00:00","description":"J\u00e4\u00e4 paksus peab olema v\u00e4hemalt 10cm. Inimest kannab terve j\u00e4\u00e4, millel puuduvad l\u00f5hed ja praod ning mille v\u00e4ljan\u00e4gemine on \u00fchtlane ja sile.","breadcrumb":{"@id":"https:\/\/veeohutus.ee\/talv\/enne-jaale-minekut\/#breadcrumb"},"inLanguage":"et","potentialAction":[{"@type":"ReadAction","target":["https:\/\/veeohutus.ee\/talv\/enne-jaale-minekut\/"]}]},{"@type":"ImageObject","inLanguage":"et","@id":"https:\/\/veeohutus.ee\/talv\/enne-jaale-minekut\/#primaryimage","url":"https:\/\/veeohutus.ee\/talv\/wp-content\/uploads\/sites\/3\/2018\/10\/jaa-Medium.jpg","contentUrl":"https:\/\/veeohutus.ee\/talv\/wp-content\/uploads\/sites\/3\/2018\/10\/jaa-Medium.jpg","width":800,"height":600},{"@type":"BreadcrumbList","@id":"https:\/\/veeohutus.ee\/talv\/enne-jaale-minekut\/#breadcrumb","itemListElement":[{"@type":"ListItem","position":1,"name":"Home","item":"https:\/\/veeohutus.ee\/talv\/"},{"@type":"ListItem","position":2,"name":"Enne j\u00e4\u00e4le minekut"}]},{"@type":"WebSite","@id":"https:\/\/veeohutus.ee\/talv\/#website","url":"https:\/\/veeohutus.ee\/talv\/","name":"Veeohutus - Talv","description":"Just another P\u00e4\u00e4steamet - Veeohutus site","potentialAction":[{"@type":"SearchAction","target":{"@type":"EntryPoint","urlTemplate":"https:\/\/veeohutus.ee\/talv\/?s={search_term_string}"},"query-input":{"@type":"PropertyValueSpecification","valueRequired":true,"valueName":"search_term_string"}}],"inLanguage":"et"}]}},"_links":{"self":[{"href":"https:\/\/veeohutus.ee\/talv\/wp-json\/wp\/v2\/pages\/156","targetHints":{"allow":["GET"]}}],"collection":[{"href":"https:\/\/veeohutus.ee\/talv\/wp-json\/wp\/v2\/pages"}],"about":[{"href":"https:\/\/veeohutus.ee\/talv\/wp-json\/wp\/v2\/types\/page"}],"author":[{"embeddable":true,"href":"https:\/\/veeohutus.ee\/talv\/wp-json\/wp\/v2\/users\/2"}],"replies":[{"embeddable":true,"href":"https:\/\/veeohutus.ee\/talv\/wp-json\/wp\/v2\/comments?post=156"}],"version-history":[{"count":17,"href":"https:\/\/veeohutus.ee\/talv\/wp-json\/wp\/v2\/pages\/156\/revisions"}],"predecessor-version":[{"id":791,"href":"https:\/\/veeohutus.ee\/talv\/wp-json\/wp\/v2\/pages\/156\/revisions\/791"}],"wp:featuredmedia":[{"embeddable":true,"href":"https:\/\/veeohutus.ee\/talv\/wp-json\/wp\/v2\/media\/46"}],"wp:attachment":[{"href":"https:\/\/veeohutus.ee\/talv\/wp-json\/wp\/v2\/media?parent=156"}],"curies":[{"name":"wp","href":"https:\/\/api.w.org\/{rel}","templated":true}]}}