{"id":18,"date":"2018-10-19T05:56:16","date_gmt":"2018-10-19T05:56:16","guid":{"rendered":"https:\/\/veeohutus.ee\/talv\/?page_id=18"},"modified":"2019-11-25T14:46:08","modified_gmt":"2019-11-25T14:46:08","slug":"teise-paastmine-jaaaugust","status":"publish","type":"page","link":"https:\/\/veeohutus.ee\/talv\/teise-paastmine-jaaaugust\/","title":{"rendered":"Teiste p\u00e4\u00e4stmine j\u00e4\u00e4august"},"content":{"rendered":"<ul>\n<li>P\u00fc\u00fca mitte sattuda paanikasse;<\/li>\n<li>Helista 112 v\u00f5i lase seda kellegil l\u00e4hedalolijal teha;<\/li>\n<li>L\u00e4hene h\u00e4dasolijale v\u00f5imalusel tema k\u00e4idud rada. Kui ta on sinuga sama kaaluga, siis see on orientiiriks, kus j\u00e4\u00e4 veel kannab;<\/li>\n<li>P\u00e4\u00e4stma minnes j\u00e4lgi j\u00e4\u00e4 k\u00e4itumist. Kui kuuled praksumist, siis see viitab sellele, et j\u00e4\u00e4 ei ole piisavalt tugev;<\/li>\n<li>2-3 meetrit enne j\u00e4\u00e4augu serva heida k\u00f5huli ja liigu roomates. Selliselt jaotad oma kehakaalu \u00fchtlaselt m\u00f6\u00f6da j\u00e4\u00e4d ja ei vaju ise sisse;<\/li>\n<\/ul>\n<img loading=\"lazy\" decoding=\"async\" class=\"aligncenter wp-image-676\" src=\"https:\/\/veeohutus.ee\/talv\/wp-content\/uploads\/sites\/3\/2018\/10\/teise_paastmine_roomab.jpg\" alt=\"teise_paastmine_roomab\" width=\"500\" height=\"234\" srcset=\"https:\/\/veeohutus.ee\/talv\/wp-content\/uploads\/sites\/3\/2018\/10\/teise_paastmine_roomab.jpg 4032w, https:\/\/veeohutus.ee\/talv\/wp-content\/uploads\/sites\/3\/2018\/10\/teise_paastmine_roomab-300x141.jpg 300w, https:\/\/veeohutus.ee\/talv\/wp-content\/uploads\/sites\/3\/2018\/10\/teise_paastmine_roomab-768x360.jpg 768w, https:\/\/veeohutus.ee\/talv\/wp-content\/uploads\/sites\/3\/2018\/10\/teise_paastmine_roomab-1024x480.jpg 1024w\" sizes=\"auto, (max-width: 500px) 100vw, 500px\" \/>\n<ul>\n<li>Ulata h\u00e4dasolijale mingi ese (kaasa v\u00f5etud puuoks, laud, redel jne.), kui muud k\u00e4ep\u00e4rast ei ole, siis sobib selleks ka sinu jope;<\/li>\n<li>Kui h\u00e4dasolija ei suuda kangestunud s\u00f5rmede t\u00f5ttu abivahendist haarata, siis rooma v\u00e4ga ettevaatlikult talle l\u00e4hemale ja proovi temast kinni saada;<\/li>\n<\/ul>\n<img loading=\"lazy\" decoding=\"async\" class=\"aligncenter wp-image-673\" src=\"https:\/\/veeohutus.ee\/talv\/wp-content\/uploads\/sites\/3\/2018\/10\/teise_paastmine_jopega-1024x584.jpg\" alt=\"teise_paastmine_jopega\" width=\"500\" height=\"285\" srcset=\"https:\/\/veeohutus.ee\/talv\/wp-content\/uploads\/sites\/3\/2018\/10\/teise_paastmine_jopega-1024x584.jpg 1024w, https:\/\/veeohutus.ee\/talv\/wp-content\/uploads\/sites\/3\/2018\/10\/teise_paastmine_jopega-300x171.jpg 300w, https:\/\/veeohutus.ee\/talv\/wp-content\/uploads\/sites\/3\/2018\/10\/teise_paastmine_jopega-768x438.jpg 768w\" sizes=\"auto, (max-width: 500px) 100vw, 500px\" \/>\n<ul>\n<li>Kui oled h\u00e4dasolija j\u00e4\u00e4augu servale saanud, siis \u00e4rge t\u00f5uske p\u00fcsti, vaid roomake v\u00f5i rulluge eemale. Juhul kui kannatanu ei suuda roomata, pead teda lohistama;<\/li>\n<li>Hoolitse, et saaksite ruttu sooja ja m\u00e4rjad riided seljast \u00e4ra.<\/li>\n<\/ul>\n<img loading=\"lazy\" decoding=\"async\" class=\"alignright wp-image-670 size-medium\" src=\"https:\/\/veeohutus.ee\/talv\/wp-content\/uploads\/sites\/3\/2018\/10\/soojeneb-262x300.jpg\" alt=\"soojeneb\" width=\"262\" height=\"300\" srcset=\"https:\/\/veeohutus.ee\/talv\/wp-content\/uploads\/sites\/3\/2018\/10\/soojeneb-262x300.jpg 262w, https:\/\/veeohutus.ee\/talv\/wp-content\/uploads\/sites\/3\/2018\/10\/soojeneb-768x880.jpg 768w, https:\/\/veeohutus.ee\/talv\/wp-content\/uploads\/sites\/3\/2018\/10\/soojeneb-894x1024.jpg 894w, https:\/\/veeohutus.ee\/talv\/wp-content\/uploads\/sites\/3\/2018\/10\/soojeneb.jpg 2016w\" sizes=\"auto, (max-width: 262px) 100vw, 262px\" \/>\n<p>&nbsp;<\/p>\n","protected":false},"excerpt":{"rendered":"<p>P\u00fc\u00fca mitte sattuda paanikasse; Helista 112 v\u00f5i lase seda kellegil l\u00e4hedalolijal teha; L\u00e4hene h\u00e4dasolijale v\u00f5imalusel tema k\u00e4idud rada. Kui ta on sinuga sama kaaluga, siis see on orientiiriks, kus j\u00e4\u00e4 veel kannab; P\u00e4\u00e4stma minnes j\u00e4lgi j\u00e4\u00e4 k\u00e4itumist. Kui kuuled praksumist, siis see viitab sellele, et j\u00e4\u00e4 ei ole piisavalt tugev; 2-3 meetrit enne j\u00e4\u00e4augu serva&#8230;  <a class=\"excerpt-read-more\" href=\"https:\/\/veeohutus.ee\/talv\/teise-paastmine-jaaaugust\/\" title=\"Read Teiste p\u00e4\u00e4stmine j\u00e4\u00e4august\">Read more<\/a><\/p>\n","protected":false},"author":2,"featured_media":85,"parent":0,"menu_order":0,"comment_status":"closed","ping_status":"closed","template":"","meta":{"_acf_changed":false,"footnotes":""},"class_list":["post-18","page","type-page","status-publish","has-post-thumbnail","hentry"],"acf":[],"yoast_head":"<!-- This site is optimized with the Yoast SEO plugin v26.7 - https:\/\/yoast.com\/wordpress\/plugins\/seo\/ -->\n<title>Teiste p\u00e4\u00e4stmine j\u00e4\u00e4august - Veeohutus - Talv<\/title>\n<meta name=\"description\" content=\"Kui inimene on kukkunud l\u00e4bi j\u00e4\u00e4, saad teda abistada, kuid seda tehes ei tohi end ohtu seada. Loe rohkem, kuidas j\u00e4\u00e4august inimest p\u00e4\u00e4sta.\" \/>\n<meta name=\"robots\" content=\"index, follow, max-snippet:-1, max-image-preview:large, max-video-preview:-1\" \/>\n<link rel=\"canonical\" href=\"https:\/\/veeohutus.ee\/talv\/teise-paastmine-jaaaugust\/\" \/>\n<meta property=\"og:locale\" content=\"et_EE\" \/>\n<meta property=\"og:type\" content=\"article\" \/>\n<meta property=\"og:title\" content=\"Teiste p\u00e4\u00e4stmine j\u00e4\u00e4august - Veeohutus - Talv\" \/>\n<meta property=\"og:description\" content=\"Kui inimene on kukkunud l\u00e4bi j\u00e4\u00e4, saad teda abistada, kuid seda tehes ei tohi end ohtu seada. Loe rohkem, kuidas j\u00e4\u00e4august inimest p\u00e4\u00e4sta.\" \/>\n<meta property=\"og:url\" content=\"https:\/\/veeohutus.ee\/talv\/teise-paastmine-jaaaugust\/\" \/>\n<meta property=\"og:site_name\" content=\"Veeohutus - Talv\" \/>\n<meta property=\"article:modified_time\" content=\"2019-11-25T14:46:08+00:00\" \/>\n<meta property=\"og:image\" content=\"https:\/\/veeohutus.ee\/talv\/wp-content\/uploads\/sites\/3\/2018\/10\/snow-1148359_960_720.jpg\" \/>\n\t<meta property=\"og:image:width\" content=\"960\" \/>\n\t<meta property=\"og:image:height\" content=\"640\" \/>\n\t<meta property=\"og:image:type\" content=\"image\/jpeg\" \/>\n<meta name=\"twitter:card\" content=\"summary_large_image\" \/>\n<meta name=\"twitter:label1\" content=\"Est. reading time\" \/>\n\t<meta name=\"twitter:data1\" content=\"1 minut\" \/>\n<script type=\"application\/ld+json\" class=\"yoast-schema-graph\">{\"@context\":\"https:\/\/schema.org\",\"@graph\":[{\"@type\":\"WebPage\",\"@id\":\"https:\/\/veeohutus.ee\/talv\/teise-paastmine-jaaaugust\/\",\"url\":\"https:\/\/veeohutus.ee\/talv\/teise-paastmine-jaaaugust\/\",\"name\":\"Teiste p\u00e4\u00e4stmine j\u00e4\u00e4august - Veeohutus - Talv\",\"isPartOf\":{\"@id\":\"https:\/\/veeohutus.ee\/talv\/#website\"},\"primaryImageOfPage\":{\"@id\":\"https:\/\/veeohutus.ee\/talv\/teise-paastmine-jaaaugust\/#primaryimage\"},\"image\":{\"@id\":\"https:\/\/veeohutus.ee\/talv\/teise-paastmine-jaaaugust\/#primaryimage\"},\"thumbnailUrl\":\"https:\/\/veeohutus.ee\/talv\/wp-content\/uploads\/sites\/3\/2018\/10\/snow-1148359_960_720.jpg\",\"datePublished\":\"2018-10-19T05:56:16+00:00\",\"dateModified\":\"2019-11-25T14:46:08+00:00\",\"description\":\"Kui inimene on kukkunud l\u00e4bi j\u00e4\u00e4, saad teda abistada, kuid seda tehes ei tohi end ohtu seada. Loe rohkem, kuidas j\u00e4\u00e4august inimest p\u00e4\u00e4sta.\",\"breadcrumb\":{\"@id\":\"https:\/\/veeohutus.ee\/talv\/teise-paastmine-jaaaugust\/#breadcrumb\"},\"inLanguage\":\"et\",\"potentialAction\":[{\"@type\":\"ReadAction\",\"target\":[\"https:\/\/veeohutus.ee\/talv\/teise-paastmine-jaaaugust\/\"]}]},{\"@type\":\"ImageObject\",\"inLanguage\":\"et\",\"@id\":\"https:\/\/veeohutus.ee\/talv\/teise-paastmine-jaaaugust\/#primaryimage\",\"url\":\"https:\/\/veeohutus.ee\/talv\/wp-content\/uploads\/sites\/3\/2018\/10\/snow-1148359_960_720.jpg\",\"contentUrl\":\"https:\/\/veeohutus.ee\/talv\/wp-content\/uploads\/sites\/3\/2018\/10\/snow-1148359_960_720.jpg\",\"width\":960,\"height\":640},{\"@type\":\"BreadcrumbList\",\"@id\":\"https:\/\/veeohutus.ee\/talv\/teise-paastmine-jaaaugust\/#breadcrumb\",\"itemListElement\":[{\"@type\":\"ListItem\",\"position\":1,\"name\":\"Home\",\"item\":\"https:\/\/veeohutus.ee\/talv\/\"},{\"@type\":\"ListItem\",\"position\":2,\"name\":\"Teiste p\u00e4\u00e4stmine j\u00e4\u00e4august\"}]},{\"@type\":\"WebSite\",\"@id\":\"https:\/\/veeohutus.ee\/talv\/#website\",\"url\":\"https:\/\/veeohutus.ee\/talv\/\",\"name\":\"Veeohutus - Talv\",\"description\":\"Just another P\u00e4\u00e4steamet - Veeohutus site\",\"potentialAction\":[{\"@type\":\"SearchAction\",\"target\":{\"@type\":\"EntryPoint\",\"urlTemplate\":\"https:\/\/veeohutus.ee\/talv\/?s={search_term_string}\"},\"query-input\":{\"@type\":\"PropertyValueSpecification\",\"valueRequired\":true,\"valueName\":\"search_term_string\"}}],\"inLanguage\":\"et\"}]}<\/script>\n<!-- \/ Yoast SEO plugin. -->","yoast_head_json":{"title":"Teiste p\u00e4\u00e4stmine j\u00e4\u00e4august - Veeohutus - Talv","description":"Kui inimene on kukkunud l\u00e4bi j\u00e4\u00e4, saad teda abistada, kuid seda tehes ei tohi end ohtu seada. Loe rohkem, kuidas j\u00e4\u00e4august inimest p\u00e4\u00e4sta.","robots":{"index":"index","follow":"follow","max-snippet":"max-snippet:-1","max-image-preview":"max-image-preview:large","max-video-preview":"max-video-preview:-1"},"canonical":"https:\/\/veeohutus.ee\/talv\/teise-paastmine-jaaaugust\/","og_locale":"et_EE","og_type":"article","og_title":"Teiste p\u00e4\u00e4stmine j\u00e4\u00e4august - Veeohutus - Talv","og_description":"Kui inimene on kukkunud l\u00e4bi j\u00e4\u00e4, saad teda abistada, kuid seda tehes ei tohi end ohtu seada. Loe rohkem, kuidas j\u00e4\u00e4august inimest p\u00e4\u00e4sta.","og_url":"https:\/\/veeohutus.ee\/talv\/teise-paastmine-jaaaugust\/","og_site_name":"Veeohutus - Talv","article_modified_time":"2019-11-25T14:46:08+00:00","og_image":[{"width":960,"height":640,"url":"https:\/\/veeohutus.ee\/talv\/wp-content\/uploads\/sites\/3\/2018\/10\/snow-1148359_960_720.jpg","type":"image\/jpeg"}],"twitter_card":"summary_large_image","twitter_misc":{"Est. reading time":"1 minut"},"schema":{"@context":"https:\/\/schema.org","@graph":[{"@type":"WebPage","@id":"https:\/\/veeohutus.ee\/talv\/teise-paastmine-jaaaugust\/","url":"https:\/\/veeohutus.ee\/talv\/teise-paastmine-jaaaugust\/","name":"Teiste p\u00e4\u00e4stmine j\u00e4\u00e4august - Veeohutus - Talv","isPartOf":{"@id":"https:\/\/veeohutus.ee\/talv\/#website"},"primaryImageOfPage":{"@id":"https:\/\/veeohutus.ee\/talv\/teise-paastmine-jaaaugust\/#primaryimage"},"image":{"@id":"https:\/\/veeohutus.ee\/talv\/teise-paastmine-jaaaugust\/#primaryimage"},"thumbnailUrl":"https:\/\/veeohutus.ee\/talv\/wp-content\/uploads\/sites\/3\/2018\/10\/snow-1148359_960_720.jpg","datePublished":"2018-10-19T05:56:16+00:00","dateModified":"2019-11-25T14:46:08+00:00","description":"Kui inimene on kukkunud l\u00e4bi j\u00e4\u00e4, saad teda abistada, kuid seda tehes ei tohi end ohtu seada. Loe rohkem, kuidas j\u00e4\u00e4august inimest p\u00e4\u00e4sta.","breadcrumb":{"@id":"https:\/\/veeohutus.ee\/talv\/teise-paastmine-jaaaugust\/#breadcrumb"},"inLanguage":"et","potentialAction":[{"@type":"ReadAction","target":["https:\/\/veeohutus.ee\/talv\/teise-paastmine-jaaaugust\/"]}]},{"@type":"ImageObject","inLanguage":"et","@id":"https:\/\/veeohutus.ee\/talv\/teise-paastmine-jaaaugust\/#primaryimage","url":"https:\/\/veeohutus.ee\/talv\/wp-content\/uploads\/sites\/3\/2018\/10\/snow-1148359_960_720.jpg","contentUrl":"https:\/\/veeohutus.ee\/talv\/wp-content\/uploads\/sites\/3\/2018\/10\/snow-1148359_960_720.jpg","width":960,"height":640},{"@type":"BreadcrumbList","@id":"https:\/\/veeohutus.ee\/talv\/teise-paastmine-jaaaugust\/#breadcrumb","itemListElement":[{"@type":"ListItem","position":1,"name":"Home","item":"https:\/\/veeohutus.ee\/talv\/"},{"@type":"ListItem","position":2,"name":"Teiste p\u00e4\u00e4stmine j\u00e4\u00e4august"}]},{"@type":"WebSite","@id":"https:\/\/veeohutus.ee\/talv\/#website","url":"https:\/\/veeohutus.ee\/talv\/","name":"Veeohutus - Talv","description":"Just another P\u00e4\u00e4steamet - Veeohutus site","potentialAction":[{"@type":"SearchAction","target":{"@type":"EntryPoint","urlTemplate":"https:\/\/veeohutus.ee\/talv\/?s={search_term_string}"},"query-input":{"@type":"PropertyValueSpecification","valueRequired":true,"valueName":"search_term_string"}}],"inLanguage":"et"}]}},"_links":{"self":[{"href":"https:\/\/veeohutus.ee\/talv\/wp-json\/wp\/v2\/pages\/18","targetHints":{"allow":["GET"]}}],"collection":[{"href":"https:\/\/veeohutus.ee\/talv\/wp-json\/wp\/v2\/pages"}],"about":[{"href":"https:\/\/veeohutus.ee\/talv\/wp-json\/wp\/v2\/types\/page"}],"author":[{"embeddable":true,"href":"https:\/\/veeohutus.ee\/talv\/wp-json\/wp\/v2\/users\/2"}],"replies":[{"embeddable":true,"href":"https:\/\/veeohutus.ee\/talv\/wp-json\/wp\/v2\/comments?post=18"}],"version-history":[{"count":5,"href":"https:\/\/veeohutus.ee\/talv\/wp-json\/wp\/v2\/pages\/18\/revisions"}],"predecessor-version":[{"id":689,"href":"https:\/\/veeohutus.ee\/talv\/wp-json\/wp\/v2\/pages\/18\/revisions\/689"}],"wp:featuredmedia":[{"embeddable":true,"href":"https:\/\/veeohutus.ee\/talv\/wp-json\/wp\/v2\/media\/85"}],"wp:attachment":[{"href":"https:\/\/veeohutus.ee\/talv\/wp-json\/wp\/v2\/media?parent=18"}],"curies":[{"name":"wp","href":"https:\/\/api.w.org\/{rel}","templated":true}]}}