{"id":201,"date":"2018-10-19T10:30:10","date_gmt":"2018-10-19T10:30:10","guid":{"rendered":"https:\/\/veeohutus.ee\/talv\/?page_id=201"},"modified":"2019-11-25T14:16:39","modified_gmt":"2019-11-25T14:16:39","slug":"kalastamine-talvel","status":"publish","type":"page","link":"https:\/\/veeohutus.ee\/talv\/kalastamine-talvel\/","title":{"rendered":"Kalastamine talvel"},"content":{"rendered":"<h3>Kalastama minnes pea meeles!<\/h3>\n<p style=\"text-align: justify;\">Igal aastal on veekogude j\u00e4\u00e4l \u00f5nnetusi just kalameestega, kes ennatlikult eeldavad, et kogemustest tulenevalt nendega midagi ei juhtu.<\/p>\n<p style=\"text-align: justify;\">J\u00e4isesse vette sattunud inimese uppumise p\u00f5hjus pole v\u00e4hene ujumisoskus, vaid just k\u00fclm vesi, mis tegutsemisv\u00f5ime halvab. L\u00e4bi j\u00e4\u00e4 vajudes peab inimene arvestama, et j\u00e4\u00e4aluse <strong>vee temperatuur on 4 kraadi.<\/strong> Nii k\u00fclmas vees <strong>peab t\u00e4iskasvanu vastu maksimaalselt 10 minutit<\/strong>, laps kaotab sellise temperatuuriga vees teadvuse veelgi varem.<\/p>\n<p style=\"text-align: justify;\">\u00dckski kala ei ole seda v\u00e4\u00e4rt, et j\u00e4tta veekogusse oma elu. Tuleb oodata, kuniks j\u00e4\u00e4kate on piisvalt tugev.<\/p>\n<p style=\"text-align: justify;\"><img loading=\"lazy\" decoding=\"async\" class=\"aligncenter wp-image-239 size-large\" src=\"https:\/\/veeohutus.ee\/talv\/wp-content\/uploads\/sites\/3\/2018\/10\/talipuuk2JPG-1024x479.jpg\" alt=\"talipuuk2JPG\" width=\"680\" height=\"318\" srcset=\"https:\/\/veeohutus.ee\/talv\/wp-content\/uploads\/sites\/3\/2018\/10\/talipuuk2JPG-1024x479.jpg 1024w, https:\/\/veeohutus.ee\/talv\/wp-content\/uploads\/sites\/3\/2018\/10\/talipuuk2JPG-300x140.jpg 300w, https:\/\/veeohutus.ee\/talv\/wp-content\/uploads\/sites\/3\/2018\/10\/talipuuk2JPG-768x359.jpg 768w, https:\/\/veeohutus.ee\/talv\/wp-content\/uploads\/sites\/3\/2018\/10\/talipuuk2JPG.jpg 1884w\" sizes=\"auto, (max-width: 680px) 100vw, 680px\" \/><\/p>\n<p><strong>Talvine statistika:<\/strong><\/p>\n<ul>\n<li>2014. aastal uppus kalastamise k\u00e4igus kokku 16 inimest, neist suur osa (10 juhtumit) olid seotud vees\u00f5iduki\u00f5nnetusega. Ohvrid reeglina ei kasutanud p\u00e4\u00e4stevarustust.<\/li>\n<li>2015. aastal uppus kalastamise k\u00e4igus 7 inimest, neist 4 juhtumit olid seotud vees\u00f5iduki\u00f5nnetusega.<\/li>\n<li>2016. aastal uppus kalastamise k\u00e4igus 10 inimest, neist suur osa (6 juhtumit) olid seotud l\u00e4bi j\u00e4\u00e4 vajumisega.<\/li>\n<li>2017. aastal uppus kalastamise k\u00e4igus 8 inimest, neist pooled (4) uppusid vees\u00f5idukilt kalastades, j\u00e4\u00e4lt kalastades 2 ja kaldalt kalastades 2 kalameest.<\/li>\n<\/ul>\n","protected":false},"excerpt":{"rendered":"<p>Kalastama minnes pea meeles! Igal aastal on veekogude j\u00e4\u00e4l \u00f5nnetusi just kalameestega, kes ennatlikult eeldavad, et kogemustest tulenevalt nendega midagi ei juhtu. J\u00e4isesse vette sattunud inimese uppumise p\u00f5hjus pole v\u00e4hene ujumisoskus, vaid just k\u00fclm vesi, mis tegutsemisv\u00f5ime halvab. L\u00e4bi j\u00e4\u00e4 vajudes peab inimene arvestama, et j\u00e4\u00e4aluse vee temperatuur on 4 kraadi. Nii k\u00fclmas vees peab&#8230;  <a class=\"excerpt-read-more\" href=\"https:\/\/veeohutus.ee\/talv\/kalastamine-talvel\/\" title=\"Read Kalastamine talvel\">Read more<\/a><\/p>\n","protected":false},"author":2,"featured_media":28,"parent":0,"menu_order":0,"comment_status":"closed","ping_status":"closed","template":"","meta":{"_acf_changed":false,"footnotes":""},"class_list":["post-201","page","type-page","status-publish","has-post-thumbnail","hentry"],"acf":[],"yoast_head":"<!-- This site is optimized with the Yoast SEO plugin v26.7 - https:\/\/yoast.com\/wordpress\/plugins\/seo\/ -->\n<title>Kalastamine talvel - Veeohutus - Talv<\/title>\n<meta name=\"description\" content=\"Iga aasta juhtub veekogude j\u00e4\u00e4l \u00f5nnetusi kalameestega, kes eeldavad, et t\u00e4nu suurtele kogemustele, \u00f5nnetusi nendega ei juhtu.\" \/>\n<meta name=\"robots\" content=\"index, follow, max-snippet:-1, max-image-preview:large, max-video-preview:-1\" \/>\n<link rel=\"canonical\" href=\"https:\/\/veeohutus.ee\/talv\/kalastamine-talvel\/\" \/>\n<meta property=\"og:locale\" content=\"et_EE\" \/>\n<meta property=\"og:type\" content=\"article\" \/>\n<meta property=\"og:title\" content=\"Kalastamine talvel - Veeohutus - Talv\" \/>\n<meta property=\"og:description\" content=\"Iga aasta juhtub veekogude j\u00e4\u00e4l \u00f5nnetusi kalameestega, kes eeldavad, et t\u00e4nu suurtele kogemustele, \u00f5nnetusi nendega ei juhtu.\" \/>\n<meta property=\"og:url\" content=\"https:\/\/veeohutus.ee\/talv\/kalastamine-talvel\/\" \/>\n<meta property=\"og:site_name\" content=\"Veeohutus - Talv\" \/>\n<meta property=\"article:modified_time\" content=\"2019-11-25T14:16:39+00:00\" \/>\n<meta property=\"og:image\" content=\"https:\/\/veeohutus.ee\/talv\/wp-content\/uploads\/sites\/3\/2018\/10\/fishing-752584_960_720.jpg\" \/>\n\t<meta property=\"og:image:width\" content=\"960\" \/>\n\t<meta property=\"og:image:height\" content=\"640\" \/>\n\t<meta property=\"og:image:type\" content=\"image\/jpeg\" \/>\n<meta name=\"twitter:card\" content=\"summary_large_image\" \/>\n<meta name=\"twitter:label1\" content=\"Est. reading time\" \/>\n\t<meta name=\"twitter:data1\" content=\"1 minut\" \/>\n<script type=\"application\/ld+json\" class=\"yoast-schema-graph\">{\"@context\":\"https:\/\/schema.org\",\"@graph\":[{\"@type\":\"WebPage\",\"@id\":\"https:\/\/veeohutus.ee\/talv\/kalastamine-talvel\/\",\"url\":\"https:\/\/veeohutus.ee\/talv\/kalastamine-talvel\/\",\"name\":\"Kalastamine talvel - Veeohutus - Talv\",\"isPartOf\":{\"@id\":\"https:\/\/veeohutus.ee\/talv\/#website\"},\"primaryImageOfPage\":{\"@id\":\"https:\/\/veeohutus.ee\/talv\/kalastamine-talvel\/#primaryimage\"},\"image\":{\"@id\":\"https:\/\/veeohutus.ee\/talv\/kalastamine-talvel\/#primaryimage\"},\"thumbnailUrl\":\"https:\/\/veeohutus.ee\/talv\/wp-content\/uploads\/sites\/3\/2018\/10\/fishing-752584_960_720.jpg\",\"datePublished\":\"2018-10-19T10:30:10+00:00\",\"dateModified\":\"2019-11-25T14:16:39+00:00\",\"description\":\"Iga aasta juhtub veekogude j\u00e4\u00e4l \u00f5nnetusi kalameestega, kes eeldavad, et t\u00e4nu suurtele kogemustele, \u00f5nnetusi nendega ei juhtu.\",\"breadcrumb\":{\"@id\":\"https:\/\/veeohutus.ee\/talv\/kalastamine-talvel\/#breadcrumb\"},\"inLanguage\":\"et\",\"potentialAction\":[{\"@type\":\"ReadAction\",\"target\":[\"https:\/\/veeohutus.ee\/talv\/kalastamine-talvel\/\"]}]},{\"@type\":\"ImageObject\",\"inLanguage\":\"et\",\"@id\":\"https:\/\/veeohutus.ee\/talv\/kalastamine-talvel\/#primaryimage\",\"url\":\"https:\/\/veeohutus.ee\/talv\/wp-content\/uploads\/sites\/3\/2018\/10\/fishing-752584_960_720.jpg\",\"contentUrl\":\"https:\/\/veeohutus.ee\/talv\/wp-content\/uploads\/sites\/3\/2018\/10\/fishing-752584_960_720.jpg\",\"width\":960,\"height\":640},{\"@type\":\"BreadcrumbList\",\"@id\":\"https:\/\/veeohutus.ee\/talv\/kalastamine-talvel\/#breadcrumb\",\"itemListElement\":[{\"@type\":\"ListItem\",\"position\":1,\"name\":\"Home\",\"item\":\"https:\/\/veeohutus.ee\/talv\/\"},{\"@type\":\"ListItem\",\"position\":2,\"name\":\"Kalastamine talvel\"}]},{\"@type\":\"WebSite\",\"@id\":\"https:\/\/veeohutus.ee\/talv\/#website\",\"url\":\"https:\/\/veeohutus.ee\/talv\/\",\"name\":\"Veeohutus - Talv\",\"description\":\"Just another P\u00e4\u00e4steamet - Veeohutus site\",\"potentialAction\":[{\"@type\":\"SearchAction\",\"target\":{\"@type\":\"EntryPoint\",\"urlTemplate\":\"https:\/\/veeohutus.ee\/talv\/?s={search_term_string}\"},\"query-input\":{\"@type\":\"PropertyValueSpecification\",\"valueRequired\":true,\"valueName\":\"search_term_string\"}}],\"inLanguage\":\"et\"}]}<\/script>\n<!-- \/ Yoast SEO plugin. -->","yoast_head_json":{"title":"Kalastamine talvel - Veeohutus - Talv","description":"Iga aasta juhtub veekogude j\u00e4\u00e4l \u00f5nnetusi kalameestega, kes eeldavad, et t\u00e4nu suurtele kogemustele, \u00f5nnetusi nendega ei juhtu.","robots":{"index":"index","follow":"follow","max-snippet":"max-snippet:-1","max-image-preview":"max-image-preview:large","max-video-preview":"max-video-preview:-1"},"canonical":"https:\/\/veeohutus.ee\/talv\/kalastamine-talvel\/","og_locale":"et_EE","og_type":"article","og_title":"Kalastamine talvel - Veeohutus - Talv","og_description":"Iga aasta juhtub veekogude j\u00e4\u00e4l \u00f5nnetusi kalameestega, kes eeldavad, et t\u00e4nu suurtele kogemustele, \u00f5nnetusi nendega ei juhtu.","og_url":"https:\/\/veeohutus.ee\/talv\/kalastamine-talvel\/","og_site_name":"Veeohutus - Talv","article_modified_time":"2019-11-25T14:16:39+00:00","og_image":[{"width":960,"height":640,"url":"https:\/\/veeohutus.ee\/talv\/wp-content\/uploads\/sites\/3\/2018\/10\/fishing-752584_960_720.jpg","type":"image\/jpeg"}],"twitter_card":"summary_large_image","twitter_misc":{"Est. reading time":"1 minut"},"schema":{"@context":"https:\/\/schema.org","@graph":[{"@type":"WebPage","@id":"https:\/\/veeohutus.ee\/talv\/kalastamine-talvel\/","url":"https:\/\/veeohutus.ee\/talv\/kalastamine-talvel\/","name":"Kalastamine talvel - Veeohutus - Talv","isPartOf":{"@id":"https:\/\/veeohutus.ee\/talv\/#website"},"primaryImageOfPage":{"@id":"https:\/\/veeohutus.ee\/talv\/kalastamine-talvel\/#primaryimage"},"image":{"@id":"https:\/\/veeohutus.ee\/talv\/kalastamine-talvel\/#primaryimage"},"thumbnailUrl":"https:\/\/veeohutus.ee\/talv\/wp-content\/uploads\/sites\/3\/2018\/10\/fishing-752584_960_720.jpg","datePublished":"2018-10-19T10:30:10+00:00","dateModified":"2019-11-25T14:16:39+00:00","description":"Iga aasta juhtub veekogude j\u00e4\u00e4l \u00f5nnetusi kalameestega, kes eeldavad, et t\u00e4nu suurtele kogemustele, \u00f5nnetusi nendega ei juhtu.","breadcrumb":{"@id":"https:\/\/veeohutus.ee\/talv\/kalastamine-talvel\/#breadcrumb"},"inLanguage":"et","potentialAction":[{"@type":"ReadAction","target":["https:\/\/veeohutus.ee\/talv\/kalastamine-talvel\/"]}]},{"@type":"ImageObject","inLanguage":"et","@id":"https:\/\/veeohutus.ee\/talv\/kalastamine-talvel\/#primaryimage","url":"https:\/\/veeohutus.ee\/talv\/wp-content\/uploads\/sites\/3\/2018\/10\/fishing-752584_960_720.jpg","contentUrl":"https:\/\/veeohutus.ee\/talv\/wp-content\/uploads\/sites\/3\/2018\/10\/fishing-752584_960_720.jpg","width":960,"height":640},{"@type":"BreadcrumbList","@id":"https:\/\/veeohutus.ee\/talv\/kalastamine-talvel\/#breadcrumb","itemListElement":[{"@type":"ListItem","position":1,"name":"Home","item":"https:\/\/veeohutus.ee\/talv\/"},{"@type":"ListItem","position":2,"name":"Kalastamine talvel"}]},{"@type":"WebSite","@id":"https:\/\/veeohutus.ee\/talv\/#website","url":"https:\/\/veeohutus.ee\/talv\/","name":"Veeohutus - Talv","description":"Just another P\u00e4\u00e4steamet - Veeohutus site","potentialAction":[{"@type":"SearchAction","target":{"@type":"EntryPoint","urlTemplate":"https:\/\/veeohutus.ee\/talv\/?s={search_term_string}"},"query-input":{"@type":"PropertyValueSpecification","valueRequired":true,"valueName":"search_term_string"}}],"inLanguage":"et"}]}},"_links":{"self":[{"href":"https:\/\/veeohutus.ee\/talv\/wp-json\/wp\/v2\/pages\/201","targetHints":{"allow":["GET"]}}],"collection":[{"href":"https:\/\/veeohutus.ee\/talv\/wp-json\/wp\/v2\/pages"}],"about":[{"href":"https:\/\/veeohutus.ee\/talv\/wp-json\/wp\/v2\/types\/page"}],"author":[{"embeddable":true,"href":"https:\/\/veeohutus.ee\/talv\/wp-json\/wp\/v2\/users\/2"}],"replies":[{"embeddable":true,"href":"https:\/\/veeohutus.ee\/talv\/wp-json\/wp\/v2\/comments?post=201"}],"version-history":[{"count":7,"href":"https:\/\/veeohutus.ee\/talv\/wp-json\/wp\/v2\/pages\/201\/revisions"}],"predecessor-version":[{"id":793,"href":"https:\/\/veeohutus.ee\/talv\/wp-json\/wp\/v2\/pages\/201\/revisions\/793"}],"wp:featuredmedia":[{"embeddable":true,"href":"https:\/\/veeohutus.ee\/talv\/wp-json\/wp\/v2\/media\/28"}],"wp:attachment":[{"href":"https:\/\/veeohutus.ee\/talv\/wp-json\/wp\/v2\/media?parent=201"}],"curies":[{"name":"wp","href":"https:\/\/api.w.org\/{rel}","templated":true}]}}