{"id":222,"date":"2018-10-19T11:15:57","date_gmt":"2018-10-19T11:15:57","guid":{"rendered":"https:\/\/veeohutus.ee\/talv\/?page_id=222"},"modified":"2019-11-28T12:17:20","modified_gmt":"2019-11-28T12:17:20","slug":"vajalik-varustus-jaale-minnes","status":"publish","type":"page","link":"https:\/\/veeohutus.ee\/talv\/vajalik-varustus-jaale-minnes\/","title":{"rendered":"Vajalik varustus j\u00e4\u00e4le minnes"},"content":{"rendered":"<h3>Matkajale ja sportijale vajalik varustus:<\/h3>\n<ul>\n<li><strong>J\u00e4\u00e4naasklid<\/strong> ja <strong>vile<\/strong>. Pane need kaela k\u00f5ige pealmise riietuse peale, et neid vajadusel takistuseta k\u00e4tte saaksid.<\/li>\n<li>Mitmekihiline erksav\u00e4rviline riietus<\/li>\n<li>Head kerged matkasaapad<\/li>\n<li><\/li>\n<li>Laetud <strong>mobiiltelefon<\/strong> veekindlas kotis.<\/li>\n<li>Kui sul ei ole kasutada p\u00e4\u00e4stevesti, v\u00f5ib seda asendada <strong>seljakott<\/strong>, mille sees on veekindlel kilekott vahetusriietega. Seljakotis olev veekindlalt suletud kilekott riietega aitab teid ka veepinnal hoida.<\/li>\n<li>V\u00f5ta <strong>s\u00f5ber<\/strong> kaasa, siis on abi alati l\u00e4hedal.<\/li>\n<\/ul>\n","protected":false},"excerpt":{"rendered":"<p>Matkajale ja sportijale vajalik varustus: J\u00e4\u00e4naasklid ja vile. Pane need kaela k\u00f5ige pealmise riietuse peale, et neid vajadusel takistuseta k\u00e4tte saaksid. Mitmekihiline erksav\u00e4rviline riietus Head kerged matkasaapad Laetud mobiiltelefon veekindlas kotis. Kui sul ei ole kasutada p\u00e4\u00e4stevesti, v\u00f5ib seda asendada seljakott, mille sees on veekindlel kilekott vahetusriietega. Seljakotis olev veekindlalt suletud kilekott riietega aitab teid&#8230;  <a class=\"excerpt-read-more\" href=\"https:\/\/veeohutus.ee\/talv\/vajalik-varustus-jaale-minnes\/\" title=\"Read Vajalik varustus j\u00e4\u00e4le minnes\">Read more<\/a><\/p>\n","protected":false},"author":2,"featured_media":255,"parent":0,"menu_order":0,"comment_status":"closed","ping_status":"closed","template":"","meta":{"_acf_changed":false,"footnotes":""},"class_list":["post-222","page","type-page","status-publish","has-post-thumbnail","hentry"],"acf":[],"yoast_head":"<!-- This site is optimized with the Yoast SEO plugin v26.7 - https:\/\/yoast.com\/wordpress\/plugins\/seo\/ -->\n<title>Vajalik varustus j\u00e4\u00e4le minnes - Veeohutus - Talv<\/title>\n<meta name=\"description\" content=\"J\u00e4\u00e4le kalale, sportima v\u00f5i matkama minnes on kindalsti vaja kaasa v\u00f5tta ohutusvarustus. Loe l\u00e4hemalt, mida j\u00e4\u00e4le minnes kaasa v\u00f5tta.\" \/>\n<meta name=\"robots\" content=\"index, follow, max-snippet:-1, max-image-preview:large, max-video-preview:-1\" \/>\n<link rel=\"canonical\" href=\"https:\/\/veeohutus.ee\/talv\/vajalik-varustus-jaale-minnes\/\" \/>\n<meta property=\"og:locale\" content=\"et_EE\" \/>\n<meta property=\"og:type\" content=\"article\" \/>\n<meta property=\"og:title\" content=\"Vajalik varustus j\u00e4\u00e4le minnes - Veeohutus - Talv\" \/>\n<meta property=\"og:description\" content=\"J\u00e4\u00e4le kalale, sportima v\u00f5i matkama minnes on kindalsti vaja kaasa v\u00f5tta ohutusvarustus. Loe l\u00e4hemalt, mida j\u00e4\u00e4le minnes kaasa v\u00f5tta.\" \/>\n<meta property=\"og:url\" content=\"https:\/\/veeohutus.ee\/talv\/vajalik-varustus-jaale-minnes\/\" \/>\n<meta property=\"og:site_name\" content=\"Veeohutus - Talv\" \/>\n<meta property=\"article:modified_time\" content=\"2019-11-28T12:17:20+00:00\" \/>\n<meta property=\"og:image\" content=\"https:\/\/veeohutus.ee\/talv\/wp-content\/uploads\/sites\/3\/2018\/10\/jaaohutus.jpg\" \/>\n\t<meta property=\"og:image:width\" content=\"1920\" \/>\n\t<meta property=\"og:image:height\" content=\"1226\" \/>\n\t<meta property=\"og:image:type\" content=\"image\/jpeg\" \/>\n<meta name=\"twitter:card\" content=\"summary_large_image\" \/>\n<script type=\"application\/ld+json\" class=\"yoast-schema-graph\">{\"@context\":\"https:\/\/schema.org\",\"@graph\":[{\"@type\":\"WebPage\",\"@id\":\"https:\/\/veeohutus.ee\/talv\/vajalik-varustus-jaale-minnes\/\",\"url\":\"https:\/\/veeohutus.ee\/talv\/vajalik-varustus-jaale-minnes\/\",\"name\":\"Vajalik varustus j\u00e4\u00e4le minnes - Veeohutus - Talv\",\"isPartOf\":{\"@id\":\"https:\/\/veeohutus.ee\/talv\/#website\"},\"primaryImageOfPage\":{\"@id\":\"https:\/\/veeohutus.ee\/talv\/vajalik-varustus-jaale-minnes\/#primaryimage\"},\"image\":{\"@id\":\"https:\/\/veeohutus.ee\/talv\/vajalik-varustus-jaale-minnes\/#primaryimage\"},\"thumbnailUrl\":\"https:\/\/veeohutus.ee\/talv\/wp-content\/uploads\/sites\/3\/2018\/10\/jaaohutus.jpg\",\"datePublished\":\"2018-10-19T11:15:57+00:00\",\"dateModified\":\"2019-11-28T12:17:20+00:00\",\"description\":\"J\u00e4\u00e4le kalale, sportima v\u00f5i matkama minnes on kindalsti vaja kaasa v\u00f5tta ohutusvarustus. Loe l\u00e4hemalt, mida j\u00e4\u00e4le minnes kaasa v\u00f5tta.\",\"breadcrumb\":{\"@id\":\"https:\/\/veeohutus.ee\/talv\/vajalik-varustus-jaale-minnes\/#breadcrumb\"},\"inLanguage\":\"et\",\"potentialAction\":[{\"@type\":\"ReadAction\",\"target\":[\"https:\/\/veeohutus.ee\/talv\/vajalik-varustus-jaale-minnes\/\"]}]},{\"@type\":\"ImageObject\",\"inLanguage\":\"et\",\"@id\":\"https:\/\/veeohutus.ee\/talv\/vajalik-varustus-jaale-minnes\/#primaryimage\",\"url\":\"https:\/\/veeohutus.ee\/talv\/wp-content\/uploads\/sites\/3\/2018\/10\/jaaohutus.jpg\",\"contentUrl\":\"https:\/\/veeohutus.ee\/talv\/wp-content\/uploads\/sites\/3\/2018\/10\/jaaohutus.jpg\",\"width\":1920,\"height\":1226},{\"@type\":\"BreadcrumbList\",\"@id\":\"https:\/\/veeohutus.ee\/talv\/vajalik-varustus-jaale-minnes\/#breadcrumb\",\"itemListElement\":[{\"@type\":\"ListItem\",\"position\":1,\"name\":\"Home\",\"item\":\"https:\/\/veeohutus.ee\/talv\/\"},{\"@type\":\"ListItem\",\"position\":2,\"name\":\"Vajalik varustus j\u00e4\u00e4le minnes\"}]},{\"@type\":\"WebSite\",\"@id\":\"https:\/\/veeohutus.ee\/talv\/#website\",\"url\":\"https:\/\/veeohutus.ee\/talv\/\",\"name\":\"Veeohutus - Talv\",\"description\":\"Just another P\u00e4\u00e4steamet - Veeohutus site\",\"potentialAction\":[{\"@type\":\"SearchAction\",\"target\":{\"@type\":\"EntryPoint\",\"urlTemplate\":\"https:\/\/veeohutus.ee\/talv\/?s={search_term_string}\"},\"query-input\":{\"@type\":\"PropertyValueSpecification\",\"valueRequired\":true,\"valueName\":\"search_term_string\"}}],\"inLanguage\":\"et\"}]}<\/script>\n<!-- \/ Yoast SEO plugin. -->","yoast_head_json":{"title":"Vajalik varustus j\u00e4\u00e4le minnes - Veeohutus - Talv","description":"J\u00e4\u00e4le kalale, sportima v\u00f5i matkama minnes on kindalsti vaja kaasa v\u00f5tta ohutusvarustus. Loe l\u00e4hemalt, mida j\u00e4\u00e4le minnes kaasa v\u00f5tta.","robots":{"index":"index","follow":"follow","max-snippet":"max-snippet:-1","max-image-preview":"max-image-preview:large","max-video-preview":"max-video-preview:-1"},"canonical":"https:\/\/veeohutus.ee\/talv\/vajalik-varustus-jaale-minnes\/","og_locale":"et_EE","og_type":"article","og_title":"Vajalik varustus j\u00e4\u00e4le minnes - Veeohutus - Talv","og_description":"J\u00e4\u00e4le kalale, sportima v\u00f5i matkama minnes on kindalsti vaja kaasa v\u00f5tta ohutusvarustus. Loe l\u00e4hemalt, mida j\u00e4\u00e4le minnes kaasa v\u00f5tta.","og_url":"https:\/\/veeohutus.ee\/talv\/vajalik-varustus-jaale-minnes\/","og_site_name":"Veeohutus - Talv","article_modified_time":"2019-11-28T12:17:20+00:00","og_image":[{"width":1920,"height":1226,"url":"https:\/\/veeohutus.ee\/talv\/wp-content\/uploads\/sites\/3\/2018\/10\/jaaohutus.jpg","type":"image\/jpeg"}],"twitter_card":"summary_large_image","schema":{"@context":"https:\/\/schema.org","@graph":[{"@type":"WebPage","@id":"https:\/\/veeohutus.ee\/talv\/vajalik-varustus-jaale-minnes\/","url":"https:\/\/veeohutus.ee\/talv\/vajalik-varustus-jaale-minnes\/","name":"Vajalik varustus j\u00e4\u00e4le minnes - Veeohutus - Talv","isPartOf":{"@id":"https:\/\/veeohutus.ee\/talv\/#website"},"primaryImageOfPage":{"@id":"https:\/\/veeohutus.ee\/talv\/vajalik-varustus-jaale-minnes\/#primaryimage"},"image":{"@id":"https:\/\/veeohutus.ee\/talv\/vajalik-varustus-jaale-minnes\/#primaryimage"},"thumbnailUrl":"https:\/\/veeohutus.ee\/talv\/wp-content\/uploads\/sites\/3\/2018\/10\/jaaohutus.jpg","datePublished":"2018-10-19T11:15:57+00:00","dateModified":"2019-11-28T12:17:20+00:00","description":"J\u00e4\u00e4le kalale, sportima v\u00f5i matkama minnes on kindalsti vaja kaasa v\u00f5tta ohutusvarustus. Loe l\u00e4hemalt, mida j\u00e4\u00e4le minnes kaasa v\u00f5tta.","breadcrumb":{"@id":"https:\/\/veeohutus.ee\/talv\/vajalik-varustus-jaale-minnes\/#breadcrumb"},"inLanguage":"et","potentialAction":[{"@type":"ReadAction","target":["https:\/\/veeohutus.ee\/talv\/vajalik-varustus-jaale-minnes\/"]}]},{"@type":"ImageObject","inLanguage":"et","@id":"https:\/\/veeohutus.ee\/talv\/vajalik-varustus-jaale-minnes\/#primaryimage","url":"https:\/\/veeohutus.ee\/talv\/wp-content\/uploads\/sites\/3\/2018\/10\/jaaohutus.jpg","contentUrl":"https:\/\/veeohutus.ee\/talv\/wp-content\/uploads\/sites\/3\/2018\/10\/jaaohutus.jpg","width":1920,"height":1226},{"@type":"BreadcrumbList","@id":"https:\/\/veeohutus.ee\/talv\/vajalik-varustus-jaale-minnes\/#breadcrumb","itemListElement":[{"@type":"ListItem","position":1,"name":"Home","item":"https:\/\/veeohutus.ee\/talv\/"},{"@type":"ListItem","position":2,"name":"Vajalik varustus j\u00e4\u00e4le minnes"}]},{"@type":"WebSite","@id":"https:\/\/veeohutus.ee\/talv\/#website","url":"https:\/\/veeohutus.ee\/talv\/","name":"Veeohutus - Talv","description":"Just another P\u00e4\u00e4steamet - Veeohutus site","potentialAction":[{"@type":"SearchAction","target":{"@type":"EntryPoint","urlTemplate":"https:\/\/veeohutus.ee\/talv\/?s={search_term_string}"},"query-input":{"@type":"PropertyValueSpecification","valueRequired":true,"valueName":"search_term_string"}}],"inLanguage":"et"}]}},"_links":{"self":[{"href":"https:\/\/veeohutus.ee\/talv\/wp-json\/wp\/v2\/pages\/222","targetHints":{"allow":["GET"]}}],"collection":[{"href":"https:\/\/veeohutus.ee\/talv\/wp-json\/wp\/v2\/pages"}],"about":[{"href":"https:\/\/veeohutus.ee\/talv\/wp-json\/wp\/v2\/types\/page"}],"author":[{"embeddable":true,"href":"https:\/\/veeohutus.ee\/talv\/wp-json\/wp\/v2\/users\/2"}],"replies":[{"embeddable":true,"href":"https:\/\/veeohutus.ee\/talv\/wp-json\/wp\/v2\/comments?post=222"}],"version-history":[{"count":3,"href":"https:\/\/veeohutus.ee\/talv\/wp-json\/wp\/v2\/pages\/222\/revisions"}],"predecessor-version":[{"id":438,"href":"https:\/\/veeohutus.ee\/talv\/wp-json\/wp\/v2\/pages\/222\/revisions\/438"}],"wp:featuredmedia":[{"embeddable":true,"href":"https:\/\/veeohutus.ee\/talv\/wp-json\/wp\/v2\/media\/255"}],"wp:attachment":[{"href":"https:\/\/veeohutus.ee\/talv\/wp-json\/wp\/v2\/media?parent=222"}],"curies":[{"name":"wp","href":"https:\/\/api.w.org\/{rel}","templated":true}]}}