{"id":228,"date":"2018-10-19T11:29:54","date_gmt":"2018-10-19T11:29:54","guid":{"rendered":"https:\/\/veeohutus.ee\/talv\/?page_id=228"},"modified":"2019-11-25T14:40:33","modified_gmt":"2019-11-25T14:40:33","slug":"kuidas-end-ja-teisi-jaapuugil-kaitsta","status":"publish","type":"page","link":"https:\/\/veeohutus.ee\/talv\/kuidas-end-ja-teisi-jaapuugil-kaitsta\/","title":{"rendered":"Kuidas end ja teisi j\u00e4\u00e4p\u00fc\u00fcgil kaitsta"},"content":{"rendered":"<ul>\n<li>J\u00e4\u00e4le minnes on soovitav eelnevalt otsida informatsiooni j\u00e4\u00e4olude kohta.\n<ul>\n<li>Piiriveekogude kohta on v\u00f5imalik infot leida Politsei- ja Piirivalveameti <a href=\"https:\/\/www2.politsei.ee\/et\/nouanded\/jaaolud\/\">kodulehelt <\/a>www.politsei.ee.<\/li>\n<li>J\u00e4\u00e4teede kohta saab infot Maanteeameti <a href=\"https:\/\/www.mnt.ee\/et\/tee\/teehoole\/talvine-teehoole\">kodulehelt <\/a>www.mnt.ee.<\/li>\n<\/ul>\n<\/li>\n<li>J\u00e4\u00e4l olles tuleb veenduda, et j\u00e4\u00e4 kannab ja v\u00e4ltida kohti, kus j\u00e4\u00e4 v\u00f5ib olla n\u00f5rgem. L\u00e4bi j\u00e4\u00e4 vajudes on abivahenditeks j\u00e4\u00e4naasklid, mille abil on v\u00f5imalik end kandvale j\u00e4\u00e4t\u00fckile hiivata. Naasklid riputatakse kaela ja nad asetsevad rinnal.<\/li>\n<\/ul>\n<p>&nbsp;<\/p>\n<img loading=\"lazy\" decoding=\"async\" class=\"wp-image-67 size-medium\" src=\"https:\/\/veeohutus.ee\/talv\/wp-content\/uploads\/sites\/3\/2018\/10\/NAEL_2-Medium-300x225.jpg\" alt=\"J22naasklid\" width=\"300\" height=\"225\" srcset=\"https:\/\/veeohutus.ee\/talv\/wp-content\/uploads\/sites\/3\/2018\/10\/NAEL_2-Medium-300x225.jpg 300w, https:\/\/veeohutus.ee\/talv\/wp-content\/uploads\/sites\/3\/2018\/10\/NAEL_2-Medium-768x576.jpg 768w, https:\/\/veeohutus.ee\/talv\/wp-content\/uploads\/sites\/3\/2018\/10\/NAEL_2-Medium.jpg 800w\" sizes=\"auto, (max-width: 300px) 100vw, 300px\" \/>\n<ul>\n<li>Veekogule minnes on hea panna laetud mobiiltelefon veekindlasse \u00fcmbrisesse.<\/li>\n<li>V\u00f5imalusel tuleb kanda spetsiaalselt kalameestele m\u00f5eldud ujuvaid riideid ja jalan\u00f5udel spetsiaalseid j\u00e4\u00e4naaskleid.<\/li>\n<li>Kindlasti on oluline teavitada eelnevalt l\u00e4hedasi, kuhu piirkonda minnakse ja millal tagasi plaanitakse tulla.<\/li>\n<\/ul>\n","protected":false},"excerpt":{"rendered":"<p>J\u00e4\u00e4le minnes on soovitav eelnevalt otsida informatsiooni j\u00e4\u00e4olude kohta. Piiriveekogude kohta on v\u00f5imalik infot leida Politsei- ja Piirivalveameti kodulehelt www.politsei.ee. J\u00e4\u00e4teede kohta saab infot Maanteeameti kodulehelt www.mnt.ee. J\u00e4\u00e4l olles tuleb veenduda, et j\u00e4\u00e4 kannab ja v\u00e4ltida kohti, kus j\u00e4\u00e4 v\u00f5ib olla n\u00f5rgem. L\u00e4bi j\u00e4\u00e4 vajudes on abivahenditeks j\u00e4\u00e4naasklid, mille abil on v\u00f5imalik end kandvale j\u00e4\u00e4t\u00fckile&#8230;  <a class=\"excerpt-read-more\" href=\"https:\/\/veeohutus.ee\/talv\/kuidas-end-ja-teisi-jaapuugil-kaitsta\/\" title=\"Read Kuidas end ja teisi j\u00e4\u00e4p\u00fc\u00fcgil kaitsta\">Read more<\/a><\/p>\n","protected":false},"author":2,"featured_media":239,"parent":0,"menu_order":0,"comment_status":"closed","ping_status":"closed","template":"","meta":{"_acf_changed":false,"footnotes":""},"class_list":["post-228","page","type-page","status-publish","has-post-thumbnail","hentry"],"acf":[],"yoast_head":"<!-- This site is optimized with the Yoast SEO plugin v26.7 - https:\/\/yoast.com\/wordpress\/plugins\/seo\/ -->\n<title>Kuidas end ja teisi j\u00e4\u00e4p\u00fc\u00fcgil kaitsta - Veeohutus - Talv<\/title>\n<meta name=\"description\" content=\"Enne j\u00e4\u00e4le minekut otsi infot j\u00e4\u00e4olude kohta. Piiriveekogule minek tuleb registreerida. J\u00e4\u00e4le minnes veendu ohutuses ja v\u00f5ta kaasa vajalik varustus.\" \/>\n<meta name=\"robots\" content=\"index, follow, max-snippet:-1, max-image-preview:large, max-video-preview:-1\" \/>\n<link rel=\"canonical\" href=\"https:\/\/veeohutus.ee\/talv\/kuidas-end-ja-teisi-jaapuugil-kaitsta\/\" \/>\n<meta property=\"og:locale\" content=\"et_EE\" \/>\n<meta property=\"og:type\" content=\"article\" \/>\n<meta property=\"og:title\" content=\"Kuidas end ja teisi j\u00e4\u00e4p\u00fc\u00fcgil kaitsta - Veeohutus - Talv\" \/>\n<meta property=\"og:description\" content=\"Enne j\u00e4\u00e4le minekut otsi infot j\u00e4\u00e4olude kohta. Piiriveekogule minek tuleb registreerida. J\u00e4\u00e4le minnes veendu ohutuses ja v\u00f5ta kaasa vajalik varustus.\" \/>\n<meta property=\"og:url\" content=\"https:\/\/veeohutus.ee\/talv\/kuidas-end-ja-teisi-jaapuugil-kaitsta\/\" \/>\n<meta property=\"og:site_name\" content=\"Veeohutus - Talv\" \/>\n<meta property=\"article:modified_time\" content=\"2019-11-25T14:40:33+00:00\" \/>\n<meta property=\"og:image\" content=\"https:\/\/veeohutus.ee\/talv\/wp-content\/uploads\/sites\/3\/2018\/10\/talipuuk2JPG.jpg\" \/>\n\t<meta property=\"og:image:width\" content=\"1884\" \/>\n\t<meta property=\"og:image:height\" content=\"881\" \/>\n\t<meta property=\"og:image:type\" content=\"image\/jpeg\" \/>\n<meta name=\"twitter:card\" content=\"summary_large_image\" \/>\n<meta name=\"twitter:label1\" content=\"Est. reading time\" \/>\n\t<meta name=\"twitter:data1\" content=\"1 minut\" \/>\n<script type=\"application\/ld+json\" class=\"yoast-schema-graph\">{\"@context\":\"https:\/\/schema.org\",\"@graph\":[{\"@type\":\"WebPage\",\"@id\":\"https:\/\/veeohutus.ee\/talv\/kuidas-end-ja-teisi-jaapuugil-kaitsta\/\",\"url\":\"https:\/\/veeohutus.ee\/talv\/kuidas-end-ja-teisi-jaapuugil-kaitsta\/\",\"name\":\"Kuidas end ja teisi j\u00e4\u00e4p\u00fc\u00fcgil kaitsta - Veeohutus - Talv\",\"isPartOf\":{\"@id\":\"https:\/\/veeohutus.ee\/talv\/#website\"},\"primaryImageOfPage\":{\"@id\":\"https:\/\/veeohutus.ee\/talv\/kuidas-end-ja-teisi-jaapuugil-kaitsta\/#primaryimage\"},\"image\":{\"@id\":\"https:\/\/veeohutus.ee\/talv\/kuidas-end-ja-teisi-jaapuugil-kaitsta\/#primaryimage\"},\"thumbnailUrl\":\"https:\/\/veeohutus.ee\/talv\/wp-content\/uploads\/sites\/3\/2018\/10\/talipuuk2JPG.jpg\",\"datePublished\":\"2018-10-19T11:29:54+00:00\",\"dateModified\":\"2019-11-25T14:40:33+00:00\",\"description\":\"Enne j\u00e4\u00e4le minekut otsi infot j\u00e4\u00e4olude kohta. Piiriveekogule minek tuleb registreerida. J\u00e4\u00e4le minnes veendu ohutuses ja v\u00f5ta kaasa vajalik varustus.\",\"breadcrumb\":{\"@id\":\"https:\/\/veeohutus.ee\/talv\/kuidas-end-ja-teisi-jaapuugil-kaitsta\/#breadcrumb\"},\"inLanguage\":\"et\",\"potentialAction\":[{\"@type\":\"ReadAction\",\"target\":[\"https:\/\/veeohutus.ee\/talv\/kuidas-end-ja-teisi-jaapuugil-kaitsta\/\"]}]},{\"@type\":\"ImageObject\",\"inLanguage\":\"et\",\"@id\":\"https:\/\/veeohutus.ee\/talv\/kuidas-end-ja-teisi-jaapuugil-kaitsta\/#primaryimage\",\"url\":\"https:\/\/veeohutus.ee\/talv\/wp-content\/uploads\/sites\/3\/2018\/10\/talipuuk2JPG.jpg\",\"contentUrl\":\"https:\/\/veeohutus.ee\/talv\/wp-content\/uploads\/sites\/3\/2018\/10\/talipuuk2JPG.jpg\",\"width\":1884,\"height\":881},{\"@type\":\"BreadcrumbList\",\"@id\":\"https:\/\/veeohutus.ee\/talv\/kuidas-end-ja-teisi-jaapuugil-kaitsta\/#breadcrumb\",\"itemListElement\":[{\"@type\":\"ListItem\",\"position\":1,\"name\":\"Home\",\"item\":\"https:\/\/veeohutus.ee\/talv\/\"},{\"@type\":\"ListItem\",\"position\":2,\"name\":\"Kuidas end ja teisi j\u00e4\u00e4p\u00fc\u00fcgil kaitsta\"}]},{\"@type\":\"WebSite\",\"@id\":\"https:\/\/veeohutus.ee\/talv\/#website\",\"url\":\"https:\/\/veeohutus.ee\/talv\/\",\"name\":\"Veeohutus - Talv\",\"description\":\"Just another P\u00e4\u00e4steamet - Veeohutus site\",\"potentialAction\":[{\"@type\":\"SearchAction\",\"target\":{\"@type\":\"EntryPoint\",\"urlTemplate\":\"https:\/\/veeohutus.ee\/talv\/?s={search_term_string}\"},\"query-input\":{\"@type\":\"PropertyValueSpecification\",\"valueRequired\":true,\"valueName\":\"search_term_string\"}}],\"inLanguage\":\"et\"}]}<\/script>\n<!-- \/ Yoast SEO plugin. -->","yoast_head_json":{"title":"Kuidas end ja teisi j\u00e4\u00e4p\u00fc\u00fcgil kaitsta - Veeohutus - Talv","description":"Enne j\u00e4\u00e4le minekut otsi infot j\u00e4\u00e4olude kohta. Piiriveekogule minek tuleb registreerida. J\u00e4\u00e4le minnes veendu ohutuses ja v\u00f5ta kaasa vajalik varustus.","robots":{"index":"index","follow":"follow","max-snippet":"max-snippet:-1","max-image-preview":"max-image-preview:large","max-video-preview":"max-video-preview:-1"},"canonical":"https:\/\/veeohutus.ee\/talv\/kuidas-end-ja-teisi-jaapuugil-kaitsta\/","og_locale":"et_EE","og_type":"article","og_title":"Kuidas end ja teisi j\u00e4\u00e4p\u00fc\u00fcgil kaitsta - Veeohutus - Talv","og_description":"Enne j\u00e4\u00e4le minekut otsi infot j\u00e4\u00e4olude kohta. Piiriveekogule minek tuleb registreerida. J\u00e4\u00e4le minnes veendu ohutuses ja v\u00f5ta kaasa vajalik varustus.","og_url":"https:\/\/veeohutus.ee\/talv\/kuidas-end-ja-teisi-jaapuugil-kaitsta\/","og_site_name":"Veeohutus - Talv","article_modified_time":"2019-11-25T14:40:33+00:00","og_image":[{"width":1884,"height":881,"url":"https:\/\/veeohutus.ee\/talv\/wp-content\/uploads\/sites\/3\/2018\/10\/talipuuk2JPG.jpg","type":"image\/jpeg"}],"twitter_card":"summary_large_image","twitter_misc":{"Est. reading time":"1 minut"},"schema":{"@context":"https:\/\/schema.org","@graph":[{"@type":"WebPage","@id":"https:\/\/veeohutus.ee\/talv\/kuidas-end-ja-teisi-jaapuugil-kaitsta\/","url":"https:\/\/veeohutus.ee\/talv\/kuidas-end-ja-teisi-jaapuugil-kaitsta\/","name":"Kuidas end ja teisi j\u00e4\u00e4p\u00fc\u00fcgil kaitsta - Veeohutus - Talv","isPartOf":{"@id":"https:\/\/veeohutus.ee\/talv\/#website"},"primaryImageOfPage":{"@id":"https:\/\/veeohutus.ee\/talv\/kuidas-end-ja-teisi-jaapuugil-kaitsta\/#primaryimage"},"image":{"@id":"https:\/\/veeohutus.ee\/talv\/kuidas-end-ja-teisi-jaapuugil-kaitsta\/#primaryimage"},"thumbnailUrl":"https:\/\/veeohutus.ee\/talv\/wp-content\/uploads\/sites\/3\/2018\/10\/talipuuk2JPG.jpg","datePublished":"2018-10-19T11:29:54+00:00","dateModified":"2019-11-25T14:40:33+00:00","description":"Enne j\u00e4\u00e4le minekut otsi infot j\u00e4\u00e4olude kohta. Piiriveekogule minek tuleb registreerida. J\u00e4\u00e4le minnes veendu ohutuses ja v\u00f5ta kaasa vajalik varustus.","breadcrumb":{"@id":"https:\/\/veeohutus.ee\/talv\/kuidas-end-ja-teisi-jaapuugil-kaitsta\/#breadcrumb"},"inLanguage":"et","potentialAction":[{"@type":"ReadAction","target":["https:\/\/veeohutus.ee\/talv\/kuidas-end-ja-teisi-jaapuugil-kaitsta\/"]}]},{"@type":"ImageObject","inLanguage":"et","@id":"https:\/\/veeohutus.ee\/talv\/kuidas-end-ja-teisi-jaapuugil-kaitsta\/#primaryimage","url":"https:\/\/veeohutus.ee\/talv\/wp-content\/uploads\/sites\/3\/2018\/10\/talipuuk2JPG.jpg","contentUrl":"https:\/\/veeohutus.ee\/talv\/wp-content\/uploads\/sites\/3\/2018\/10\/talipuuk2JPG.jpg","width":1884,"height":881},{"@type":"BreadcrumbList","@id":"https:\/\/veeohutus.ee\/talv\/kuidas-end-ja-teisi-jaapuugil-kaitsta\/#breadcrumb","itemListElement":[{"@type":"ListItem","position":1,"name":"Home","item":"https:\/\/veeohutus.ee\/talv\/"},{"@type":"ListItem","position":2,"name":"Kuidas end ja teisi j\u00e4\u00e4p\u00fc\u00fcgil kaitsta"}]},{"@type":"WebSite","@id":"https:\/\/veeohutus.ee\/talv\/#website","url":"https:\/\/veeohutus.ee\/talv\/","name":"Veeohutus - Talv","description":"Just another P\u00e4\u00e4steamet - Veeohutus site","potentialAction":[{"@type":"SearchAction","target":{"@type":"EntryPoint","urlTemplate":"https:\/\/veeohutus.ee\/talv\/?s={search_term_string}"},"query-input":{"@type":"PropertyValueSpecification","valueRequired":true,"valueName":"search_term_string"}}],"inLanguage":"et"}]}},"_links":{"self":[{"href":"https:\/\/veeohutus.ee\/talv\/wp-json\/wp\/v2\/pages\/228","targetHints":{"allow":["GET"]}}],"collection":[{"href":"https:\/\/veeohutus.ee\/talv\/wp-json\/wp\/v2\/pages"}],"about":[{"href":"https:\/\/veeohutus.ee\/talv\/wp-json\/wp\/v2\/types\/page"}],"author":[{"embeddable":true,"href":"https:\/\/veeohutus.ee\/talv\/wp-json\/wp\/v2\/users\/2"}],"replies":[{"embeddable":true,"href":"https:\/\/veeohutus.ee\/talv\/wp-json\/wp\/v2\/comments?post=228"}],"version-history":[{"count":11,"href":"https:\/\/veeohutus.ee\/talv\/wp-json\/wp\/v2\/pages\/228\/revisions"}],"predecessor-version":[{"id":774,"href":"https:\/\/veeohutus.ee\/talv\/wp-json\/wp\/v2\/pages\/228\/revisions\/774"}],"wp:featuredmedia":[{"embeddable":true,"href":"https:\/\/veeohutus.ee\/talv\/wp-json\/wp\/v2\/media\/239"}],"wp:attachment":[{"href":"https:\/\/veeohutus.ee\/talv\/wp-json\/wp\/v2\/media?parent=228"}],"curies":[{"name":"wp","href":"https:\/\/api.w.org\/{rel}","templated":true}]}}