{"id":242,"date":"2018-10-19T11:33:51","date_gmt":"2018-10-19T11:33:51","guid":{"rendered":"https:\/\/veeohutus.ee\/talv\/?page_id=242"},"modified":"2019-11-25T14:36:57","modified_gmt":"2019-11-25T14:36:57","slug":"kui-kehatemperatuur-langenud-alla-normi","status":"publish","type":"page","link":"https:\/\/veeohutus.ee\/talv\/kui-kehatemperatuur-langenud-alla-normi\/","title":{"rendered":"Kui kehatemperatuur on langenud alla normi"},"content":{"rendered":"<ul>\n<li>Hinga sooja \u00f5hku. Joo sooja, kuid mitte soojemat kui 40kraadist vett.<\/li>\n<li>K\u00fclmunud inimest ei tohi asjatult t\u00f5sta ega liigutada. See teeb valu. J\u00e4semete suurtes veresoontes liikuma hakanud veri v\u00f5ib p\u00f5hjustada k\u00fclma\u0161oki.<\/li>\n<li>Alajahtunud inimene tuleb isoleerida maapinnast ja v\u00e4liskeskkonnast. K\u00f5ige parem oleks pakkida ta tekkidesse ja termolinadesse.<\/li>\n<li>Keha \u00fcles soojendamiseks kasutatakse teisi inimesi. K\u00fclmunud inimene pannakse paljalt \u00fche v\u00f5i kahe palja inimese vahele tekkide alla.<\/li>\n<\/ul>\n","protected":false},"excerpt":{"rendered":"<p>Hinga sooja \u00f5hku. Joo sooja, kuid mitte soojemat kui 40kraadist vett. K\u00fclmunud inimest ei tohi asjatult t\u00f5sta ega liigutada. See teeb valu. J\u00e4semete suurtes veresoontes liikuma hakanud veri v\u00f5ib p\u00f5hjustada k\u00fclma\u0161oki. Alajahtunud inimene tuleb isoleerida maapinnast ja v\u00e4liskeskkonnast. K\u00f5ige parem oleks pakkida ta tekkidesse ja termolinadesse. Keha \u00fcles soojendamiseks kasutatakse teisi inimesi. K\u00fclmunud inimene pannakse&#8230;  <a class=\"excerpt-read-more\" href=\"https:\/\/veeohutus.ee\/talv\/kui-kehatemperatuur-langenud-alla-normi\/\" title=\"Read Kui kehatemperatuur on langenud alla normi\">Read more<\/a><\/p>\n","protected":false},"author":2,"featured_media":31,"parent":0,"menu_order":0,"comment_status":"closed","ping_status":"closed","template":"","meta":{"_acf_changed":false,"footnotes":""},"class_list":["post-242","page","type-page","status-publish","has-post-thumbnail","hentry"],"acf":[],"yoast_head":"<!-- This site is optimized with the Yoast SEO plugin v26.7 - https:\/\/yoast.com\/wordpress\/plugins\/seo\/ -->\n<title>Kui kehatemperatuur on langenud alla normi - Veeohutus - Talv<\/title>\n<meta name=\"description\" content=\"K\u00fclmunud inimene tuleb isoleerida v\u00e4liskeskkonnast ning pakkida tekkidesse v\u00f5i termolinasse. Loe rohkem, kuidas k\u00fclmunud inimest soojendada.\" \/>\n<meta name=\"robots\" content=\"index, follow, max-snippet:-1, max-image-preview:large, max-video-preview:-1\" \/>\n<link rel=\"canonical\" href=\"https:\/\/veeohutus.ee\/talv\/kui-kehatemperatuur-langenud-alla-normi\/\" \/>\n<meta property=\"og:locale\" content=\"et_EE\" \/>\n<meta property=\"og:type\" content=\"article\" \/>\n<meta property=\"og:title\" content=\"Kui kehatemperatuur on langenud alla normi - Veeohutus - Talv\" \/>\n<meta property=\"og:description\" content=\"K\u00fclmunud inimene tuleb isoleerida v\u00e4liskeskkonnast ning pakkida tekkidesse v\u00f5i termolinasse. Loe rohkem, kuidas k\u00fclmunud inimest soojendada.\" \/>\n<meta property=\"og:url\" content=\"https:\/\/veeohutus.ee\/talv\/kui-kehatemperatuur-langenud-alla-normi\/\" \/>\n<meta property=\"og:site_name\" content=\"Veeohutus - Talv\" \/>\n<meta property=\"article:modified_time\" content=\"2019-11-25T14:36:57+00:00\" \/>\n<meta property=\"og:image\" content=\"https:\/\/veeohutus.ee\/talv\/wp-content\/uploads\/sites\/3\/2018\/10\/frozen-801809_960_720.jpg\" \/>\n\t<meta property=\"og:image:width\" content=\"960\" \/>\n\t<meta property=\"og:image:height\" content=\"640\" \/>\n\t<meta property=\"og:image:type\" content=\"image\/jpeg\" \/>\n<meta name=\"twitter:card\" content=\"summary_large_image\" \/>\n<script type=\"application\/ld+json\" class=\"yoast-schema-graph\">{\"@context\":\"https:\/\/schema.org\",\"@graph\":[{\"@type\":\"WebPage\",\"@id\":\"https:\/\/veeohutus.ee\/talv\/kui-kehatemperatuur-langenud-alla-normi\/\",\"url\":\"https:\/\/veeohutus.ee\/talv\/kui-kehatemperatuur-langenud-alla-normi\/\",\"name\":\"Kui kehatemperatuur on langenud alla normi - Veeohutus - Talv\",\"isPartOf\":{\"@id\":\"https:\/\/veeohutus.ee\/talv\/#website\"},\"primaryImageOfPage\":{\"@id\":\"https:\/\/veeohutus.ee\/talv\/kui-kehatemperatuur-langenud-alla-normi\/#primaryimage\"},\"image\":{\"@id\":\"https:\/\/veeohutus.ee\/talv\/kui-kehatemperatuur-langenud-alla-normi\/#primaryimage\"},\"thumbnailUrl\":\"https:\/\/veeohutus.ee\/talv\/wp-content\/uploads\/sites\/3\/2018\/10\/frozen-801809_960_720.jpg\",\"datePublished\":\"2018-10-19T11:33:51+00:00\",\"dateModified\":\"2019-11-25T14:36:57+00:00\",\"description\":\"K\u00fclmunud inimene tuleb isoleerida v\u00e4liskeskkonnast ning pakkida tekkidesse v\u00f5i termolinasse. Loe rohkem, kuidas k\u00fclmunud inimest soojendada.\",\"breadcrumb\":{\"@id\":\"https:\/\/veeohutus.ee\/talv\/kui-kehatemperatuur-langenud-alla-normi\/#breadcrumb\"},\"inLanguage\":\"et\",\"potentialAction\":[{\"@type\":\"ReadAction\",\"target\":[\"https:\/\/veeohutus.ee\/talv\/kui-kehatemperatuur-langenud-alla-normi\/\"]}]},{\"@type\":\"ImageObject\",\"inLanguage\":\"et\",\"@id\":\"https:\/\/veeohutus.ee\/talv\/kui-kehatemperatuur-langenud-alla-normi\/#primaryimage\",\"url\":\"https:\/\/veeohutus.ee\/talv\/wp-content\/uploads\/sites\/3\/2018\/10\/frozen-801809_960_720.jpg\",\"contentUrl\":\"https:\/\/veeohutus.ee\/talv\/wp-content\/uploads\/sites\/3\/2018\/10\/frozen-801809_960_720.jpg\",\"width\":960,\"height\":640},{\"@type\":\"BreadcrumbList\",\"@id\":\"https:\/\/veeohutus.ee\/talv\/kui-kehatemperatuur-langenud-alla-normi\/#breadcrumb\",\"itemListElement\":[{\"@type\":\"ListItem\",\"position\":1,\"name\":\"Home\",\"item\":\"https:\/\/veeohutus.ee\/talv\/\"},{\"@type\":\"ListItem\",\"position\":2,\"name\":\"Kui kehatemperatuur on langenud alla normi\"}]},{\"@type\":\"WebSite\",\"@id\":\"https:\/\/veeohutus.ee\/talv\/#website\",\"url\":\"https:\/\/veeohutus.ee\/talv\/\",\"name\":\"Veeohutus - Talv\",\"description\":\"Just another P\u00e4\u00e4steamet - Veeohutus site\",\"potentialAction\":[{\"@type\":\"SearchAction\",\"target\":{\"@type\":\"EntryPoint\",\"urlTemplate\":\"https:\/\/veeohutus.ee\/talv\/?s={search_term_string}\"},\"query-input\":{\"@type\":\"PropertyValueSpecification\",\"valueRequired\":true,\"valueName\":\"search_term_string\"}}],\"inLanguage\":\"et\"}]}<\/script>\n<!-- \/ Yoast SEO plugin. -->","yoast_head_json":{"title":"Kui kehatemperatuur on langenud alla normi - Veeohutus - Talv","description":"K\u00fclmunud inimene tuleb isoleerida v\u00e4liskeskkonnast ning pakkida tekkidesse v\u00f5i termolinasse. Loe rohkem, kuidas k\u00fclmunud inimest soojendada.","robots":{"index":"index","follow":"follow","max-snippet":"max-snippet:-1","max-image-preview":"max-image-preview:large","max-video-preview":"max-video-preview:-1"},"canonical":"https:\/\/veeohutus.ee\/talv\/kui-kehatemperatuur-langenud-alla-normi\/","og_locale":"et_EE","og_type":"article","og_title":"Kui kehatemperatuur on langenud alla normi - Veeohutus - Talv","og_description":"K\u00fclmunud inimene tuleb isoleerida v\u00e4liskeskkonnast ning pakkida tekkidesse v\u00f5i termolinasse. Loe rohkem, kuidas k\u00fclmunud inimest soojendada.","og_url":"https:\/\/veeohutus.ee\/talv\/kui-kehatemperatuur-langenud-alla-normi\/","og_site_name":"Veeohutus - Talv","article_modified_time":"2019-11-25T14:36:57+00:00","og_image":[{"width":960,"height":640,"url":"https:\/\/veeohutus.ee\/talv\/wp-content\/uploads\/sites\/3\/2018\/10\/frozen-801809_960_720.jpg","type":"image\/jpeg"}],"twitter_card":"summary_large_image","schema":{"@context":"https:\/\/schema.org","@graph":[{"@type":"WebPage","@id":"https:\/\/veeohutus.ee\/talv\/kui-kehatemperatuur-langenud-alla-normi\/","url":"https:\/\/veeohutus.ee\/talv\/kui-kehatemperatuur-langenud-alla-normi\/","name":"Kui kehatemperatuur on langenud alla normi - Veeohutus - Talv","isPartOf":{"@id":"https:\/\/veeohutus.ee\/talv\/#website"},"primaryImageOfPage":{"@id":"https:\/\/veeohutus.ee\/talv\/kui-kehatemperatuur-langenud-alla-normi\/#primaryimage"},"image":{"@id":"https:\/\/veeohutus.ee\/talv\/kui-kehatemperatuur-langenud-alla-normi\/#primaryimage"},"thumbnailUrl":"https:\/\/veeohutus.ee\/talv\/wp-content\/uploads\/sites\/3\/2018\/10\/frozen-801809_960_720.jpg","datePublished":"2018-10-19T11:33:51+00:00","dateModified":"2019-11-25T14:36:57+00:00","description":"K\u00fclmunud inimene tuleb isoleerida v\u00e4liskeskkonnast ning pakkida tekkidesse v\u00f5i termolinasse. Loe rohkem, kuidas k\u00fclmunud inimest soojendada.","breadcrumb":{"@id":"https:\/\/veeohutus.ee\/talv\/kui-kehatemperatuur-langenud-alla-normi\/#breadcrumb"},"inLanguage":"et","potentialAction":[{"@type":"ReadAction","target":["https:\/\/veeohutus.ee\/talv\/kui-kehatemperatuur-langenud-alla-normi\/"]}]},{"@type":"ImageObject","inLanguage":"et","@id":"https:\/\/veeohutus.ee\/talv\/kui-kehatemperatuur-langenud-alla-normi\/#primaryimage","url":"https:\/\/veeohutus.ee\/talv\/wp-content\/uploads\/sites\/3\/2018\/10\/frozen-801809_960_720.jpg","contentUrl":"https:\/\/veeohutus.ee\/talv\/wp-content\/uploads\/sites\/3\/2018\/10\/frozen-801809_960_720.jpg","width":960,"height":640},{"@type":"BreadcrumbList","@id":"https:\/\/veeohutus.ee\/talv\/kui-kehatemperatuur-langenud-alla-normi\/#breadcrumb","itemListElement":[{"@type":"ListItem","position":1,"name":"Home","item":"https:\/\/veeohutus.ee\/talv\/"},{"@type":"ListItem","position":2,"name":"Kui kehatemperatuur on langenud alla normi"}]},{"@type":"WebSite","@id":"https:\/\/veeohutus.ee\/talv\/#website","url":"https:\/\/veeohutus.ee\/talv\/","name":"Veeohutus - Talv","description":"Just another P\u00e4\u00e4steamet - Veeohutus site","potentialAction":[{"@type":"SearchAction","target":{"@type":"EntryPoint","urlTemplate":"https:\/\/veeohutus.ee\/talv\/?s={search_term_string}"},"query-input":{"@type":"PropertyValueSpecification","valueRequired":true,"valueName":"search_term_string"}}],"inLanguage":"et"}]}},"_links":{"self":[{"href":"https:\/\/veeohutus.ee\/talv\/wp-json\/wp\/v2\/pages\/242","targetHints":{"allow":["GET"]}}],"collection":[{"href":"https:\/\/veeohutus.ee\/talv\/wp-json\/wp\/v2\/pages"}],"about":[{"href":"https:\/\/veeohutus.ee\/talv\/wp-json\/wp\/v2\/types\/page"}],"author":[{"embeddable":true,"href":"https:\/\/veeohutus.ee\/talv\/wp-json\/wp\/v2\/users\/2"}],"replies":[{"embeddable":true,"href":"https:\/\/veeohutus.ee\/talv\/wp-json\/wp\/v2\/comments?post=242"}],"version-history":[{"count":1,"href":"https:\/\/veeohutus.ee\/talv\/wp-json\/wp\/v2\/pages\/242\/revisions"}],"predecessor-version":[{"id":243,"href":"https:\/\/veeohutus.ee\/talv\/wp-json\/wp\/v2\/pages\/242\/revisions\/243"}],"wp:featuredmedia":[{"embeddable":true,"href":"https:\/\/veeohutus.ee\/talv\/wp-json\/wp\/v2\/media\/31"}],"wp:attachment":[{"href":"https:\/\/veeohutus.ee\/talv\/wp-json\/wp\/v2\/media?parent=242"}],"curies":[{"name":"wp","href":"https:\/\/api.w.org\/{rel}","templated":true}]}}