{"id":244,"date":"2018-10-19T11:45:01","date_gmt":"2018-10-19T11:45:01","guid":{"rendered":"https:\/\/veeohutus.ee\/talv\/?page_id=244"},"modified":"2019-11-25T14:11:17","modified_gmt":"2019-11-25T14:11:17","slug":"kalamehele-vajalik-varustus","status":"publish","type":"page","link":"https:\/\/veeohutus.ee\/talv\/kalamehele-vajalik-varustus\/","title":{"rendered":"Kalamehele vajalik varustus"},"content":{"rendered":"<ul>\n<li><strong>Vile<\/strong> &#8211; vile kostub inimese h\u00e4\u00e4lest palju kaugemale ning selle puhumisel kulub h\u00fc\u00fcdmisest palju v\u00e4hem energiat.<\/li>\n<li><strong>\u00c4ra kanna kummikuid<\/strong>, sest neid ei saa sa vette kukkudes jalast \u00e4ra. Samuti on nendega raske j\u00e4\u00e4august v\u00e4lja ronida.<\/li>\n<li><strong>Mobiiltelefon<\/strong> \u2013 telefon paki kindlasti veekindlasse kotti.<\/li>\n<\/ul>\n<img loading=\"lazy\" decoding=\"async\" class=\"aligncenter wp-image-664\" src=\"https:\/\/veeohutus.ee\/talv\/wp-content\/uploads\/sites\/3\/2018\/10\/mobiil-195x300.jpg\" alt=\"mobiil\" width=\"150\" height=\"231\" srcset=\"https:\/\/veeohutus.ee\/talv\/wp-content\/uploads\/sites\/3\/2018\/10\/mobiil-195x300.jpg 195w, https:\/\/veeohutus.ee\/talv\/wp-content\/uploads\/sites\/3\/2018\/10\/mobiil.jpg 362w\" sizes=\"auto, (max-width: 150px) 100vw, 150px\" \/>\n<ul>\n<li><strong>J\u00e4\u00e4naasklid<\/strong> &#8211; j\u00e4\u00e4naasklid tuleb panna kaela, k\u00f5ige pealmise riietuse peale, et neid vajadusel takistuseta k\u00e4tte saaks. J\u00e4\u00e4naasklid on m\u00f5eldud abivahendina j\u00e4\u00e4august v\u00e4lja ronimiseks;<\/li>\n<li><strong>P\u00e4\u00e4stevest<img loading=\"lazy\" decoding=\"async\" class=\"alignright wp-image-661 size-medium\" src=\"https:\/\/veeohutus.ee\/talv\/wp-content\/uploads\/sites\/3\/2018\/10\/kalamees-247x300.jpg\" alt=\"kalamees\" width=\"247\" height=\"300\" srcset=\"https:\/\/veeohutus.ee\/talv\/wp-content\/uploads\/sites\/3\/2018\/10\/kalamees-247x300.jpg 247w, https:\/\/veeohutus.ee\/talv\/wp-content\/uploads\/sites\/3\/2018\/10\/kalamees-768x934.jpg 768w, https:\/\/veeohutus.ee\/talv\/wp-content\/uploads\/sites\/3\/2018\/10\/kalamees-842x1024.jpg 842w\" sizes=\"auto, (max-width: 247px) 100vw, 247px\" \/><\/strong><\/li>\n<li><strong>Seljakott kuivade vahetusriietega<\/strong> \u2013 Kui ei ole kaasas p\u00e4\u00e4stevesti, aitab seljakott, milles on veekindel kilekott riietega, teid vee peal hoida.<\/li>\n<li><strong>Tugev pikk n\u00f6\u00f6r<\/strong><\/li>\n<li><strong>J\u00e4\u00e4kepp<\/strong> \u2013 umbes 2 meetri pikkuse puust kepi abil saab kontrollida j\u00e4\u00e4 tugevust, l\u00e4bi j\u00e4\u00e4 vajudes saab seda ulatada abivajajale ja \u00fcksi j\u00e4\u00e4l olles sellele toetuda.<\/li>\n<li><strong>S\u00f5ber<\/strong> \u2013 \u00e4ra mine j\u00e4\u00e4le \u00fcksi, v\u00f5ta s\u00f5ber kaasa.<\/li>\n<\/ul>\n","protected":false},"excerpt":{"rendered":"<p>Vile &#8211; vile kostub inimese h\u00e4\u00e4lest palju kaugemale ning selle puhumisel kulub h\u00fc\u00fcdmisest palju v\u00e4hem energiat. \u00c4ra kanna kummikuid, sest neid ei saa sa vette kukkudes jalast \u00e4ra. Samuti on nendega raske j\u00e4\u00e4august v\u00e4lja ronida. Mobiiltelefon \u2013 telefon paki kindlasti veekindlasse kotti. J\u00e4\u00e4naasklid &#8211; j\u00e4\u00e4naasklid tuleb panna kaela, k\u00f5ige pealmise riietuse peale, et neid vajadusel&#8230;  <a class=\"excerpt-read-more\" href=\"https:\/\/veeohutus.ee\/talv\/kalamehele-vajalik-varustus\/\" title=\"Read Kalamehele vajalik varustus\">Read more<\/a><\/p>\n","protected":false},"author":2,"featured_media":224,"parent":0,"menu_order":0,"comment_status":"closed","ping_status":"closed","template":"","meta":{"_acf_changed":false,"footnotes":""},"class_list":["post-244","page","type-page","status-publish","has-post-thumbnail","hentry"],"acf":[],"yoast_head":"<!-- This site is optimized with the Yoast SEO plugin v26.7 - https:\/\/yoast.com\/wordpress\/plugins\/seo\/ -->\n<title>Kalamehele vajalik varustus - Veeohutus - Talv<\/title>\n<meta name=\"description\" content=\"Kalamees peaks j\u00e4\u00e4le minnes esmalt veenduma, et j\u00e4\u00e4 on inimese kandmiseks piisavalt tugev. Loe, mis peale j\u00e4\u00e4naasklite peavad veel kalamehel kaasas olema.\" \/>\n<meta name=\"robots\" content=\"index, follow, max-snippet:-1, max-image-preview:large, max-video-preview:-1\" \/>\n<link rel=\"canonical\" href=\"https:\/\/veeohutus.ee\/talv\/kalamehele-vajalik-varustus\/\" \/>\n<meta property=\"og:locale\" content=\"et_EE\" \/>\n<meta property=\"og:type\" content=\"article\" \/>\n<meta property=\"og:title\" content=\"Kalamehele vajalik varustus - Veeohutus - Talv\" \/>\n<meta property=\"og:description\" content=\"Kalamees peaks j\u00e4\u00e4le minnes esmalt veenduma, et j\u00e4\u00e4 on inimese kandmiseks piisavalt tugev. Loe, mis peale j\u00e4\u00e4naasklite peavad veel kalamehel kaasas olema.\" \/>\n<meta property=\"og:url\" content=\"https:\/\/veeohutus.ee\/talv\/kalamehele-vajalik-varustus\/\" \/>\n<meta property=\"og:site_name\" content=\"Veeohutus - Talv\" \/>\n<meta property=\"article:modified_time\" content=\"2019-11-25T14:11:17+00:00\" \/>\n<meta property=\"og:image\" content=\"https:\/\/veeohutus.ee\/talv\/wp-content\/uploads\/sites\/3\/2018\/10\/varustus.jpg\" \/>\n\t<meta property=\"og:image:width\" content=\"3982\" \/>\n\t<meta property=\"og:image:height\" content=\"1930\" \/>\n\t<meta property=\"og:image:type\" content=\"image\/jpeg\" \/>\n<meta name=\"twitter:card\" content=\"summary_large_image\" \/>\n<meta name=\"twitter:label1\" content=\"Est. reading time\" \/>\n\t<meta name=\"twitter:data1\" content=\"1 minut\" \/>\n<script type=\"application\/ld+json\" class=\"yoast-schema-graph\">{\"@context\":\"https:\/\/schema.org\",\"@graph\":[{\"@type\":\"WebPage\",\"@id\":\"https:\/\/veeohutus.ee\/talv\/kalamehele-vajalik-varustus\/\",\"url\":\"https:\/\/veeohutus.ee\/talv\/kalamehele-vajalik-varustus\/\",\"name\":\"Kalamehele vajalik varustus - Veeohutus - Talv\",\"isPartOf\":{\"@id\":\"https:\/\/veeohutus.ee\/talv\/#website\"},\"primaryImageOfPage\":{\"@id\":\"https:\/\/veeohutus.ee\/talv\/kalamehele-vajalik-varustus\/#primaryimage\"},\"image\":{\"@id\":\"https:\/\/veeohutus.ee\/talv\/kalamehele-vajalik-varustus\/#primaryimage\"},\"thumbnailUrl\":\"https:\/\/veeohutus.ee\/talv\/wp-content\/uploads\/sites\/3\/2018\/10\/varustus.jpg\",\"datePublished\":\"2018-10-19T11:45:01+00:00\",\"dateModified\":\"2019-11-25T14:11:17+00:00\",\"description\":\"Kalamees peaks j\u00e4\u00e4le minnes esmalt veenduma, et j\u00e4\u00e4 on inimese kandmiseks piisavalt tugev. Loe, mis peale j\u00e4\u00e4naasklite peavad veel kalamehel kaasas olema.\",\"breadcrumb\":{\"@id\":\"https:\/\/veeohutus.ee\/talv\/kalamehele-vajalik-varustus\/#breadcrumb\"},\"inLanguage\":\"et\",\"potentialAction\":[{\"@type\":\"ReadAction\",\"target\":[\"https:\/\/veeohutus.ee\/talv\/kalamehele-vajalik-varustus\/\"]}]},{\"@type\":\"ImageObject\",\"inLanguage\":\"et\",\"@id\":\"https:\/\/veeohutus.ee\/talv\/kalamehele-vajalik-varustus\/#primaryimage\",\"url\":\"https:\/\/veeohutus.ee\/talv\/wp-content\/uploads\/sites\/3\/2018\/10\/varustus.jpg\",\"contentUrl\":\"https:\/\/veeohutus.ee\/talv\/wp-content\/uploads\/sites\/3\/2018\/10\/varustus.jpg\",\"width\":3982,\"height\":1930},{\"@type\":\"BreadcrumbList\",\"@id\":\"https:\/\/veeohutus.ee\/talv\/kalamehele-vajalik-varustus\/#breadcrumb\",\"itemListElement\":[{\"@type\":\"ListItem\",\"position\":1,\"name\":\"Home\",\"item\":\"https:\/\/veeohutus.ee\/talv\/\"},{\"@type\":\"ListItem\",\"position\":2,\"name\":\"Kalamehele vajalik varustus\"}]},{\"@type\":\"WebSite\",\"@id\":\"https:\/\/veeohutus.ee\/talv\/#website\",\"url\":\"https:\/\/veeohutus.ee\/talv\/\",\"name\":\"Veeohutus - Talv\",\"description\":\"Just another P\u00e4\u00e4steamet - Veeohutus site\",\"potentialAction\":[{\"@type\":\"SearchAction\",\"target\":{\"@type\":\"EntryPoint\",\"urlTemplate\":\"https:\/\/veeohutus.ee\/talv\/?s={search_term_string}\"},\"query-input\":{\"@type\":\"PropertyValueSpecification\",\"valueRequired\":true,\"valueName\":\"search_term_string\"}}],\"inLanguage\":\"et\"}]}<\/script>\n<!-- \/ Yoast SEO plugin. -->","yoast_head_json":{"title":"Kalamehele vajalik varustus - Veeohutus - Talv","description":"Kalamees peaks j\u00e4\u00e4le minnes esmalt veenduma, et j\u00e4\u00e4 on inimese kandmiseks piisavalt tugev. Loe, mis peale j\u00e4\u00e4naasklite peavad veel kalamehel kaasas olema.","robots":{"index":"index","follow":"follow","max-snippet":"max-snippet:-1","max-image-preview":"max-image-preview:large","max-video-preview":"max-video-preview:-1"},"canonical":"https:\/\/veeohutus.ee\/talv\/kalamehele-vajalik-varustus\/","og_locale":"et_EE","og_type":"article","og_title":"Kalamehele vajalik varustus - Veeohutus - Talv","og_description":"Kalamees peaks j\u00e4\u00e4le minnes esmalt veenduma, et j\u00e4\u00e4 on inimese kandmiseks piisavalt tugev. Loe, mis peale j\u00e4\u00e4naasklite peavad veel kalamehel kaasas olema.","og_url":"https:\/\/veeohutus.ee\/talv\/kalamehele-vajalik-varustus\/","og_site_name":"Veeohutus - Talv","article_modified_time":"2019-11-25T14:11:17+00:00","og_image":[{"width":3982,"height":1930,"url":"https:\/\/veeohutus.ee\/talv\/wp-content\/uploads\/sites\/3\/2018\/10\/varustus.jpg","type":"image\/jpeg"}],"twitter_card":"summary_large_image","twitter_misc":{"Est. reading time":"1 minut"},"schema":{"@context":"https:\/\/schema.org","@graph":[{"@type":"WebPage","@id":"https:\/\/veeohutus.ee\/talv\/kalamehele-vajalik-varustus\/","url":"https:\/\/veeohutus.ee\/talv\/kalamehele-vajalik-varustus\/","name":"Kalamehele vajalik varustus - Veeohutus - Talv","isPartOf":{"@id":"https:\/\/veeohutus.ee\/talv\/#website"},"primaryImageOfPage":{"@id":"https:\/\/veeohutus.ee\/talv\/kalamehele-vajalik-varustus\/#primaryimage"},"image":{"@id":"https:\/\/veeohutus.ee\/talv\/kalamehele-vajalik-varustus\/#primaryimage"},"thumbnailUrl":"https:\/\/veeohutus.ee\/talv\/wp-content\/uploads\/sites\/3\/2018\/10\/varustus.jpg","datePublished":"2018-10-19T11:45:01+00:00","dateModified":"2019-11-25T14:11:17+00:00","description":"Kalamees peaks j\u00e4\u00e4le minnes esmalt veenduma, et j\u00e4\u00e4 on inimese kandmiseks piisavalt tugev. Loe, mis peale j\u00e4\u00e4naasklite peavad veel kalamehel kaasas olema.","breadcrumb":{"@id":"https:\/\/veeohutus.ee\/talv\/kalamehele-vajalik-varustus\/#breadcrumb"},"inLanguage":"et","potentialAction":[{"@type":"ReadAction","target":["https:\/\/veeohutus.ee\/talv\/kalamehele-vajalik-varustus\/"]}]},{"@type":"ImageObject","inLanguage":"et","@id":"https:\/\/veeohutus.ee\/talv\/kalamehele-vajalik-varustus\/#primaryimage","url":"https:\/\/veeohutus.ee\/talv\/wp-content\/uploads\/sites\/3\/2018\/10\/varustus.jpg","contentUrl":"https:\/\/veeohutus.ee\/talv\/wp-content\/uploads\/sites\/3\/2018\/10\/varustus.jpg","width":3982,"height":1930},{"@type":"BreadcrumbList","@id":"https:\/\/veeohutus.ee\/talv\/kalamehele-vajalik-varustus\/#breadcrumb","itemListElement":[{"@type":"ListItem","position":1,"name":"Home","item":"https:\/\/veeohutus.ee\/talv\/"},{"@type":"ListItem","position":2,"name":"Kalamehele vajalik varustus"}]},{"@type":"WebSite","@id":"https:\/\/veeohutus.ee\/talv\/#website","url":"https:\/\/veeohutus.ee\/talv\/","name":"Veeohutus - Talv","description":"Just another P\u00e4\u00e4steamet - Veeohutus site","potentialAction":[{"@type":"SearchAction","target":{"@type":"EntryPoint","urlTemplate":"https:\/\/veeohutus.ee\/talv\/?s={search_term_string}"},"query-input":{"@type":"PropertyValueSpecification","valueRequired":true,"valueName":"search_term_string"}}],"inLanguage":"et"}]}},"_links":{"self":[{"href":"https:\/\/veeohutus.ee\/talv\/wp-json\/wp\/v2\/pages\/244","targetHints":{"allow":["GET"]}}],"collection":[{"href":"https:\/\/veeohutus.ee\/talv\/wp-json\/wp\/v2\/pages"}],"about":[{"href":"https:\/\/veeohutus.ee\/talv\/wp-json\/wp\/v2\/types\/page"}],"author":[{"embeddable":true,"href":"https:\/\/veeohutus.ee\/talv\/wp-json\/wp\/v2\/users\/2"}],"replies":[{"embeddable":true,"href":"https:\/\/veeohutus.ee\/talv\/wp-json\/wp\/v2\/comments?post=244"}],"version-history":[{"count":6,"href":"https:\/\/veeohutus.ee\/talv\/wp-json\/wp\/v2\/pages\/244\/revisions"}],"predecessor-version":[{"id":687,"href":"https:\/\/veeohutus.ee\/talv\/wp-json\/wp\/v2\/pages\/244\/revisions\/687"}],"wp:featuredmedia":[{"embeddable":true,"href":"https:\/\/veeohutus.ee\/talv\/wp-json\/wp\/v2\/media\/224"}],"wp:attachment":[{"href":"https:\/\/veeohutus.ee\/talv\/wp-json\/wp\/v2\/media?parent=244"}],"curies":[{"name":"wp","href":"https:\/\/api.w.org\/{rel}","templated":true}]}}