{"id":248,"date":"2018-10-19T11:56:41","date_gmt":"2018-10-19T11:56:41","guid":{"rendered":"https:\/\/veeohutus.ee\/talv\/?page_id=248"},"modified":"2018-10-19T12:06:40","modified_gmt":"2018-10-19T12:06:40","slug":"lastele","status":"publish","type":"page","link":"https:\/\/veeohutus.ee\/talv\/lastele\/","title":{"rendered":"Lastele"},"content":{"rendered":"<p>Lastel tuleb veekogude juures silm peal hoida ja kindlasti keelata neil j\u00e4\u00e4le mineku, sest <strong>lapsed ei oska veel iseseisvalt k\u00f5iki ohte tunnetada<\/strong>.<br \/>\nVaata videot koos lapsega ja v\u00e4rvige \u00fcks tore pilt.<\/p>\n<p><iframe loading=\"lazy\" width=\"680\" height=\"510\" src=\"https:\/\/www.youtube.com\/embed\/WsYeNiMHZf4?feature=oembed\" frameborder=\"0\" allow=\"autoplay; encrypted-media\" allowfullscreen><\/iframe><\/p>\n<p>Pildi allalaadimiseks vajuta siia: <span style=\"text-decoration: underline;\"><a href=\"https:\/\/e-koolikott.ee\/material?id=7233\">Talvine j\u00e4\u00e4ohutus lastele<\/a><\/span><\/p>\n<p>&nbsp;<\/p>\n","protected":false},"excerpt":{"rendered":"<p>Lastel tuleb veekogude juures silm peal hoida ja kindlasti keelata neil j\u00e4\u00e4le mineku, sest lapsed ei oska veel iseseisvalt k\u00f5iki ohte tunnetada. Vaata videot koos lapsega ja v\u00e4rvige \u00fcks tore pilt. Pildi allalaadimiseks vajuta siia: Talvine j\u00e4\u00e4ohutus lastele &nbsp;<\/p>\n","protected":false},"author":2,"featured_media":91,"parent":0,"menu_order":0,"comment_status":"closed","ping_status":"closed","template":"","meta":{"_acf_changed":false,"footnotes":""},"class_list":["post-248","page","type-page","status-publish","has-post-thumbnail","hentry"],"acf":[],"yoast_head":"<!-- This site is optimized with the Yoast SEO plugin v26.7 - https:\/\/yoast.com\/wordpress\/plugins\/seo\/ -->\n<title>Lastele - Veeohutus - Talv<\/title>\n<meta name=\"robots\" content=\"index, follow, max-snippet:-1, max-image-preview:large, max-video-preview:-1\" \/>\n<link rel=\"canonical\" href=\"https:\/\/veeohutus.ee\/talv\/lastele\/\" \/>\n<meta property=\"og:locale\" content=\"et_EE\" \/>\n<meta property=\"og:type\" content=\"article\" \/>\n<meta property=\"og:title\" content=\"Lastele - Veeohutus - Talv\" \/>\n<meta property=\"og:description\" content=\"Lastel tuleb veekogude juures silm peal hoida ja kindlasti keelata neil j\u00e4\u00e4le mineku, sest lapsed ei oska veel iseseisvalt k\u00f5iki ohte tunnetada. Vaata videot koos lapsega ja v\u00e4rvige \u00fcks tore pilt. Pildi allalaadimiseks vajuta siia: Talvine j\u00e4\u00e4ohutus lastele &nbsp;\" \/>\n<meta property=\"og:url\" content=\"https:\/\/veeohutus.ee\/talv\/lastele\/\" \/>\n<meta property=\"og:site_name\" content=\"Veeohutus - Talv\" \/>\n<meta property=\"article:modified_time\" content=\"2018-10-19T12:06:40+00:00\" \/>\n<meta property=\"og:image\" content=\"https:\/\/veeohutus.ee\/talv\/wp-content\/uploads\/sites\/3\/2018\/10\/snow-1551741_960_720.jpg\" \/>\n\t<meta property=\"og:image:width\" content=\"960\" \/>\n\t<meta property=\"og:image:height\" content=\"637\" \/>\n\t<meta property=\"og:image:type\" content=\"image\/jpeg\" \/>\n<meta name=\"twitter:card\" content=\"summary_large_image\" \/>\n<script type=\"application\/ld+json\" class=\"yoast-schema-graph\">{\"@context\":\"https:\/\/schema.org\",\"@graph\":[{\"@type\":\"WebPage\",\"@id\":\"https:\/\/veeohutus.ee\/talv\/lastele\/\",\"url\":\"https:\/\/veeohutus.ee\/talv\/lastele\/\",\"name\":\"Lastele - Veeohutus - Talv\",\"isPartOf\":{\"@id\":\"https:\/\/veeohutus.ee\/talv\/#website\"},\"primaryImageOfPage\":{\"@id\":\"https:\/\/veeohutus.ee\/talv\/lastele\/#primaryimage\"},\"image\":{\"@id\":\"https:\/\/veeohutus.ee\/talv\/lastele\/#primaryimage\"},\"thumbnailUrl\":\"https:\/\/veeohutus.ee\/talv\/wp-content\/uploads\/sites\/3\/2018\/10\/snow-1551741_960_720.jpg\",\"datePublished\":\"2018-10-19T11:56:41+00:00\",\"dateModified\":\"2018-10-19T12:06:40+00:00\",\"breadcrumb\":{\"@id\":\"https:\/\/veeohutus.ee\/talv\/lastele\/#breadcrumb\"},\"inLanguage\":\"et\",\"potentialAction\":[{\"@type\":\"ReadAction\",\"target\":[\"https:\/\/veeohutus.ee\/talv\/lastele\/\"]}]},{\"@type\":\"ImageObject\",\"inLanguage\":\"et\",\"@id\":\"https:\/\/veeohutus.ee\/talv\/lastele\/#primaryimage\",\"url\":\"https:\/\/veeohutus.ee\/talv\/wp-content\/uploads\/sites\/3\/2018\/10\/snow-1551741_960_720.jpg\",\"contentUrl\":\"https:\/\/veeohutus.ee\/talv\/wp-content\/uploads\/sites\/3\/2018\/10\/snow-1551741_960_720.jpg\",\"width\":960,\"height\":637},{\"@type\":\"BreadcrumbList\",\"@id\":\"https:\/\/veeohutus.ee\/talv\/lastele\/#breadcrumb\",\"itemListElement\":[{\"@type\":\"ListItem\",\"position\":1,\"name\":\"Home\",\"item\":\"https:\/\/veeohutus.ee\/talv\/\"},{\"@type\":\"ListItem\",\"position\":2,\"name\":\"Lastele\"}]},{\"@type\":\"WebSite\",\"@id\":\"https:\/\/veeohutus.ee\/talv\/#website\",\"url\":\"https:\/\/veeohutus.ee\/talv\/\",\"name\":\"Veeohutus - Talv\",\"description\":\"Just another P\u00e4\u00e4steamet - Veeohutus site\",\"potentialAction\":[{\"@type\":\"SearchAction\",\"target\":{\"@type\":\"EntryPoint\",\"urlTemplate\":\"https:\/\/veeohutus.ee\/talv\/?s={search_term_string}\"},\"query-input\":{\"@type\":\"PropertyValueSpecification\",\"valueRequired\":true,\"valueName\":\"search_term_string\"}}],\"inLanguage\":\"et\"}]}<\/script>\n<!-- \/ Yoast SEO plugin. -->","yoast_head_json":{"title":"Lastele - Veeohutus - Talv","robots":{"index":"index","follow":"follow","max-snippet":"max-snippet:-1","max-image-preview":"max-image-preview:large","max-video-preview":"max-video-preview:-1"},"canonical":"https:\/\/veeohutus.ee\/talv\/lastele\/","og_locale":"et_EE","og_type":"article","og_title":"Lastele - Veeohutus - Talv","og_description":"Lastel tuleb veekogude juures silm peal hoida ja kindlasti keelata neil j\u00e4\u00e4le mineku, sest lapsed ei oska veel iseseisvalt k\u00f5iki ohte tunnetada. Vaata videot koos lapsega ja v\u00e4rvige \u00fcks tore pilt. Pildi allalaadimiseks vajuta siia: Talvine j\u00e4\u00e4ohutus lastele &nbsp;","og_url":"https:\/\/veeohutus.ee\/talv\/lastele\/","og_site_name":"Veeohutus - Talv","article_modified_time":"2018-10-19T12:06:40+00:00","og_image":[{"width":960,"height":637,"url":"https:\/\/veeohutus.ee\/talv\/wp-content\/uploads\/sites\/3\/2018\/10\/snow-1551741_960_720.jpg","type":"image\/jpeg"}],"twitter_card":"summary_large_image","schema":{"@context":"https:\/\/schema.org","@graph":[{"@type":"WebPage","@id":"https:\/\/veeohutus.ee\/talv\/lastele\/","url":"https:\/\/veeohutus.ee\/talv\/lastele\/","name":"Lastele - Veeohutus - Talv","isPartOf":{"@id":"https:\/\/veeohutus.ee\/talv\/#website"},"primaryImageOfPage":{"@id":"https:\/\/veeohutus.ee\/talv\/lastele\/#primaryimage"},"image":{"@id":"https:\/\/veeohutus.ee\/talv\/lastele\/#primaryimage"},"thumbnailUrl":"https:\/\/veeohutus.ee\/talv\/wp-content\/uploads\/sites\/3\/2018\/10\/snow-1551741_960_720.jpg","datePublished":"2018-10-19T11:56:41+00:00","dateModified":"2018-10-19T12:06:40+00:00","breadcrumb":{"@id":"https:\/\/veeohutus.ee\/talv\/lastele\/#breadcrumb"},"inLanguage":"et","potentialAction":[{"@type":"ReadAction","target":["https:\/\/veeohutus.ee\/talv\/lastele\/"]}]},{"@type":"ImageObject","inLanguage":"et","@id":"https:\/\/veeohutus.ee\/talv\/lastele\/#primaryimage","url":"https:\/\/veeohutus.ee\/talv\/wp-content\/uploads\/sites\/3\/2018\/10\/snow-1551741_960_720.jpg","contentUrl":"https:\/\/veeohutus.ee\/talv\/wp-content\/uploads\/sites\/3\/2018\/10\/snow-1551741_960_720.jpg","width":960,"height":637},{"@type":"BreadcrumbList","@id":"https:\/\/veeohutus.ee\/talv\/lastele\/#breadcrumb","itemListElement":[{"@type":"ListItem","position":1,"name":"Home","item":"https:\/\/veeohutus.ee\/talv\/"},{"@type":"ListItem","position":2,"name":"Lastele"}]},{"@type":"WebSite","@id":"https:\/\/veeohutus.ee\/talv\/#website","url":"https:\/\/veeohutus.ee\/talv\/","name":"Veeohutus - Talv","description":"Just another P\u00e4\u00e4steamet - Veeohutus site","potentialAction":[{"@type":"SearchAction","target":{"@type":"EntryPoint","urlTemplate":"https:\/\/veeohutus.ee\/talv\/?s={search_term_string}"},"query-input":{"@type":"PropertyValueSpecification","valueRequired":true,"valueName":"search_term_string"}}],"inLanguage":"et"}]}},"_links":{"self":[{"href":"https:\/\/veeohutus.ee\/talv\/wp-json\/wp\/v2\/pages\/248","targetHints":{"allow":["GET"]}}],"collection":[{"href":"https:\/\/veeohutus.ee\/talv\/wp-json\/wp\/v2\/pages"}],"about":[{"href":"https:\/\/veeohutus.ee\/talv\/wp-json\/wp\/v2\/types\/page"}],"author":[{"embeddable":true,"href":"https:\/\/veeohutus.ee\/talv\/wp-json\/wp\/v2\/users\/2"}],"replies":[{"embeddable":true,"href":"https:\/\/veeohutus.ee\/talv\/wp-json\/wp\/v2\/comments?post=248"}],"version-history":[{"count":3,"href":"https:\/\/veeohutus.ee\/talv\/wp-json\/wp\/v2\/pages\/248\/revisions"}],"predecessor-version":[{"id":250,"href":"https:\/\/veeohutus.ee\/talv\/wp-json\/wp\/v2\/pages\/248\/revisions\/250"}],"wp:featuredmedia":[{"embeddable":true,"href":"https:\/\/veeohutus.ee\/talv\/wp-json\/wp\/v2\/media\/91"}],"wp:attachment":[{"href":"https:\/\/veeohutus.ee\/talv\/wp-json\/wp\/v2\/media?parent=248"}],"curies":[{"name":"wp","href":"https:\/\/api.w.org\/{rel}","templated":true}]}}