{"id":420,"date":"2018-10-24T07:20:22","date_gmt":"2018-10-24T07:20:22","guid":{"rendered":"https:\/\/veeohutus.ee\/talv\/?page_id=420"},"modified":"2019-11-25T09:24:34","modified_gmt":"2019-11-25T09:24:34","slug":"jaal-liikujale-vajalik-varustus","status":"publish","type":"page","link":"https:\/\/veeohutus.ee\/talv\/jaal-liikujale-vajalik-varustus\/","title":{"rendered":"J\u00e4\u00e4l liikujale vajalik varustus"},"content":{"rendered":"<h1>J\u00e4\u00e4l liikumiseks vajalik varustus matkajale ja sportijale<\/h1>\n<ul>\n<li>J\u00e4\u00e4naasklid ja vile. Pane naasklid kaela, k\u00f5ige pealmise riietuse peale, et need vajadusel takistuseta k\u00e4tte saaks;<img loading=\"lazy\" decoding=\"async\" class=\"wp-image-658 size-medium alignright\" src=\"https:\/\/veeohutus.ee\/talv\/wp-content\/uploads\/sites\/3\/2018\/10\/jaanaasklid-171x300.jpg\" alt=\"jaanaasklid\" width=\"171\" height=\"300\" srcset=\"https:\/\/veeohutus.ee\/talv\/wp-content\/uploads\/sites\/3\/2018\/10\/jaanaasklid-171x300.jpg 171w, https:\/\/veeohutus.ee\/talv\/wp-content\/uploads\/sites\/3\/2018\/10\/jaanaasklid.jpg 576w\" sizes=\"auto, (max-width: 171px) 100vw, 171px\" \/><\/li>\n<li>Laetud mobiiltelefon veekindlas kotis;<\/li>\n<li>Mitmekihiline heledav\u00e4rviline riietus;<\/li>\n<li>Head kerged matkasaapad;<\/li>\n<li>Kuivad vahetusriided. Pane vahetusriided veekindlasse kotti.<\/li>\n<li>V\u00f5ta s\u00f5ber kaasa, nii on abik\u00e4si alati l\u00e4hedal.<\/li>\n<\/ul>\n<img loading=\"lazy\" decoding=\"async\" class=\"aligncenter size-full wp-image-679\" src=\"https:\/\/veeohutus.ee\/talv\/wp-content\/uploads\/sites\/3\/2018\/10\/matkaja.jpg\" alt=\"matkaja\" width=\"1498\" height=\"1003\" srcset=\"https:\/\/veeohutus.ee\/talv\/wp-content\/uploads\/sites\/3\/2018\/10\/matkaja.jpg 1498w, https:\/\/veeohutus.ee\/talv\/wp-content\/uploads\/sites\/3\/2018\/10\/matkaja-300x201.jpg 300w, https:\/\/veeohutus.ee\/talv\/wp-content\/uploads\/sites\/3\/2018\/10\/matkaja-768x514.jpg 768w, https:\/\/veeohutus.ee\/talv\/wp-content\/uploads\/sites\/3\/2018\/10\/matkaja-1024x686.jpg 1024w\" sizes=\"auto, (max-width: 1498px) 100vw, 1498px\" \/>\n<p>&nbsp;<\/p>\n","protected":false},"excerpt":{"rendered":"<p>J\u00e4\u00e4l liikumiseks vajalik varustus matkajale ja sportijale J\u00e4\u00e4naasklid ja vile. Pane naasklid kaela, k\u00f5ige pealmise riietuse peale, et need vajadusel takistuseta k\u00e4tte saaks; Laetud mobiiltelefon veekindlas kotis; Mitmekihiline heledav\u00e4rviline riietus; Head kerged matkasaapad; Kuivad vahetusriided. Pane vahetusriided veekindlasse kotti. V\u00f5ta s\u00f5ber kaasa, nii on abik\u00e4si alati l\u00e4hedal. &nbsp;<\/p>\n","protected":false},"author":2,"featured_media":85,"parent":0,"menu_order":0,"comment_status":"closed","ping_status":"closed","template":"","meta":{"_acf_changed":false,"footnotes":""},"class_list":["post-420","page","type-page","status-publish","has-post-thumbnail","hentry"],"acf":[],"yoast_head":"<!-- This site is optimized with the Yoast SEO plugin v26.7 - https:\/\/yoast.com\/wordpress\/plugins\/seo\/ -->\n<title>J\u00e4\u00e4l liikujale vajalik varustus - Veeohutus - Talv<\/title>\n<meta name=\"description\" content=\"Uisutajale ja matjakale vajalik varustus. J\u00e4\u00e4le minnes v\u00f5ta kaasa j\u00e4\u00e4naasklid ja vile. Kontrolli j\u00e4\u00e4olusid kaardirakenduselt.\" \/>\n<meta name=\"robots\" content=\"index, follow, max-snippet:-1, max-image-preview:large, max-video-preview:-1\" \/>\n<link rel=\"canonical\" href=\"https:\/\/veeohutus.ee\/talv\/jaal-liikujale-vajalik-varustus\/\" \/>\n<meta property=\"og:locale\" content=\"et_EE\" \/>\n<meta property=\"og:type\" content=\"article\" \/>\n<meta property=\"og:title\" content=\"J\u00e4\u00e4l liikujale vajalik varustus - Veeohutus - Talv\" \/>\n<meta property=\"og:description\" content=\"Uisutajale ja matjakale vajalik varustus. J\u00e4\u00e4le minnes v\u00f5ta kaasa j\u00e4\u00e4naasklid ja vile. Kontrolli j\u00e4\u00e4olusid kaardirakenduselt.\" \/>\n<meta property=\"og:url\" content=\"https:\/\/veeohutus.ee\/talv\/jaal-liikujale-vajalik-varustus\/\" \/>\n<meta property=\"og:site_name\" content=\"Veeohutus - Talv\" \/>\n<meta property=\"article:modified_time\" content=\"2019-11-25T09:24:34+00:00\" \/>\n<meta property=\"og:image\" content=\"https:\/\/veeohutus.ee\/talv\/wp-content\/uploads\/sites\/3\/2018\/10\/snow-1148359_960_720.jpg\" \/>\n\t<meta property=\"og:image:width\" content=\"960\" \/>\n\t<meta property=\"og:image:height\" content=\"640\" \/>\n\t<meta property=\"og:image:type\" content=\"image\/jpeg\" \/>\n<meta name=\"twitter:card\" content=\"summary_large_image\" \/>\n<script type=\"application\/ld+json\" class=\"yoast-schema-graph\">{\"@context\":\"https:\/\/schema.org\",\"@graph\":[{\"@type\":\"WebPage\",\"@id\":\"https:\/\/veeohutus.ee\/talv\/jaal-liikujale-vajalik-varustus\/\",\"url\":\"https:\/\/veeohutus.ee\/talv\/jaal-liikujale-vajalik-varustus\/\",\"name\":\"J\u00e4\u00e4l liikujale vajalik varustus - Veeohutus - Talv\",\"isPartOf\":{\"@id\":\"https:\/\/veeohutus.ee\/talv\/#website\"},\"primaryImageOfPage\":{\"@id\":\"https:\/\/veeohutus.ee\/talv\/jaal-liikujale-vajalik-varustus\/#primaryimage\"},\"image\":{\"@id\":\"https:\/\/veeohutus.ee\/talv\/jaal-liikujale-vajalik-varustus\/#primaryimage\"},\"thumbnailUrl\":\"https:\/\/veeohutus.ee\/talv\/wp-content\/uploads\/sites\/3\/2018\/10\/snow-1148359_960_720.jpg\",\"datePublished\":\"2018-10-24T07:20:22+00:00\",\"dateModified\":\"2019-11-25T09:24:34+00:00\",\"description\":\"Uisutajale ja matjakale vajalik varustus. J\u00e4\u00e4le minnes v\u00f5ta kaasa j\u00e4\u00e4naasklid ja vile. Kontrolli j\u00e4\u00e4olusid kaardirakenduselt.\",\"breadcrumb\":{\"@id\":\"https:\/\/veeohutus.ee\/talv\/jaal-liikujale-vajalik-varustus\/#breadcrumb\"},\"inLanguage\":\"et\",\"potentialAction\":[{\"@type\":\"ReadAction\",\"target\":[\"https:\/\/veeohutus.ee\/talv\/jaal-liikujale-vajalik-varustus\/\"]}]},{\"@type\":\"ImageObject\",\"inLanguage\":\"et\",\"@id\":\"https:\/\/veeohutus.ee\/talv\/jaal-liikujale-vajalik-varustus\/#primaryimage\",\"url\":\"https:\/\/veeohutus.ee\/talv\/wp-content\/uploads\/sites\/3\/2018\/10\/snow-1148359_960_720.jpg\",\"contentUrl\":\"https:\/\/veeohutus.ee\/talv\/wp-content\/uploads\/sites\/3\/2018\/10\/snow-1148359_960_720.jpg\",\"width\":960,\"height\":640},{\"@type\":\"BreadcrumbList\",\"@id\":\"https:\/\/veeohutus.ee\/talv\/jaal-liikujale-vajalik-varustus\/#breadcrumb\",\"itemListElement\":[{\"@type\":\"ListItem\",\"position\":1,\"name\":\"Home\",\"item\":\"https:\/\/veeohutus.ee\/talv\/\"},{\"@type\":\"ListItem\",\"position\":2,\"name\":\"J\u00e4\u00e4l liikujale vajalik varustus\"}]},{\"@type\":\"WebSite\",\"@id\":\"https:\/\/veeohutus.ee\/talv\/#website\",\"url\":\"https:\/\/veeohutus.ee\/talv\/\",\"name\":\"Veeohutus - Talv\",\"description\":\"Just another P\u00e4\u00e4steamet - Veeohutus site\",\"potentialAction\":[{\"@type\":\"SearchAction\",\"target\":{\"@type\":\"EntryPoint\",\"urlTemplate\":\"https:\/\/veeohutus.ee\/talv\/?s={search_term_string}\"},\"query-input\":{\"@type\":\"PropertyValueSpecification\",\"valueRequired\":true,\"valueName\":\"search_term_string\"}}],\"inLanguage\":\"et\"}]}<\/script>\n<!-- \/ Yoast SEO plugin. -->","yoast_head_json":{"title":"J\u00e4\u00e4l liikujale vajalik varustus - Veeohutus - Talv","description":"Uisutajale ja matjakale vajalik varustus. J\u00e4\u00e4le minnes v\u00f5ta kaasa j\u00e4\u00e4naasklid ja vile. Kontrolli j\u00e4\u00e4olusid kaardirakenduselt.","robots":{"index":"index","follow":"follow","max-snippet":"max-snippet:-1","max-image-preview":"max-image-preview:large","max-video-preview":"max-video-preview:-1"},"canonical":"https:\/\/veeohutus.ee\/talv\/jaal-liikujale-vajalik-varustus\/","og_locale":"et_EE","og_type":"article","og_title":"J\u00e4\u00e4l liikujale vajalik varustus - Veeohutus - Talv","og_description":"Uisutajale ja matjakale vajalik varustus. J\u00e4\u00e4le minnes v\u00f5ta kaasa j\u00e4\u00e4naasklid ja vile. Kontrolli j\u00e4\u00e4olusid kaardirakenduselt.","og_url":"https:\/\/veeohutus.ee\/talv\/jaal-liikujale-vajalik-varustus\/","og_site_name":"Veeohutus - Talv","article_modified_time":"2019-11-25T09:24:34+00:00","og_image":[{"width":960,"height":640,"url":"https:\/\/veeohutus.ee\/talv\/wp-content\/uploads\/sites\/3\/2018\/10\/snow-1148359_960_720.jpg","type":"image\/jpeg"}],"twitter_card":"summary_large_image","schema":{"@context":"https:\/\/schema.org","@graph":[{"@type":"WebPage","@id":"https:\/\/veeohutus.ee\/talv\/jaal-liikujale-vajalik-varustus\/","url":"https:\/\/veeohutus.ee\/talv\/jaal-liikujale-vajalik-varustus\/","name":"J\u00e4\u00e4l liikujale vajalik varustus - Veeohutus - Talv","isPartOf":{"@id":"https:\/\/veeohutus.ee\/talv\/#website"},"primaryImageOfPage":{"@id":"https:\/\/veeohutus.ee\/talv\/jaal-liikujale-vajalik-varustus\/#primaryimage"},"image":{"@id":"https:\/\/veeohutus.ee\/talv\/jaal-liikujale-vajalik-varustus\/#primaryimage"},"thumbnailUrl":"https:\/\/veeohutus.ee\/talv\/wp-content\/uploads\/sites\/3\/2018\/10\/snow-1148359_960_720.jpg","datePublished":"2018-10-24T07:20:22+00:00","dateModified":"2019-11-25T09:24:34+00:00","description":"Uisutajale ja matjakale vajalik varustus. J\u00e4\u00e4le minnes v\u00f5ta kaasa j\u00e4\u00e4naasklid ja vile. Kontrolli j\u00e4\u00e4olusid kaardirakenduselt.","breadcrumb":{"@id":"https:\/\/veeohutus.ee\/talv\/jaal-liikujale-vajalik-varustus\/#breadcrumb"},"inLanguage":"et","potentialAction":[{"@type":"ReadAction","target":["https:\/\/veeohutus.ee\/talv\/jaal-liikujale-vajalik-varustus\/"]}]},{"@type":"ImageObject","inLanguage":"et","@id":"https:\/\/veeohutus.ee\/talv\/jaal-liikujale-vajalik-varustus\/#primaryimage","url":"https:\/\/veeohutus.ee\/talv\/wp-content\/uploads\/sites\/3\/2018\/10\/snow-1148359_960_720.jpg","contentUrl":"https:\/\/veeohutus.ee\/talv\/wp-content\/uploads\/sites\/3\/2018\/10\/snow-1148359_960_720.jpg","width":960,"height":640},{"@type":"BreadcrumbList","@id":"https:\/\/veeohutus.ee\/talv\/jaal-liikujale-vajalik-varustus\/#breadcrumb","itemListElement":[{"@type":"ListItem","position":1,"name":"Home","item":"https:\/\/veeohutus.ee\/talv\/"},{"@type":"ListItem","position":2,"name":"J\u00e4\u00e4l liikujale vajalik varustus"}]},{"@type":"WebSite","@id":"https:\/\/veeohutus.ee\/talv\/#website","url":"https:\/\/veeohutus.ee\/talv\/","name":"Veeohutus - Talv","description":"Just another P\u00e4\u00e4steamet - Veeohutus site","potentialAction":[{"@type":"SearchAction","target":{"@type":"EntryPoint","urlTemplate":"https:\/\/veeohutus.ee\/talv\/?s={search_term_string}"},"query-input":{"@type":"PropertyValueSpecification","valueRequired":true,"valueName":"search_term_string"}}],"inLanguage":"et"}]}},"_links":{"self":[{"href":"https:\/\/veeohutus.ee\/talv\/wp-json\/wp\/v2\/pages\/420","targetHints":{"allow":["GET"]}}],"collection":[{"href":"https:\/\/veeohutus.ee\/talv\/wp-json\/wp\/v2\/pages"}],"about":[{"href":"https:\/\/veeohutus.ee\/talv\/wp-json\/wp\/v2\/types\/page"}],"author":[{"embeddable":true,"href":"https:\/\/veeohutus.ee\/talv\/wp-json\/wp\/v2\/users\/2"}],"replies":[{"embeddable":true,"href":"https:\/\/veeohutus.ee\/talv\/wp-json\/wp\/v2\/comments?post=420"}],"version-history":[{"count":8,"href":"https:\/\/veeohutus.ee\/talv\/wp-json\/wp\/v2\/pages\/420\/revisions"}],"predecessor-version":[{"id":767,"href":"https:\/\/veeohutus.ee\/talv\/wp-json\/wp\/v2\/pages\/420\/revisions\/767"}],"wp:featuredmedia":[{"embeddable":true,"href":"https:\/\/veeohutus.ee\/talv\/wp-json\/wp\/v2\/media\/85"}],"wp:attachment":[{"href":"https:\/\/veeohutus.ee\/talv\/wp-json\/wp\/v2\/media?parent=420"}],"curies":[{"name":"wp","href":"https:\/\/api.w.org\/{rel}","templated":true}]}}